{"id":729040,"date":"2025-03-03T16:03:11","date_gmt":"2025-03-03T15:03:11","guid":{"rendered":"https:\/\/stoic-curie.212-227-153-4.plesk.page\/producto\/wc-marin-tecma-breeze-24-v-avec-panneau-de-commande-tout-en-un-sft\/"},"modified":"2026-02-24T23:08:32","modified_gmt":"2026-02-24T23:08:32","slug":"wc-marin-tecma-breeze-24-v-avec-panneau-de-commande-tout-en-un-sft","status":"publish","type":"product","link":"https:\/\/stoic-curie.212-227-153-4.plesk.page\/fr\/product\/wc-marin-tecma-breeze-24-v-avec-panneau-de-commande-tout-en-un-sft\/","title":{"rendered":"WC Tecma Breeze 24v (Panneau SFT tout-en-un)"},"content":{"rendered":"<p>WC Tecma Breeze 24v (Panneau SFT tout-en-un) &#8211; <\/p>\n<p style=\"color: rgb(34, 34, 34); font-family: Arial, Helvetica, sans-serif; font-size: small;\">Nous vous pr\u00e9sentons les toilettes Tecma Breeze 24V avec panneau SFT tout-en-un. Ces toilettes affichent un design contemporain qui met l&#8217;accent sur le confort et les principes ergonomiques. Elles disposent d&#8217;un si\u00e8ge en thermodurcissable avec un m\u00e9canisme de fermeture douce, qui r\u00e9duit efficacement les dommages potentiels et le bruit. De plus, les toilettes sont \u00e9quip\u00e9es d&#8217;un syst\u00e8me de charni\u00e8res \u00e0 d\u00e9montage rapide, ce qui rend le nettoyage et l&#8217;entretien simples. Con\u00e7ues pour l&#8217;efficacit\u00e9, elles garantissent une consommation minimale d&#8217;eau, une faible consommation \u00e9lectrique et des niveaux de bruit r\u00e9duits. Le processus d&#8217;installation et de c\u00e2blage est simple et ne n\u00e9cessite aucun entretien continu.<\/p>\n<p style=\"color: rgb(34, 34, 34); font-family: Arial, Helvetica, sans-serif; font-size: small;\">Ces toilettes peuvent \u00eatre utilis\u00e9es avec deux types de panneaux de contr\u00f4le diff\u00e9rents :<\/p>\n<p style=\"color: rgb(34, 34, 34); font-family: Arial, Helvetica, sans-serif; font-size: small;\"><strong>Panneau SFT Tout-en-Un :<\/strong>\u00a0Ce panneau \u00e0 deux boutons permet d&#8217;ajouter de l&#8217;eau et de tirer la chasse. Il int\u00e8gre la technologie Smart Flush pour garantir une faible consommation et des \u00e9missions sonores r\u00e9duites. De plus, il est \u00e9quip\u00e9 d&#8217;une protection contre le d\u00e9bordement d&#8217;eau et de capacit\u00e9s de surveillance du r\u00e9servoir \u00e0 d\u00e9chets.<\/p>\n<p style=\"color: rgb(34, 34, 34); font-family: Arial, Helvetica, sans-serif; font-size: small;\"><strong>Panneau Tactile SFT :<\/strong>\u00a0Ce panneau sensible au toucher fournit \u00e9galement des commandes pour ajouter de l&#8217;eau et tirer la chasse. Tout comme le panneau tout-en-un, il utilise la technologie Smart Flush pour un fonctionnement efficient et une minimisation sonore. Il dispose d&#8217;une protection contre le d\u00e9bordement d&#8217;eau avec programmation de d\u00e9bit et de surveillance du r\u00e9servoir \u00e0 d\u00e9chets, et peut \u00eatre configur\u00e9 en mode croisi\u00e8re ou en mode d&#8217;accostage.<\/p>\n<p style=\"color: rgb(34, 34, 34); font-family: Arial, Helvetica, sans-serif; font-size: small;\">La collection Breeze, un design innovant de Tecma, se caract\u00e9rise par ses contours lisses et arrondis qui cr\u00e9ent une apparence &#8216;comme \u00e0 la maison&#8217; unique, am\u00e9liorant \u00e0 la fois le confort d&#8217;assise et le soutien ergonomique. Cette collection a \u00e9t\u00e9 soigneusement con\u00e7ue pour s&#8217;adapter \u00e0 la g\u00e9om\u00e9trie des mod\u00e8les Tecma traditionnels, garantissant une mise \u00e0 niveau et une installation en douceur dans les environnements de salle de bain existants.<\/p>\n<p style=\"color: rgb(34, 34, 34); font-family: Arial, Helvetica, sans-serif; font-size: small;\">Les toilettes sont bien \u00e9quilibr\u00e9es et int\u00e8grent un syst\u00e8me de fermeture douce r\u00e9volutionnaire pour le couvercle. Le m\u00e9canisme d&#8217;amortissement contr\u00f4le en douceur la vitesse de fermeture, emp\u00eachant d&#8217;\u00e9ventuels dommages et bruits qui pourraient perturber le confort et le repos d&#8217;un invit\u00e9. Pour l&#8217;inspection ou l&#8217;entretien, le syst\u00e8me unique de charni\u00e8res \u00e0 d\u00e9montage rapide permet un d\u00e9montage rapide et facile.<\/p>\n<p style=\"color: rgb(34, 34, 34); font-family: Arial, Helvetica, sans-serif; font-size: small;\"><strong>Caract\u00e9ristiques cl\u00e9s :<\/strong><\/p>\n<ul style=\"color: rgb(34, 34, 34); font-family: Arial, Helvetica, sans-serif; font-size: small;\">\n<li>Esth\u00e9tique propre et moderne<\/li>\n<li>Fonctionnement exceptionnellement silencieux<\/li>\n<li>Installation rapide et sencilla<\/li>\n<li>Performance fiable<\/li>\n<li>Mat\u00e9riaux de haute qualit\u00e9<\/li>\n<\/ul>\n<p style=\"color: rgb(34, 34, 34); font-family: Arial, Helvetica, sans-serif; font-size: small;\">Les toilettes Tecma Breeze sont \u00e9galement pr\u00e9sentes sur des navires prestigieux de marques telles que Delta Powerboats, Monte Carlo Yachts et Azimut.<\/p>\n<p style=\"color: rgb(34, 34, 34); font-family: Arial, Helvetica, sans-serif; font-size: small;\"><strong>Sp\u00e9cifications :<\/strong><\/p>\n<ul style=\"color: rgb(34, 34, 34); font-family: Arial, Helvetica, sans-serif; font-size: small;\">\n<li>Toilettes en c\u00e9ramique italienne : 27 kg<\/li>\n<li>Bidet : 16 kg<\/li>\n<li>Large gamme de panneaux de contr\u00f4le disponibles<\/li>\n<li>Op\u00e9ration de chasse silencieuse<\/li>\n<li>Faible consommation : 0,5-2,7L \/ 0,1-0,7 gallons par chasse<\/li>\n<li>Bidet int\u00e9gr\u00e9 en option<\/li>\n<li>Fonction de fermeture douce<\/li>\n<\/ul>\n","protected":false},"excerpt":{"rendered":"<p>WC Tecma Breeze 24v (Panneau SFT tout-en-un) &#8211; Nous vous pr\u00e9sentons les toilettes Tecma Breeze 24V avec panneau SFT tout-en-un.<\/p>\n","protected":false},"featured_media":5943764,"comment_status":"open","ping_status":"closed","template":"","meta":[],"product_brand":[3469],"product_cat":[1101],"product_tag":[],"class_list":{"0":"post-729040","1":"product","2":"type-product","3":"status-publish","4":"has-post-thumbnail","6":"product_brand-tecma-fr","7":"product_cat-toilettes-marines","9":"first","10":"instock","11":"shipping-taxable","12":"purchasable","13":"product-type-simple"},"_links":{"self":[{"href":"https:\/\/stoic-curie.212-227-153-4.plesk.page\/fr\/wp-json\/wp\/v2\/product\/729040","targetHints":{"allow":["GET"]}}],"collection":[{"href":"https:\/\/stoic-curie.212-227-153-4.plesk.page\/fr\/wp-json\/wp\/v2\/product"}],"about":[{"href":"https:\/\/stoic-curie.212-227-153-4.plesk.page\/fr\/wp-json\/wp\/v2\/types\/product"}],"replies":[{"embeddable":true,"href":"https:\/\/stoic-curie.212-227-153-4.plesk.page\/fr\/wp-json\/wp\/v2\/comments?post=729040"}],"version-history":[{"count":0,"href":"https:\/\/stoic-curie.212-227-153-4.plesk.page\/fr\/wp-json\/wp\/v2\/product\/729040\/revisions"}],"wp:featuredmedia":[{"embeddable":true,"href":"https:\/\/stoic-curie.212-227-153-4.plesk.page\/fr\/wp-json\/wp\/v2\/media\/5943764"}],"wp:attachment":[{"href":"https:\/\/stoic-curie.212-227-153-4.plesk.page\/fr\/wp-json\/wp\/v2\/media?parent=729040"}],"wp:term":[{"taxonomy":"product_brand","embeddable":true,"href":"https:\/\/stoic-curie.212-227-153-4.plesk.page\/fr\/wp-json\/wp\/v2\/product_brand?post=729040"},{"taxonomy":"product_cat","embeddable":true,"href":"https:\/\/stoic-curie.212-227-153-4.plesk.page\/fr\/wp-json\/wp\/v2\/product_cat?post=729040"},{"taxonomy":"product_tag","embeddable":true,"href":"https:\/\/stoic-curie.212-227-153-4.plesk.page\/fr\/wp-json\/wp\/v2\/product_tag?post=729040"}],"curies":[{"name":"wp","href":"https:\/\/api.w.org\/{rel}","templated":true}]}}