{"id":729044,"date":"2025-03-03T16:03:12","date_gmt":"2025-03-03T15:03:12","guid":{"rendered":"https:\/\/stoic-curie.212-227-153-4.plesk.page\/producto\/spot-a-led-quick-yoko-d-65-mm-3000-k\/"},"modified":"2026-02-24T23:08:32","modified_gmt":"2026-02-24T23:08:32","slug":"spot-a-led-quick-yoko-d-65-mm-3000-k","status":"publish","type":"product","link":"https:\/\/stoic-curie.212-227-153-4.plesk.page\/fr\/product\/spot-a-led-quick-yoko-d-65-mm-3000-k\/","title":{"rendered":"Spot \u00e0 LED Quick Yoko, D\u00a065\u00a0mm, 3000\u00a0K"},"content":{"rendered":"<p>Spot \u00e0 LED Quick Yoko, D\u00a065\u00a0mm, 3000\u00a0K &#8211; <\/p>\n<p>Spot LED encastrable ajustable \u00e0 haute luminosit\u00e9 pour l&#8217;int\u00e9rieur avec un cadre en acier inoxydable. Alimentation universelle 12\/24V &#8211; 1,5W. Protection IP40.<\/p>\n","protected":false},"excerpt":{"rendered":"<p>Spot \u00e0 LED Quick Yoko, D\u00a065\u00a0mm, 3000\u00a0K &#8211; Spot LED encastrable ajustable \u00e0 haute luminosit\u00e9 pour l&#8217;int\u00e9rieur avec un cadre<\/p>\n","protected":false},"featured_media":5943766,"comment_status":"open","ping_status":"closed","template":"","meta":[],"product_brand":[3279],"product_cat":[1165],"product_tag":[],"class_list":{"0":"post-729044","1":"product","2":"type-product","3":"status-publish","4":"has-post-thumbnail","6":"product_brand-quick-fr","7":"product_cat-eclairage","9":"first","10":"instock","11":"shipping-taxable","12":"purchasable","13":"product-type-simple"},"_links":{"self":[{"href":"https:\/\/stoic-curie.212-227-153-4.plesk.page\/fr\/wp-json\/wp\/v2\/product\/729044","targetHints":{"allow":["GET"]}}],"collection":[{"href":"https:\/\/stoic-curie.212-227-153-4.plesk.page\/fr\/wp-json\/wp\/v2\/product"}],"about":[{"href":"https:\/\/stoic-curie.212-227-153-4.plesk.page\/fr\/wp-json\/wp\/v2\/types\/product"}],"replies":[{"embeddable":true,"href":"https:\/\/stoic-curie.212-227-153-4.plesk.page\/fr\/wp-json\/wp\/v2\/comments?post=729044"}],"version-history":[{"count":0,"href":"https:\/\/stoic-curie.212-227-153-4.plesk.page\/fr\/wp-json\/wp\/v2\/product\/729044\/revisions"}],"wp:featuredmedia":[{"embeddable":true,"href":"https:\/\/stoic-curie.212-227-153-4.plesk.page\/fr\/wp-json\/wp\/v2\/media\/5943766"}],"wp:attachment":[{"href":"https:\/\/stoic-curie.212-227-153-4.plesk.page\/fr\/wp-json\/wp\/v2\/media?parent=729044"}],"wp:term":[{"taxonomy":"product_brand","embeddable":true,"href":"https:\/\/stoic-curie.212-227-153-4.plesk.page\/fr\/wp-json\/wp\/v2\/product_brand?post=729044"},{"taxonomy":"product_cat","embeddable":true,"href":"https:\/\/stoic-curie.212-227-153-4.plesk.page\/fr\/wp-json\/wp\/v2\/product_cat?post=729044"},{"taxonomy":"product_tag","embeddable":true,"href":"https:\/\/stoic-curie.212-227-153-4.plesk.page\/fr\/wp-json\/wp\/v2\/product_tag?post=729044"}],"curies":[{"name":"wp","href":"https:\/\/api.w.org\/{rel}","templated":true}]}}