{"id":729046,"date":"2025-03-03T16:03:12","date_gmt":"2025-03-03T15:03:12","guid":{"rendered":"https:\/\/stoic-curie.212-227-153-4.plesk.page\/producto\/plafonnier-rond-a-led-en-inox-avec-interrupteur-quick-tim-d-90-mm-3000-k\/"},"modified":"2026-02-24T23:08:32","modified_gmt":"2026-02-24T23:08:32","slug":"plafonnier-rond-a-led-en-inox-avec-interrupteur-quick-tim-d-90-mm-3000-k","status":"publish","type":"product","link":"https:\/\/stoic-curie.212-227-153-4.plesk.page\/fr\/product\/plafonnier-rond-a-led-en-inox-avec-interrupteur-quick-tim-d-90-mm-3000-k\/","title":{"rendered":"Plafonnier rond \u00e0 LED en inox avec interrupteur Quick Tim, D\u00a090\u00a0mm, 3000\u00a0K"},"content":{"rendered":"<p>Plafonnier rond \u00e0 LED en inox avec interrupteur Quick Tim, D\u00a090\u00a0mm, 3000\u00a0K &#8211; <\/p>\n<p>Lampe \u00e0 d\u00f4me LED 2W IP40 pour int\u00e9rieurs avec un cadre en acier inoxydable 316 et un interrupteur. Montage en surface avec vis. Tension universelle de 9-32V avec LED dimmable prot\u00e9g\u00e9e contre les surtensions et les inversions de polarit\u00e9.<\/p>\n","protected":false},"excerpt":{"rendered":"<p>Plafonnier rond \u00e0 LED en inox avec interrupteur Quick Tim, D\u00a090\u00a0mm, 3000\u00a0K &#8211; Lampe \u00e0 d\u00f4me LED 2W IP40 pour<\/p>\n","protected":false},"featured_media":5940834,"comment_status":"open","ping_status":"closed","template":"","meta":[],"product_brand":[3279],"product_cat":[1165],"product_tag":[],"class_list":{"0":"post-729046","1":"product","2":"type-product","3":"status-publish","4":"has-post-thumbnail","6":"product_brand-quick-fr","7":"product_cat-eclairage","9":"first","10":"instock","11":"shipping-taxable","12":"purchasable","13":"product-type-simple"},"_links":{"self":[{"href":"https:\/\/stoic-curie.212-227-153-4.plesk.page\/fr\/wp-json\/wp\/v2\/product\/729046","targetHints":{"allow":["GET"]}}],"collection":[{"href":"https:\/\/stoic-curie.212-227-153-4.plesk.page\/fr\/wp-json\/wp\/v2\/product"}],"about":[{"href":"https:\/\/stoic-curie.212-227-153-4.plesk.page\/fr\/wp-json\/wp\/v2\/types\/product"}],"replies":[{"embeddable":true,"href":"https:\/\/stoic-curie.212-227-153-4.plesk.page\/fr\/wp-json\/wp\/v2\/comments?post=729046"}],"version-history":[{"count":0,"href":"https:\/\/stoic-curie.212-227-153-4.plesk.page\/fr\/wp-json\/wp\/v2\/product\/729046\/revisions"}],"wp:featuredmedia":[{"embeddable":true,"href":"https:\/\/stoic-curie.212-227-153-4.plesk.page\/fr\/wp-json\/wp\/v2\/media\/5940834"}],"wp:attachment":[{"href":"https:\/\/stoic-curie.212-227-153-4.plesk.page\/fr\/wp-json\/wp\/v2\/media?parent=729046"}],"wp:term":[{"taxonomy":"product_brand","embeddable":true,"href":"https:\/\/stoic-curie.212-227-153-4.plesk.page\/fr\/wp-json\/wp\/v2\/product_brand?post=729046"},{"taxonomy":"product_cat","embeddable":true,"href":"https:\/\/stoic-curie.212-227-153-4.plesk.page\/fr\/wp-json\/wp\/v2\/product_cat?post=729046"},{"taxonomy":"product_tag","embeddable":true,"href":"https:\/\/stoic-curie.212-227-153-4.plesk.page\/fr\/wp-json\/wp\/v2\/product_tag?post=729046"}],"curies":[{"name":"wp","href":"https:\/\/api.w.org\/{rel}","templated":true}]}}