{"id":729049,"date":"2025-03-03T16:03:13","date_gmt":"2025-03-03T15:03:13","guid":{"rendered":"https:\/\/stoic-curie.212-227-153-4.plesk.page\/producto\/pompe-de-vidange-ocean-12-v-12-l-min\/"},"modified":"2026-02-24T23:08:32","modified_gmt":"2026-02-24T23:08:32","slug":"pompe-de-vidange-ocean-12-v-12-l-min","status":"publish","type":"product","link":"https:\/\/stoic-curie.212-227-153-4.plesk.page\/fr\/product\/pompe-de-vidange-ocean-12-v-12-l-min\/","title":{"rendered":"Pompe de vidange Ocean, 12\u00a0V, 12\u00a0l\/min"},"content":{"rendered":"<p>Pompe de vidange Ocean, 12\u00a0V, 12\u00a0l\/min &#8211; <\/p>\n<p>Pompe auto-amor\u00e7ante compacte avec pignons en PTFE, \u00e9galement adapt\u00e9e \u00e0 un fonctionnement continu. Direction d&#8217;\u00e9coulement r\u00e9versible, ne n\u00e9cessite pas de filtre et peut fonctionner m\u00eame \u00e0 sec. Pour le transfert d&#8217;huile, de diesel, d&#8217;eau ou de tout liquide visqueux. Livr\u00e9e avec 2 tuyaux (6 et 8 mm), c\u00e2ble de 180 cm avec pinces et fusible.<\/p>\n","protected":false},"excerpt":{"rendered":"<p>Pompe de vidange Ocean, 12\u00a0V, 12\u00a0l\/min &#8211; Pompe auto-amor\u00e7ante compacte avec pignons en PTFE, \u00e9galement adapt\u00e9e \u00e0 un fonctionnement continu.<\/p>\n","protected":false},"featured_media":5943768,"comment_status":"open","ping_status":"closed","template":"","meta":[],"product_brand":[3139],"product_cat":[1213],"product_tag":[],"class_list":{"0":"post-729049","1":"product","2":"type-product","3":"status-publish","4":"has-post-thumbnail","6":"product_brand-matromarine-fr","7":"product_cat-pompes-pour-huile-et-carburant","9":"first","10":"instock","11":"shipping-taxable","12":"purchasable","13":"product-type-simple"},"_links":{"self":[{"href":"https:\/\/stoic-curie.212-227-153-4.plesk.page\/fr\/wp-json\/wp\/v2\/product\/729049","targetHints":{"allow":["GET"]}}],"collection":[{"href":"https:\/\/stoic-curie.212-227-153-4.plesk.page\/fr\/wp-json\/wp\/v2\/product"}],"about":[{"href":"https:\/\/stoic-curie.212-227-153-4.plesk.page\/fr\/wp-json\/wp\/v2\/types\/product"}],"replies":[{"embeddable":true,"href":"https:\/\/stoic-curie.212-227-153-4.plesk.page\/fr\/wp-json\/wp\/v2\/comments?post=729049"}],"version-history":[{"count":0,"href":"https:\/\/stoic-curie.212-227-153-4.plesk.page\/fr\/wp-json\/wp\/v2\/product\/729049\/revisions"}],"wp:featuredmedia":[{"embeddable":true,"href":"https:\/\/stoic-curie.212-227-153-4.plesk.page\/fr\/wp-json\/wp\/v2\/media\/5943768"}],"wp:attachment":[{"href":"https:\/\/stoic-curie.212-227-153-4.plesk.page\/fr\/wp-json\/wp\/v2\/media?parent=729049"}],"wp:term":[{"taxonomy":"product_brand","embeddable":true,"href":"https:\/\/stoic-curie.212-227-153-4.plesk.page\/fr\/wp-json\/wp\/v2\/product_brand?post=729049"},{"taxonomy":"product_cat","embeddable":true,"href":"https:\/\/stoic-curie.212-227-153-4.plesk.page\/fr\/wp-json\/wp\/v2\/product_cat?post=729049"},{"taxonomy":"product_tag","embeddable":true,"href":"https:\/\/stoic-curie.212-227-153-4.plesk.page\/fr\/wp-json\/wp\/v2\/product_tag?post=729049"}],"curies":[{"name":"wp","href":"https:\/\/api.w.org\/{rel}","templated":true}]}}