{"id":729050,"date":"2025-03-03T16:03:13","date_gmt":"2025-03-03T15:03:13","guid":{"rendered":"https:\/\/stoic-curie.212-227-153-4.plesk.page\/producto\/pompe-a-membrane-en-ligne-ocean-12-v-20-l-min\/"},"modified":"2026-02-24T23:08:32","modified_gmt":"2026-02-24T23:08:32","slug":"pompe-a-membrane-en-ligne-ocean-12-v-20-l-min","status":"publish","type":"product","link":"https:\/\/stoic-curie.212-227-153-4.plesk.page\/fr\/product\/pompe-a-membrane-en-ligne-ocean-12-v-20-l-min\/","title":{"rendered":"Pompe \u00e0 membrane (en ligne) Ocean, 12\u00a0V, 20\u00a0l\/min"},"content":{"rendered":"<p>Pompe \u00e0 membrane (en ligne) Ocean, 12\u00a0V, 20\u00a0l\/min &#8211; <\/p>\n<p>Pompe \u00e0 diaphragme Ocean auto-amor\u00e7ante jusqu&#8217;\u00e0 3 m de hauteur avec double clapet anti-retour. Gr\u00e2ce \u00e0 son design compact et \u00e0 sa t\u00eate rotative \u00e0 360\u00b0, elle est parfaite pour les canalisations de douche ou de lavabo et pour des applications g\u00e9n\u00e9rales d&#8217;eaux grises. Fonctionnement silencieux, elle peut fonctionner \u00e0 sec et ne n\u00e9cessite pas de filtre. Mod\u00e8les disponibles : en ligne ou inclin\u00e9s pour les espaces restreints.<\/p>\n","protected":false},"excerpt":{"rendered":"<p>Pompe \u00e0 membrane (en ligne) Ocean, 12\u00a0V, 20\u00a0l\/min &#8211; Pompe \u00e0 diaphragme Ocean auto-amor\u00e7ante jusqu&#8217;\u00e0 3 m de hauteur avec<\/p>\n","protected":false},"featured_media":5942212,"comment_status":"open","ping_status":"closed","template":"","meta":[],"product_brand":[3139],"product_cat":[1098,1097,1082],"product_tag":[],"class_list":{"0":"post-729050","1":"product","2":"type-product","3":"status-publish","4":"has-post-thumbnail","6":"product_brand-matromarine-fr","7":"product_cat-pompes-a-eaux-usees","8":"product_cat-pompes-de-circulation","9":"product_cat-systemes-deau-grise","11":"first","12":"instock","13":"shipping-taxable","14":"purchasable","15":"product-type-simple"},"_links":{"self":[{"href":"https:\/\/stoic-curie.212-227-153-4.plesk.page\/fr\/wp-json\/wp\/v2\/product\/729050","targetHints":{"allow":["GET"]}}],"collection":[{"href":"https:\/\/stoic-curie.212-227-153-4.plesk.page\/fr\/wp-json\/wp\/v2\/product"}],"about":[{"href":"https:\/\/stoic-curie.212-227-153-4.plesk.page\/fr\/wp-json\/wp\/v2\/types\/product"}],"replies":[{"embeddable":true,"href":"https:\/\/stoic-curie.212-227-153-4.plesk.page\/fr\/wp-json\/wp\/v2\/comments?post=729050"}],"version-history":[{"count":0,"href":"https:\/\/stoic-curie.212-227-153-4.plesk.page\/fr\/wp-json\/wp\/v2\/product\/729050\/revisions"}],"wp:featuredmedia":[{"embeddable":true,"href":"https:\/\/stoic-curie.212-227-153-4.plesk.page\/fr\/wp-json\/wp\/v2\/media\/5942212"}],"wp:attachment":[{"href":"https:\/\/stoic-curie.212-227-153-4.plesk.page\/fr\/wp-json\/wp\/v2\/media?parent=729050"}],"wp:term":[{"taxonomy":"product_brand","embeddable":true,"href":"https:\/\/stoic-curie.212-227-153-4.plesk.page\/fr\/wp-json\/wp\/v2\/product_brand?post=729050"},{"taxonomy":"product_cat","embeddable":true,"href":"https:\/\/stoic-curie.212-227-153-4.plesk.page\/fr\/wp-json\/wp\/v2\/product_cat?post=729050"},{"taxonomy":"product_tag","embeddable":true,"href":"https:\/\/stoic-curie.212-227-153-4.plesk.page\/fr\/wp-json\/wp\/v2\/product_tag?post=729050"}],"curies":[{"name":"wp","href":"https:\/\/api.w.org\/{rel}","templated":true}]}}