{"id":729051,"date":"2025-03-03T16:03:13","date_gmt":"2025-03-03T15:03:13","guid":{"rendered":"https:\/\/stoic-curie.212-227-153-4.plesk.page\/producto\/pompe-a-membrane-pour-eaux-grises-et-noirs-ocean-32-l-min-12-v\/"},"modified":"2026-02-24T23:08:32","modified_gmt":"2026-02-24T23:08:32","slug":"pompe-a-membrane-pour-eaux-grises-et-noirs-ocean-32-l-min-12-v","status":"publish","type":"product","link":"https:\/\/stoic-curie.212-227-153-4.plesk.page\/fr\/product\/pompe-a-membrane-pour-eaux-grises-et-noirs-ocean-32-l-min-12-v\/","title":{"rendered":"Pompe \u00e0 membrane pour eaux grises et noirs Ocean, 32\u00a0l\/min, 12\u00a0V"},"content":{"rendered":"<p>Pompe \u00e0 membrane pour eaux grises et noirs Ocean, 32\u00a0l\/min, 12\u00a0V &#8211; <\/p>\n<p>Pompe \u00e0 diaphragm Ocean auto-amor\u00e7ante avec une hauteur allant jusqu&#8217;\u00e0 3 m et une double valve de retenue. Id\u00e9ale pour vider les r\u00e9servoirs d&#8217;eaux grises ou noires, ou comme pompe de cale. Peut fonctionner \u00e0 sec, aucun filtre n&#8217;est n\u00e9cessaire. Fonctionnement silencieux, design compact et installation flexible avec t\u00eate multi-position.<\/p>\n","protected":false},"excerpt":{"rendered":"<p>Pompe \u00e0 membrane pour eaux grises et noirs Ocean, 32\u00a0l\/min, 12\u00a0V &#8211; Pompe \u00e0 diaphragm Ocean auto-amor\u00e7ante avec une hauteur<\/p>\n","protected":false},"featured_media":5942215,"comment_status":"open","ping_status":"closed","template":"","meta":[],"product_brand":[3139],"product_cat":[1098,1075,1082],"product_tag":[],"class_list":{"0":"post-729051","1":"product","2":"type-product","3":"status-publish","4":"has-post-thumbnail","6":"product_brand-matromarine-fr","7":"product_cat-pompes-a-eaux-usees","8":"product_cat-reservoirs-deaux-usees","9":"product_cat-systemes-deau-grise","11":"first","12":"instock","13":"shipping-taxable","14":"purchasable","15":"product-type-simple"},"_links":{"self":[{"href":"https:\/\/stoic-curie.212-227-153-4.plesk.page\/fr\/wp-json\/wp\/v2\/product\/729051","targetHints":{"allow":["GET"]}}],"collection":[{"href":"https:\/\/stoic-curie.212-227-153-4.plesk.page\/fr\/wp-json\/wp\/v2\/product"}],"about":[{"href":"https:\/\/stoic-curie.212-227-153-4.plesk.page\/fr\/wp-json\/wp\/v2\/types\/product"}],"replies":[{"embeddable":true,"href":"https:\/\/stoic-curie.212-227-153-4.plesk.page\/fr\/wp-json\/wp\/v2\/comments?post=729051"}],"version-history":[{"count":0,"href":"https:\/\/stoic-curie.212-227-153-4.plesk.page\/fr\/wp-json\/wp\/v2\/product\/729051\/revisions"}],"wp:featuredmedia":[{"embeddable":true,"href":"https:\/\/stoic-curie.212-227-153-4.plesk.page\/fr\/wp-json\/wp\/v2\/media\/5942215"}],"wp:attachment":[{"href":"https:\/\/stoic-curie.212-227-153-4.plesk.page\/fr\/wp-json\/wp\/v2\/media?parent=729051"}],"wp:term":[{"taxonomy":"product_brand","embeddable":true,"href":"https:\/\/stoic-curie.212-227-153-4.plesk.page\/fr\/wp-json\/wp\/v2\/product_brand?post=729051"},{"taxonomy":"product_cat","embeddable":true,"href":"https:\/\/stoic-curie.212-227-153-4.plesk.page\/fr\/wp-json\/wp\/v2\/product_cat?post=729051"},{"taxonomy":"product_tag","embeddable":true,"href":"https:\/\/stoic-curie.212-227-153-4.plesk.page\/fr\/wp-json\/wp\/v2\/product_tag?post=729051"}],"curies":[{"name":"wp","href":"https:\/\/api.w.org\/{rel}","templated":true}]}}