{"id":729052,"date":"2025-03-03T16:03:13","date_gmt":"2025-03-03T15:03:13","guid":{"rendered":"https:\/\/stoic-curie.212-227-153-4.plesk.page\/producto\/antenne-ais-glomex-ra300ais-120-m\/"},"modified":"2026-02-24T23:08:32","modified_gmt":"2026-02-24T23:08:32","slug":"antenne-ais-glomex-ra300ais-120-m","status":"publish","type":"product","link":"https:\/\/stoic-curie.212-227-153-4.plesk.page\/fr\/product\/antenne-ais-glomex-ra300ais-120-m\/","title":{"rendered":"Antenne AIS Glomex RA300AIS, 1,20\u00a0m"},"content":{"rendered":"<p>Antenne AIS Glomex RA300AIS, 1,20\u00a0m &#8211; <\/p>\n<p>Antennes en fibre de verre RA300AIS flexibles et r\u00e9sistantes aux UV (Syst\u00e8me d&#8217;Identification Automatique) pour tout type de bateau. Permet de recevoir le signal AIS et des informations relatives sur le trafic dans la zone environnante. Le connecteur FME permet une installation rapide et facile gr\u00e2ce aux c\u00e2bles et adapteurs branch\u00e9s. Base filet\u00e9e 5\/8&#8243; x 24. 100W \/ 6db \/ 161.975-162.025 MHz \/ 50 Ohm. Hauteur : 1,2 m. Avec l&#8217;extension ou l&#8217;adaptateur, l&#8217;antenne peut \u00eatre mont\u00e9e sur des bases filet\u00e9es de 1&#8243; x 14. Le connecteur permet de relier le filetage FME \u00e0 la connexion coaxiale PL258.<\/p>\n","protected":false},"excerpt":{"rendered":"<p>Antenne AIS Glomex RA300AIS, 1,20\u00a0m &#8211; Antennes en fibre de verre RA300AIS flexibles et r\u00e9sistantes aux UV (Syst\u00e8me d&#8217;Identification Automatique)<\/p>\n","protected":false},"featured_media":3002432,"comment_status":"open","ping_status":"closed","template":"","meta":[],"product_brand":[2279,2979],"product_cat":[1170],"product_tag":[],"class_list":{"0":"post-729052","1":"product","2":"type-product","3":"status-publish","4":"has-post-thumbnail","6":"product_brand-glomex","7":"product_brand-glomex-fr","8":"product_cat-electronique","10":"first","11":"instock","12":"shipping-taxable","13":"purchasable","14":"product-type-simple"},"_links":{"self":[{"href":"https:\/\/stoic-curie.212-227-153-4.plesk.page\/fr\/wp-json\/wp\/v2\/product\/729052","targetHints":{"allow":["GET"]}}],"collection":[{"href":"https:\/\/stoic-curie.212-227-153-4.plesk.page\/fr\/wp-json\/wp\/v2\/product"}],"about":[{"href":"https:\/\/stoic-curie.212-227-153-4.plesk.page\/fr\/wp-json\/wp\/v2\/types\/product"}],"replies":[{"embeddable":true,"href":"https:\/\/stoic-curie.212-227-153-4.plesk.page\/fr\/wp-json\/wp\/v2\/comments?post=729052"}],"version-history":[{"count":0,"href":"https:\/\/stoic-curie.212-227-153-4.plesk.page\/fr\/wp-json\/wp\/v2\/product\/729052\/revisions"}],"wp:featuredmedia":[{"embeddable":true,"href":"https:\/\/stoic-curie.212-227-153-4.plesk.page\/fr\/wp-json\/"}],"wp:attachment":[{"href":"https:\/\/stoic-curie.212-227-153-4.plesk.page\/fr\/wp-json\/wp\/v2\/media?parent=729052"}],"wp:term":[{"taxonomy":"product_brand","embeddable":true,"href":"https:\/\/stoic-curie.212-227-153-4.plesk.page\/fr\/wp-json\/wp\/v2\/product_brand?post=729052"},{"taxonomy":"product_cat","embeddable":true,"href":"https:\/\/stoic-curie.212-227-153-4.plesk.page\/fr\/wp-json\/wp\/v2\/product_cat?post=729052"},{"taxonomy":"product_tag","embeddable":true,"href":"https:\/\/stoic-curie.212-227-153-4.plesk.page\/fr\/wp-json\/wp\/v2\/product_tag?post=729052"}],"curies":[{"name":"wp","href":"https:\/\/api.w.org\/{rel}","templated":true}]}}