{"id":729053,"date":"2025-03-03T16:03:13","date_gmt":"2025-03-03T15:03:13","guid":{"rendered":"https:\/\/stoic-curie.212-227-153-4.plesk.page\/producto\/tunnel-en-fibre-de-verre-pour-propulseur-quick-btq140\/"},"modified":"2026-02-24T23:08:32","modified_gmt":"2026-02-24T23:08:32","slug":"tunnel-en-fibre-de-verre-pour-propulseur-quick-btq140","status":"publish","type":"product","link":"https:\/\/stoic-curie.212-227-153-4.plesk.page\/fr\/product\/tunnel-en-fibre-de-verre-pour-propulseur-quick-btq140\/","title":{"rendered":"Tunnel en fibre de verre pour propulseur Quick BTQ140"},"content":{"rendered":"<p>Tunnel en fibre de verre pour propulseur Quick BTQ140 &#8211; <\/p>\n<p>Nous sommes heureux de proposer des kits de tunnel en fibre de verre sp\u00e9cialement con\u00e7us pour tous les propulseurs Quick BTQ. Ces kits sont destin\u00e9s \u00e0 une installation externe sur le tableau arri\u00e8re de votre bateau, garantissant un ajustement parfait et des performances optimales. Chaque kit est complet avec un tunnel en polyester et en fibre de verre \u00e0 bride, compatible avec les propulseurs Quick \u00e9lectriques et hydrauliques. Cette polyvalence vous permet de choisir le propulseur qui correspond le mieux \u00e0 vos besoins de navigation tout en garantissant une fonctionnalit\u00e9 et une durabilit\u00e9 fiables.<\/p>\n","protected":false},"excerpt":{"rendered":"<p>Tunnel en fibre de verre pour propulseur Quick BTQ140 &#8211; Nous sommes heureux de proposer des kits de tunnel en<\/p>\n","protected":false},"featured_media":5940387,"comment_status":"open","ping_status":"closed","template":"","meta":[],"product_brand":[3279],"product_cat":[1036],"product_tag":[],"class_list":{"0":"post-729053","1":"product","2":"type-product","3":"status-publish","4":"has-post-thumbnail","6":"product_brand-quick-fr","7":"product_cat-propulseurs-detrave-quick","9":"first","10":"instock","11":"shipping-taxable","12":"purchasable","13":"product-type-simple"},"_links":{"self":[{"href":"https:\/\/stoic-curie.212-227-153-4.plesk.page\/fr\/wp-json\/wp\/v2\/product\/729053","targetHints":{"allow":["GET"]}}],"collection":[{"href":"https:\/\/stoic-curie.212-227-153-4.plesk.page\/fr\/wp-json\/wp\/v2\/product"}],"about":[{"href":"https:\/\/stoic-curie.212-227-153-4.plesk.page\/fr\/wp-json\/wp\/v2\/types\/product"}],"replies":[{"embeddable":true,"href":"https:\/\/stoic-curie.212-227-153-4.plesk.page\/fr\/wp-json\/wp\/v2\/comments?post=729053"}],"version-history":[{"count":0,"href":"https:\/\/stoic-curie.212-227-153-4.plesk.page\/fr\/wp-json\/wp\/v2\/product\/729053\/revisions"}],"wp:featuredmedia":[{"embeddable":true,"href":"https:\/\/stoic-curie.212-227-153-4.plesk.page\/fr\/wp-json\/wp\/v2\/media\/5940387"}],"wp:attachment":[{"href":"https:\/\/stoic-curie.212-227-153-4.plesk.page\/fr\/wp-json\/wp\/v2\/media?parent=729053"}],"wp:term":[{"taxonomy":"product_brand","embeddable":true,"href":"https:\/\/stoic-curie.212-227-153-4.plesk.page\/fr\/wp-json\/wp\/v2\/product_brand?post=729053"},{"taxonomy":"product_cat","embeddable":true,"href":"https:\/\/stoic-curie.212-227-153-4.plesk.page\/fr\/wp-json\/wp\/v2\/product_cat?post=729053"},{"taxonomy":"product_tag","embeddable":true,"href":"https:\/\/stoic-curie.212-227-153-4.plesk.page\/fr\/wp-json\/wp\/v2\/product_tag?post=729053"}],"curies":[{"name":"wp","href":"https:\/\/api.w.org\/{rel}","templated":true}]}}