{"id":729057,"date":"2025-03-03T16:03:14","date_gmt":"2025-03-03T15:03:14","guid":{"rendered":"https:\/\/stoic-curie.212-227-153-4.plesk.page\/producto\/convertisseur-de-courant-a-onde-sinusoidale-nvp-1000-12-1000-w-12-v\/"},"modified":"2026-02-24T23:08:32","modified_gmt":"2026-02-24T23:08:32","slug":"convertisseur-de-courant-a-onde-sinusoidale-nvp-1000-12-1000-w-12-v","status":"publish","type":"product","link":"https:\/\/stoic-curie.212-227-153-4.plesk.page\/fr\/product\/convertisseur-de-courant-a-onde-sinusoidale-nvp-1000-12-1000-w-12-v\/","title":{"rendered":"Convertisseur de courant \u00e0 onde sinuso\u00efdale NVP-1000\/12, 1000\u00a0W, 12\u00a0V"},"content":{"rendered":"<p>Convertisseur de courant \u00e0 onde sinuso\u00efdale NVP-1000\/12, 1000\u00a0W, 12\u00a0V &#8211; <\/p>\n<p>Onduleur de puissance ES100 \u00e0 onde sinuso\u00efdale v\u00e9ritable \u00e0 haute efficacit\u00e9, qui convertit le courant continu de batterie de 12\/24V en courant alternatif de 220V. Il offre une efficacit\u00e9 de conversion de 90% avec pas plus de 3% de distorsion harmonique. Parfait pour alimenter tous les appareils \u00e9lectroniques et \u00e9lectriques sensibles. La valeur indiqu\u00e9e en watts est continue.<\/p>\n","protected":false},"excerpt":{"rendered":"<p>Convertisseur de courant \u00e0 onde sinuso\u00efdale NVP-1000\/12, 1000\u00a0W, 12\u00a0V &#8211; Onduleur de puissance ES100 \u00e0 onde sinuso\u00efdale v\u00e9ritable \u00e0 haute<\/p>\n","protected":false},"featured_media":5942460,"comment_status":"open","ping_status":"closed","template":"","meta":[],"product_brand":[2829],"product_cat":[1168],"product_tag":[],"class_list":{"0":"post-729057","1":"product","2":"type-product","3":"status-publish","4":"has-post-thumbnail","6":"product_brand-blue-sea-systems-fr","7":"product_cat-inverseurs-electriques","9":"first","10":"instock","11":"shipping-taxable","12":"purchasable","13":"product-type-simple"},"_links":{"self":[{"href":"https:\/\/stoic-curie.212-227-153-4.plesk.page\/fr\/wp-json\/wp\/v2\/product\/729057","targetHints":{"allow":["GET"]}}],"collection":[{"href":"https:\/\/stoic-curie.212-227-153-4.plesk.page\/fr\/wp-json\/wp\/v2\/product"}],"about":[{"href":"https:\/\/stoic-curie.212-227-153-4.plesk.page\/fr\/wp-json\/wp\/v2\/types\/product"}],"replies":[{"embeddable":true,"href":"https:\/\/stoic-curie.212-227-153-4.plesk.page\/fr\/wp-json\/wp\/v2\/comments?post=729057"}],"version-history":[{"count":0,"href":"https:\/\/stoic-curie.212-227-153-4.plesk.page\/fr\/wp-json\/wp\/v2\/product\/729057\/revisions"}],"wp:featuredmedia":[{"embeddable":true,"href":"https:\/\/stoic-curie.212-227-153-4.plesk.page\/fr\/wp-json\/wp\/v2\/media\/5942460"}],"wp:attachment":[{"href":"https:\/\/stoic-curie.212-227-153-4.plesk.page\/fr\/wp-json\/wp\/v2\/media?parent=729057"}],"wp:term":[{"taxonomy":"product_brand","embeddable":true,"href":"https:\/\/stoic-curie.212-227-153-4.plesk.page\/fr\/wp-json\/wp\/v2\/product_brand?post=729057"},{"taxonomy":"product_cat","embeddable":true,"href":"https:\/\/stoic-curie.212-227-153-4.plesk.page\/fr\/wp-json\/wp\/v2\/product_cat?post=729057"},{"taxonomy":"product_tag","embeddable":true,"href":"https:\/\/stoic-curie.212-227-153-4.plesk.page\/fr\/wp-json\/wp\/v2\/product_tag?post=729057"}],"curies":[{"name":"wp","href":"https:\/\/api.w.org\/{rel}","templated":true}]}}