{"id":729066,"date":"2025-03-03T16:03:15","date_gmt":"2025-03-03T15:03:15","guid":{"rendered":"https:\/\/stoic-curie.212-227-153-4.plesk.page\/producto\/tableau-electrique-noir-a-4-interrupteurs-et-prise-usb-et-testeur-de-batterie-114-x-h-191-mm\/"},"modified":"2026-02-24T23:08:32","modified_gmt":"2026-02-24T23:08:32","slug":"tableau-electrique-noir-a-4-interrupteurs-et-prise-usb-et-testeur-de-batterie-114-x-h-191-mm","status":"publish","type":"product","link":"https:\/\/stoic-curie.212-227-153-4.plesk.page\/fr\/product\/tableau-electrique-noir-a-4-interrupteurs-et-prise-usb-et-testeur-de-batterie-114-x-h-191-mm\/","title":{"rendered":"Tableau \u00e9lectrique noir \u00e0 4\u00a0interrupteurs et prise USB et testeur de batterie, 114\u00a0x\u00a0H\u00a0191\u00a0mm"},"content":{"rendered":"<p>Tableau \u00e9lectrique noir \u00e0 4\u00a0interrupteurs et prise USB et testeur de batterie, 114\u00a0x\u00a0H\u00a0191\u00a0mm &#8211; <\/p>\n<p>Panneaux compacts en aluminium \u00e9tanches IP66 de qualit\u00e9 sup\u00e9rieure 12\/24V. C\u00e2bl\u00e9s avec des interrupteurs \u00e9tanches \u00e9quip\u00e9s de lumi\u00e8res pilotes LED rouges et de disjoncteurs avec des capuchons en caoutchouc. Le premier interrupteur est (ON)-OFF pour le klaxon. Livr\u00e9 avec 30 \u00e9tiquettes pr\u00e9-imprim\u00e9es \u00e0 appliquer sur des modules \u00e0 LED r\u00e9tro\u00e9clair\u00e9s. Montage vertical ou horizontal.<\/p>\n","protected":false},"excerpt":{"rendered":"<p>Tableau \u00e9lectrique noir \u00e0 4\u00a0interrupteurs et prise USB et testeur de batterie, 114\u00a0x\u00a0H\u00a0191\u00a0mm &#8211; Panneaux compacts en aluminium \u00e9tanches IP66<\/p>\n","protected":false},"featured_media":5942477,"comment_status":"open","ping_status":"closed","template":"","meta":[],"product_brand":[2829],"product_cat":[1172],"product_tag":[],"class_list":{"0":"post-729066","1":"product","2":"type-product","3":"status-publish","4":"has-post-thumbnail","6":"product_brand-blue-sea-systems-fr","7":"product_cat-panneaux-dinterrupteur","9":"first","10":"instock","11":"shipping-taxable","12":"purchasable","13":"product-type-simple"},"_links":{"self":[{"href":"https:\/\/stoic-curie.212-227-153-4.plesk.page\/fr\/wp-json\/wp\/v2\/product\/729066","targetHints":{"allow":["GET"]}}],"collection":[{"href":"https:\/\/stoic-curie.212-227-153-4.plesk.page\/fr\/wp-json\/wp\/v2\/product"}],"about":[{"href":"https:\/\/stoic-curie.212-227-153-4.plesk.page\/fr\/wp-json\/wp\/v2\/types\/product"}],"replies":[{"embeddable":true,"href":"https:\/\/stoic-curie.212-227-153-4.plesk.page\/fr\/wp-json\/wp\/v2\/comments?post=729066"}],"version-history":[{"count":0,"href":"https:\/\/stoic-curie.212-227-153-4.plesk.page\/fr\/wp-json\/wp\/v2\/product\/729066\/revisions"}],"wp:featuredmedia":[{"embeddable":true,"href":"https:\/\/stoic-curie.212-227-153-4.plesk.page\/fr\/wp-json\/wp\/v2\/media\/5942477"}],"wp:attachment":[{"href":"https:\/\/stoic-curie.212-227-153-4.plesk.page\/fr\/wp-json\/wp\/v2\/media?parent=729066"}],"wp:term":[{"taxonomy":"product_brand","embeddable":true,"href":"https:\/\/stoic-curie.212-227-153-4.plesk.page\/fr\/wp-json\/wp\/v2\/product_brand?post=729066"},{"taxonomy":"product_cat","embeddable":true,"href":"https:\/\/stoic-curie.212-227-153-4.plesk.page\/fr\/wp-json\/wp\/v2\/product_cat?post=729066"},{"taxonomy":"product_tag","embeddable":true,"href":"https:\/\/stoic-curie.212-227-153-4.plesk.page\/fr\/wp-json\/wp\/v2\/product_tag?post=729066"}],"curies":[{"name":"wp","href":"https:\/\/api.w.org\/{rel}","templated":true}]}}