{"id":729070,"date":"2025-03-03T16:03:16","date_gmt":"2025-03-03T15:03:16","guid":{"rendered":"https:\/\/stoic-curie.212-227-153-4.plesk.page\/producto\/refroidisseur-dhuile-bowman-eh100-3401-2\/"},"modified":"2026-02-24T23:08:32","modified_gmt":"2026-02-24T23:08:32","slug":"refroidisseur-dhuile-bowman-eh100-3401-2","status":"publish","type":"product","link":"https:\/\/stoic-curie.212-227-153-4.plesk.page\/fr\/product\/refroidisseur-dhuile-bowman-eh100-3401-2\/","title":{"rendered":"Refroidisseur d\u2019huile Bowman EH100-3401-2"},"content":{"rendered":"<p>Refroidisseur d\u2019huile Bowman EH100-3401-2 &#8211; <\/p>\n<p style=\"color: rgb(34, 34, 34); font-family: Arial, Helvetica, sans-serif; font-size: small;\">L&#8217;\u00e9changeur de chaleur Bowman EH100-3401-2 est sp\u00e9cialement con\u00e7u pour les moteurs d&#8217;une puissance de 40 kW (54 HP). Il est \u00e9quip\u00e9 de couvercles d&#8217;extr\u00e9mit\u00e9 r\u00e9sistants \u00e0 la corrosion, garantissant une plus grande long\u00e9vit\u00e9.<\/p>\n<p style=\"color: rgb(34, 34, 34); font-family: Arial, Helvetica, sans-serif; font-size: small;\">Cet \u00e9changeur de chaleur pr\u00e9sente des tubes internes en alliage de nickel, capables de r\u00e9sister \u00e0 l&#8217;eau de mer et aux produits chimiques agressifs, utilisant un design \u00e0 trois passages pour optimiser l&#8217;efficacit\u00e9 du transfert de chaleur.<\/p>\n<p style=\"color: rgb(34, 34, 34); font-family: Arial, Helvetica, sans-serif; font-size: small;\">Il comprend des connexions pour l&#8217;entr\u00e9e et la sortie d&#8217;eau brute, toutes deux con\u00e7ues avec une taille de 3\/4&#8243; BSP.<\/p>\n<p style=\"color: rgb(34, 34, 34); font-family: Arial, Helvetica, sans-serif; font-size: small;\">Veuillez noter que l&#8217;\u00e9changeur de chaleur est livr\u00e9 avec des brides d&#8217;appui, des boulons et des joints destin\u00e9s au circuit d&#8217;eau douce. Vous devrez \u00e9tablir des connexions appropri\u00e9es pour l&#8217;entr\u00e9e et la sortie du liquide de refroidissement d&#8217;eau douce.<\/p>\n<p style=\"color: rgb(34, 34, 34); font-family: Arial, Helvetica, sans-serif; font-size: small;\">Bowman d\u00e9conseille l&#8217;utilisation d&#8217;anodes en zinc, car les tubes en alliage cuivre-nickel de l&#8217;\u00e9changeur de chaleur n&#8217;en n\u00e9cessitent pas. L&#8217;installation d&#8217;une anode en zinc pourrait potentiellement nuire \u00e0 la couche protectrice d&#8217;oxyde de cuivre sur les tubes, ce qui pourrait entra\u00eener une corrosion du mat\u00e9riau.<\/p>\n<p style=\"color: rgb(34, 34, 34); font-family: Arial, Helvetica, sans-serif; font-size: small;\"><strong>Sp\u00e9cifications :<\/strong><\/p>\n<ul style=\"color: rgb(34, 34, 34); font-family: Arial, Helvetica, sans-serif; font-size: small;\">\n<li><strong>Volume d&#8217;eau brute :<\/strong>&nbsp;0,45 litres<\/li>\n<li><strong>Volume d&#8217;eau moteur :<\/strong>&nbsp;1,30 litres<\/li>\n<li><strong>Capacit\u00e9 du r\u00e9servoir de t\u00eate :<\/strong>&nbsp;0,90 litres<\/li>\n<li><strong>Hauteur :<\/strong>&nbsp;200 mm (y compris le bouchon de pression)<\/li>\n<li><strong>Longueur :<\/strong>&nbsp;260 mm<\/li>\n<li><strong>Mat\u00e9riau :<\/strong>&nbsp;Corps en aluminium LM6M, faisceau de tubes en cupro-nickel et couvercles d&#8217;extr\u00e9mit\u00e9 en composite<\/li>\n<li><strong>Temp\u00e9rature de fonctionnement maximale :<\/strong>&nbsp;100\u00b0C<\/li>\n<li><strong>Largeur :<\/strong>&nbsp;110 mm<\/li>\n<li><strong>Marque :<\/strong>&nbsp;Bowman<\/li>\n<li><strong>Pays d&#8217;origine :<\/strong>&nbsp;Royaume-Uni<\/li>\n<li><strong>Centres des trous de montage :<\/strong>&nbsp;80 mm x 52 mm<\/li>\n<li><strong>Pression maximale de l&#8217;eau moteur :<\/strong>&nbsp;1 bar (d\u00e9pend du classement du bouchon de remplissage)<\/li>\n<li><strong>Taille des trous de fixation :<\/strong>&nbsp;M8 x 12<\/li>\n<li><strong>Puissance maximale :<\/strong>&nbsp;54 HP (40 kW)<\/li>\n<li><strong>Taille des ports d&#8217;entr\u00e9e\/sortie :<\/strong>&nbsp;Entr\u00e9e d&#8217;eau brute : 3\/4&#8243; BSP, Sortie d&#8217;eau brute : 3\/4&#8243; BSP, Al\u00e9sage du port d&#8217;eau moteur : 30 mm<\/li>\n<li><strong>Mod\u00e8le :<\/strong>&nbsp;EH100-3401-2<\/li>\n<li><strong>Classe de pression :<\/strong>&nbsp;Bouchon de remplissage : 10,8 PSI (0,75 Bar \/ 75 kPa)<\/li>\n<li><strong>D\u00e9bit d&#8217;eau brute maximal :<\/strong>&nbsp;54 litres par minute<\/li>\n<li><strong>Pression d&#8217;eau brute maximale :<\/strong>&nbsp;15 bar<\/li>\n<\/ul>\n","protected":false},"excerpt":{"rendered":"<p>Refroidisseur d\u2019huile Bowman EH100-3401-2 &#8211; L&#8217;\u00e9changeur de chaleur Bowman EH100-3401-2 est sp\u00e9cialement con\u00e7u pour les moteurs d&#8217;une puissance de 40<\/p>\n","protected":false},"featured_media":5943781,"comment_status":"open","ping_status":"closed","template":"","meta":[],"product_brand":[2844],"product_cat":[1216],"product_tag":[],"class_list":{"0":"post-729070","1":"product","2":"type-product","3":"status-publish","4":"has-post-thumbnail","6":"product_brand-bowman-fr","7":"product_cat-echangeurs-et-refroidisseurs-dhuile","9":"first","10":"instock","11":"shipping-taxable","12":"purchasable","13":"product-type-simple"},"_links":{"self":[{"href":"https:\/\/stoic-curie.212-227-153-4.plesk.page\/fr\/wp-json\/wp\/v2\/product\/729070","targetHints":{"allow":["GET"]}}],"collection":[{"href":"https:\/\/stoic-curie.212-227-153-4.plesk.page\/fr\/wp-json\/wp\/v2\/product"}],"about":[{"href":"https:\/\/stoic-curie.212-227-153-4.plesk.page\/fr\/wp-json\/wp\/v2\/types\/product"}],"replies":[{"embeddable":true,"href":"https:\/\/stoic-curie.212-227-153-4.plesk.page\/fr\/wp-json\/wp\/v2\/comments?post=729070"}],"version-history":[{"count":0,"href":"https:\/\/stoic-curie.212-227-153-4.plesk.page\/fr\/wp-json\/wp\/v2\/product\/729070\/revisions"}],"wp:featuredmedia":[{"embeddable":true,"href":"https:\/\/stoic-curie.212-227-153-4.plesk.page\/fr\/wp-json\/wp\/v2\/media\/5943781"}],"wp:attachment":[{"href":"https:\/\/stoic-curie.212-227-153-4.plesk.page\/fr\/wp-json\/wp\/v2\/media?parent=729070"}],"wp:term":[{"taxonomy":"product_brand","embeddable":true,"href":"https:\/\/stoic-curie.212-227-153-4.plesk.page\/fr\/wp-json\/wp\/v2\/product_brand?post=729070"},{"taxonomy":"product_cat","embeddable":true,"href":"https:\/\/stoic-curie.212-227-153-4.plesk.page\/fr\/wp-json\/wp\/v2\/product_cat?post=729070"},{"taxonomy":"product_tag","embeddable":true,"href":"https:\/\/stoic-curie.212-227-153-4.plesk.page\/fr\/wp-json\/wp\/v2\/product_tag?post=729070"}],"curies":[{"name":"wp","href":"https:\/\/api.w.org\/{rel}","templated":true}]}}