{"id":729071,"date":"2025-03-03T16:03:16","date_gmt":"2025-03-03T15:03:16","guid":{"rendered":"https:\/\/stoic-curie.212-227-153-4.plesk.page\/producto\/refroidisseur-dhuile-bowman-eh200-3401-3\/"},"modified":"2026-02-24T23:08:32","modified_gmt":"2026-02-24T23:08:32","slug":"refroidisseur-dhuile-bowman-eh200-3401-3","status":"publish","type":"product","link":"https:\/\/stoic-curie.212-227-153-4.plesk.page\/fr\/product\/refroidisseur-dhuile-bowman-eh200-3401-3\/","title":{"rendered":"Refroidisseur Bowman EH200-3401-3"},"content":{"rendered":"<p>Refroidisseur Bowman EH200-3401-3 &#8211; <\/p>\n<p>L&#8217;\u00e9changeur de chaleur Bowman EH200-3401-3 est sp\u00e9cifiquement con\u00e7u pour les moteurs produisant une puissance de 52 kW ou 70 CV. Il est \u00e9quip\u00e9 d&#8217;une connexion d&#8217;entr\u00e9e et de sortie pour l&#8217;eau brute, chacune mesurant 3\/4&#8243; BSP.<\/p>\n<p>Avec l&#8217;\u00e9changeur de chaleur, vous recevrez des brides de contre, des boulons d&#8217;assemblage et des joints n\u00e9cessaires pour le circuit d&#8217;eau douce. Il est important d&#8217;\u00e9tablir des connexions appropri\u00e9es pour l&#8217;entr\u00e9e et la sortie du refroidisseur d&#8217;eau douce.<\/p>\n<p>Veuillez noter que cet \u00e9changeur de chaleur peut \u00eatre fourni avec des bouchons d&#8217;extr\u00e9mit\u00e9 en composite ou en laiton, selon la disponibilit\u00e9 au moment de l&#8217;achat.<\/p>\n<p>Bowman d\u00e9conseille l&#8217;utilisation d&#8217;anodes en zinc. Les tubes de l&#8217;\u00e9changeur de chaleur sont construits en alliage cuivre-nickel, ce qui ne n\u00e9cessite pas d&#8217;anode en zinc. L&#8217;installation d&#8217;une anode en zinc pourrait potentiellement endommager la couche protectrice en cuivre-oxyde sur les tubes, ce qui pourrait entra\u00eener une corrosion.<\/p>\n<p><strong>Sp\u00e9cifications :<\/strong><\/p>\n<ul>\n<li><strong>Volume d&#8217;eau brute :<\/strong> 0,60 Litres<\/li>\n<li><strong>Volume d&#8217;eau moteur :<\/strong> 2,20 Litres<\/li>\n<li><strong>Capacit\u00e9 du r\u00e9servoir sup\u00e9rieur :<\/strong> 1,32 Litres<\/li>\n<li><strong>Hauteur :<\/strong> 200 mm (y compris le bouchon de pression)<\/li>\n<li><strong>Longueur :<\/strong> 346 mm<\/li>\n<li><strong>Mat\u00e9riau :<\/strong> Corps en aluminium LM6M, tubes en cupro-nickel et couvercles en bronze<\/li>\n<li><strong>Temp\u00e9rature de fonctionnement maximale :<\/strong> 100\u00b0C<\/li>\n<li><strong>Largeur :<\/strong> 110 mm<\/li>\n<li><strong>Marque :<\/strong> Bowman<\/li>\n<li><strong>Pays d&#8217;origine :<\/strong> Royaume-Uni<\/li>\n<li><strong>Dimensions des trous de montage :<\/strong> 120 mm x 52 mm<\/li>\n<li><strong>Pression maximale de l&#8217;eau moteur :<\/strong> 1 bar (selon la classification du bouchon de remplissage)<\/li>\n<li><strong>Taille des trous de fixation :<\/strong> M8 x 12<\/li>\n<li><strong>Puissance maximale :<\/strong> 70 CV (52 kW)<\/li>\n<li><strong>Taille des ports d&#8217;entr\u00e9e\/sortie :<\/strong> Entr\u00e9e d&#8217;eau brute : 3\/4&#8243; BSP, Sortie d&#8217;eau brute : 3\/4&#8243; BSP, Diam\u00e8tre du port d&#8217;eau moteur : 30 mm<\/li>\n<li><strong>Mod\u00e8le :<\/strong> EH200-3401-3<\/li>\n<li><strong>Classe de pression :<\/strong> Bouchon de remplissage : 10,8 PSI (0,75 Bar \/ 75 kPa)<\/li>\n<li><strong>D\u00e9bit maximal d&#8217;eau brute :<\/strong> 54 litres par minute<\/li>\n<li><strong>Pression maximale d&#8217;eau brute :<\/strong> 15 bar<\/li>\n<\/ul>\n<p>Ces informations devraient vous aider \u00e0 comprendre les caract\u00e9ristiques et les exigences de l&#8217;\u00e9changeur de chaleur Bowman EH200-3401-3.<\/p>\n","protected":false},"excerpt":{"rendered":"<p>Refroidisseur Bowman EH200-3401-3 &#8211; L&#8217;\u00e9changeur de chaleur Bowman EH200-3401-3 est sp\u00e9cifiquement con\u00e7u pour les moteurs produisant une puissance de 52<\/p>\n","protected":false},"featured_media":5943784,"comment_status":"open","ping_status":"closed","template":"","meta":[],"product_brand":[2844],"product_cat":[1216],"product_tag":[],"class_list":{"0":"post-729071","1":"product","2":"type-product","3":"status-publish","4":"has-post-thumbnail","6":"product_brand-bowman-fr","7":"product_cat-echangeurs-et-refroidisseurs-dhuile","9":"first","10":"instock","11":"shipping-taxable","12":"purchasable","13":"product-type-simple"},"_links":{"self":[{"href":"https:\/\/stoic-curie.212-227-153-4.plesk.page\/fr\/wp-json\/wp\/v2\/product\/729071","targetHints":{"allow":["GET"]}}],"collection":[{"href":"https:\/\/stoic-curie.212-227-153-4.plesk.page\/fr\/wp-json\/wp\/v2\/product"}],"about":[{"href":"https:\/\/stoic-curie.212-227-153-4.plesk.page\/fr\/wp-json\/wp\/v2\/types\/product"}],"replies":[{"embeddable":true,"href":"https:\/\/stoic-curie.212-227-153-4.plesk.page\/fr\/wp-json\/wp\/v2\/comments?post=729071"}],"version-history":[{"count":0,"href":"https:\/\/stoic-curie.212-227-153-4.plesk.page\/fr\/wp-json\/wp\/v2\/product\/729071\/revisions"}],"wp:featuredmedia":[{"embeddable":true,"href":"https:\/\/stoic-curie.212-227-153-4.plesk.page\/fr\/wp-json\/wp\/v2\/media\/5943784"}],"wp:attachment":[{"href":"https:\/\/stoic-curie.212-227-153-4.plesk.page\/fr\/wp-json\/wp\/v2\/media?parent=729071"}],"wp:term":[{"taxonomy":"product_brand","embeddable":true,"href":"https:\/\/stoic-curie.212-227-153-4.plesk.page\/fr\/wp-json\/wp\/v2\/product_brand?post=729071"},{"taxonomy":"product_cat","embeddable":true,"href":"https:\/\/stoic-curie.212-227-153-4.plesk.page\/fr\/wp-json\/wp\/v2\/product_cat?post=729071"},{"taxonomy":"product_tag","embeddable":true,"href":"https:\/\/stoic-curie.212-227-153-4.plesk.page\/fr\/wp-json\/wp\/v2\/product_tag?post=729071"}],"curies":[{"name":"wp","href":"https:\/\/api.w.org\/{rel}","templated":true}]}}