{"id":729078,"date":"2025-03-03T16:03:17","date_gmt":"2025-03-03T15:03:17","guid":{"rendered":"https:\/\/stoic-curie.212-227-153-4.plesk.page\/producto\/table-pliante-en-teck-mb-80-x-60-x-h-75-cm\/"},"modified":"2026-02-24T23:08:32","modified_gmt":"2026-02-24T23:08:32","slug":"table-pliante-en-teck-mb-80-x-60-x-h-75-cm","status":"publish","type":"product","link":"https:\/\/stoic-curie.212-227-153-4.plesk.page\/fr\/product\/table-pliante-en-teck-mb-80-x-60-x-h-75-cm\/","title":{"rendered":"Table pliante en teck MB, 80\u00a0x\u00a060\u00a0x\u00a0H\u00a075\u00a0cm"},"content":{"rendered":"<p>Table pliante en teck MB, 80\u00a0x\u00a060\u00a0x\u00a0H\u00a075\u00a0cm &#8211; <\/p>\n<p>Table en teck de haute qualit\u00e9, de grade marine et r\u00e9sistante aux rayons UV. Qualit\u00e9 exceptionnelle et finition sup\u00e9rieure. Quincaillerie en acier inoxydable 316.<\/p>\n","protected":false},"excerpt":{"rendered":"<p>Table pliante en teck MB, 80\u00a0x\u00a060\u00a0x\u00a0H\u00a075\u00a0cm &#8211; Table en teck de haute qualit\u00e9, de grade marine et r\u00e9sistante aux rayons<\/p>\n","protected":false},"featured_media":5943790,"comment_status":"open","ping_status":"closed","template":"","meta":[],"product_brand":[3109],"product_cat":[1068],"product_tag":[],"class_list":{"0":"post-729078","1":"product","2":"type-product","3":"status-publish","4":"has-post-thumbnail","6":"product_brand-marine-business-mb-fr","7":"product_cat-tables-et-chaises","9":"first","10":"instock","11":"shipping-taxable","12":"purchasable","13":"product-type-simple"},"_links":{"self":[{"href":"https:\/\/stoic-curie.212-227-153-4.plesk.page\/fr\/wp-json\/wp\/v2\/product\/729078","targetHints":{"allow":["GET"]}}],"collection":[{"href":"https:\/\/stoic-curie.212-227-153-4.plesk.page\/fr\/wp-json\/wp\/v2\/product"}],"about":[{"href":"https:\/\/stoic-curie.212-227-153-4.plesk.page\/fr\/wp-json\/wp\/v2\/types\/product"}],"replies":[{"embeddable":true,"href":"https:\/\/stoic-curie.212-227-153-4.plesk.page\/fr\/wp-json\/wp\/v2\/comments?post=729078"}],"version-history":[{"count":0,"href":"https:\/\/stoic-curie.212-227-153-4.plesk.page\/fr\/wp-json\/wp\/v2\/product\/729078\/revisions"}],"wp:featuredmedia":[{"embeddable":true,"href":"https:\/\/stoic-curie.212-227-153-4.plesk.page\/fr\/wp-json\/wp\/v2\/media\/5943790"}],"wp:attachment":[{"href":"https:\/\/stoic-curie.212-227-153-4.plesk.page\/fr\/wp-json\/wp\/v2\/media?parent=729078"}],"wp:term":[{"taxonomy":"product_brand","embeddable":true,"href":"https:\/\/stoic-curie.212-227-153-4.plesk.page\/fr\/wp-json\/wp\/v2\/product_brand?post=729078"},{"taxonomy":"product_cat","embeddable":true,"href":"https:\/\/stoic-curie.212-227-153-4.plesk.page\/fr\/wp-json\/wp\/v2\/product_cat?post=729078"},{"taxonomy":"product_tag","embeddable":true,"href":"https:\/\/stoic-curie.212-227-153-4.plesk.page\/fr\/wp-json\/wp\/v2\/product_tag?post=729078"}],"curies":[{"name":"wp","href":"https:\/\/api.w.org\/{rel}","templated":true}]}}