{"id":729079,"date":"2025-03-03T16:03:17","date_gmt":"2025-03-03T15:03:17","guid":{"rendered":"https:\/\/stoic-curie.212-227-153-4.plesk.page\/producto\/parachute-de-relevage-de-plongee-100-kg\/"},"modified":"2026-02-24T23:08:32","modified_gmt":"2026-02-24T23:08:32","slug":"parachute-de-relevage-de-plongee-100-kg","status":"publish","type":"product","link":"https:\/\/stoic-curie.212-227-153-4.plesk.page\/fr\/product\/parachute-de-relevage-de-plongee-100-kg\/","title":{"rendered":"Parachute de relevage de plong\u00e9e, 100\u00a0kg"},"content":{"rendered":"<p>Parachute de relevage de plong\u00e9e, 100\u00a0kg &#8211; <\/p>\n<p>Balloons de levage professionnels pour la plong\u00e9e, complets avec tresses, poign\u00e9es, \u00e9triers et soupapes. Tissus robustes Polyplan de 640 g\/m\u00b2 (30200 Kg) et tissus Complan de 900 g\/m\u00b2 (15002500 Kg).<\/p>\n","protected":false},"excerpt":{"rendered":"<p>Parachute de relevage de plong\u00e9e, 100\u00a0kg &#8211; Balloons de levage professionnels pour la plong\u00e9e, complets avec tresses, poign\u00e9es, \u00e9triers et<\/p>\n","protected":false},"featured_media":5942554,"comment_status":"open","ping_status":"closed","template":"","meta":[],"product_brand":[3489],"product_cat":[1270],"product_tag":[],"class_list":{"0":"post-729079","1":"product","2":"type-product","3":"status-publish","4":"has-post-thumbnail","6":"product_brand-trem-fr","7":"product_cat-accessoires-de-plongee-sous-marine","9":"first","10":"instock","11":"shipping-taxable","12":"purchasable","13":"product-type-simple"},"_links":{"self":[{"href":"https:\/\/stoic-curie.212-227-153-4.plesk.page\/fr\/wp-json\/wp\/v2\/product\/729079","targetHints":{"allow":["GET"]}}],"collection":[{"href":"https:\/\/stoic-curie.212-227-153-4.plesk.page\/fr\/wp-json\/wp\/v2\/product"}],"about":[{"href":"https:\/\/stoic-curie.212-227-153-4.plesk.page\/fr\/wp-json\/wp\/v2\/types\/product"}],"replies":[{"embeddable":true,"href":"https:\/\/stoic-curie.212-227-153-4.plesk.page\/fr\/wp-json\/wp\/v2\/comments?post=729079"}],"version-history":[{"count":0,"href":"https:\/\/stoic-curie.212-227-153-4.plesk.page\/fr\/wp-json\/wp\/v2\/product\/729079\/revisions"}],"wp:featuredmedia":[{"embeddable":true,"href":"https:\/\/stoic-curie.212-227-153-4.plesk.page\/fr\/wp-json\/wp\/v2\/media\/5942554"}],"wp:attachment":[{"href":"https:\/\/stoic-curie.212-227-153-4.plesk.page\/fr\/wp-json\/wp\/v2\/media?parent=729079"}],"wp:term":[{"taxonomy":"product_brand","embeddable":true,"href":"https:\/\/stoic-curie.212-227-153-4.plesk.page\/fr\/wp-json\/wp\/v2\/product_brand?post=729079"},{"taxonomy":"product_cat","embeddable":true,"href":"https:\/\/stoic-curie.212-227-153-4.plesk.page\/fr\/wp-json\/wp\/v2\/product_cat?post=729079"},{"taxonomy":"product_tag","embeddable":true,"href":"https:\/\/stoic-curie.212-227-153-4.plesk.page\/fr\/wp-json\/wp\/v2\/product_tag?post=729079"}],"curies":[{"name":"wp","href":"https:\/\/api.w.org\/{rel}","templated":true}]}}