{"id":729083,"date":"2025-03-03T16:03:17","date_gmt":"2025-03-03T15:03:17","guid":{"rendered":"https:\/\/stoic-curie.212-227-153-4.plesk.page\/producto\/rallonge-electrique-ip67-avec-fiche-femelle-32-a-et-fiche-male-16-a\/"},"modified":"2026-02-24T23:08:32","modified_gmt":"2026-02-24T23:08:32","slug":"rallonge-electrique-ip67-avec-fiche-femelle-32-a-et-fiche-male-16-a","status":"publish","type":"product","link":"https:\/\/stoic-curie.212-227-153-4.plesk.page\/fr\/product\/rallonge-electrique-ip67-avec-fiche-femelle-32-a-et-fiche-male-16-a\/","title":{"rendered":"Rallonge \u00e9lectrique IP67, avec fiche femelle 32\u00a0A et fiche m\u00e2le 16\u00a0A"},"content":{"rendered":"<p>Rallonge \u00e9lectrique IP67, avec fiche femelle 32\u00a0A et fiche m\u00e2le 16\u00a0A &#8211; <\/p>\n<p>C\u00e2bles d&#8217;extension adaptateurs de 50 cm avec prises et fiches CE \u00e9tanches IP67. 2106651 : adapte les ensembles de c\u00e2bles d&#8217;alimentation \u00e0 quai avec prise de 16A \u00e0 une prise d&#8217;alimentation \u00e0 quai de 32A. 2106653 : adapte les ensembles de c\u00e2bles d&#8217;alimentation \u00e0 quai avec prise de 32A \u00e0 une prise d&#8217;alimentation \u00e0 quai de 16A.  Avertissement : la puissance maximale autoris\u00e9e pour les deux c\u00e2bles est de 16A &#8211; 240V &#8211; (3KW)<\/p>\n","protected":false},"excerpt":{"rendered":"<p>Rallonge \u00e9lectrique IP67, avec fiche femelle 32\u00a0A et fiche m\u00e2le 16\u00a0A &#8211; C\u00e2bles d&#8217;extension adaptateurs de 50 cm avec prises<\/p>\n","protected":false},"featured_media":5942579,"comment_status":"open","ping_status":"closed","template":"","meta":[],"product_brand":[2167,2829],"product_cat":[1176],"product_tag":[],"class_list":{"0":"post-729083","1":"product","2":"type-product","3":"status-publish","4":"has-post-thumbnail","6":"product_brand-blue-sea-systems","7":"product_brand-blue-sea-systems-fr","8":"product_cat-prises-marinco","10":"first","11":"instock","12":"shipping-taxable","13":"purchasable","14":"product-type-simple"},"_links":{"self":[{"href":"https:\/\/stoic-curie.212-227-153-4.plesk.page\/fr\/wp-json\/wp\/v2\/product\/729083","targetHints":{"allow":["GET"]}}],"collection":[{"href":"https:\/\/stoic-curie.212-227-153-4.plesk.page\/fr\/wp-json\/wp\/v2\/product"}],"about":[{"href":"https:\/\/stoic-curie.212-227-153-4.plesk.page\/fr\/wp-json\/wp\/v2\/types\/product"}],"replies":[{"embeddable":true,"href":"https:\/\/stoic-curie.212-227-153-4.plesk.page\/fr\/wp-json\/wp\/v2\/comments?post=729083"}],"version-history":[{"count":0,"href":"https:\/\/stoic-curie.212-227-153-4.plesk.page\/fr\/wp-json\/wp\/v2\/product\/729083\/revisions"}],"wp:featuredmedia":[{"embeddable":true,"href":"https:\/\/stoic-curie.212-227-153-4.plesk.page\/fr\/wp-json\/wp\/v2\/media\/5942579"}],"wp:attachment":[{"href":"https:\/\/stoic-curie.212-227-153-4.plesk.page\/fr\/wp-json\/wp\/v2\/media?parent=729083"}],"wp:term":[{"taxonomy":"product_brand","embeddable":true,"href":"https:\/\/stoic-curie.212-227-153-4.plesk.page\/fr\/wp-json\/wp\/v2\/product_brand?post=729083"},{"taxonomy":"product_cat","embeddable":true,"href":"https:\/\/stoic-curie.212-227-153-4.plesk.page\/fr\/wp-json\/wp\/v2\/product_cat?post=729083"},{"taxonomy":"product_tag","embeddable":true,"href":"https:\/\/stoic-curie.212-227-153-4.plesk.page\/fr\/wp-json\/wp\/v2\/product_tag?post=729083"}],"curies":[{"name":"wp","href":"https:\/\/api.w.org\/{rel}","templated":true}]}}