{"id":729085,"date":"2025-03-03T16:03:18","date_gmt":"2025-03-03T15:03:18","guid":{"rendered":"https:\/\/stoic-curie.212-227-153-4.plesk.page\/producto\/cable-electrique-marinco-16-a-20-m\/"},"modified":"2026-02-24T23:08:32","modified_gmt":"2026-02-24T23:08:32","slug":"cable-electrique-marinco-16-a-20-m","status":"publish","type":"product","link":"https:\/\/stoic-curie.212-227-153-4.plesk.page\/fr\/product\/cable-electrique-marinco-16-a-20-m\/","title":{"rendered":"C\u00e2ble \u00e9lectrique Marinco, 16\u00a0A, 20\u00a0m"},"content":{"rendered":"<p>C\u00e2ble \u00e9lectrique Marinco, 16\u00a0A, 20\u00a0m &#8211; <\/p>\n<p>Cordons \u00e9lectriques \u00e0 quai avec prise Marinco et fiche CE IP67. Livr\u00e9 avec un capuchon de protection.<\/p>\n","protected":false},"excerpt":{"rendered":"<p>C\u00e2ble \u00e9lectrique Marinco, 16\u00a0A, 20\u00a0m &#8211; Cordons \u00e9lectriques \u00e0 quai avec prise Marinco et fiche CE IP67. Livr\u00e9 avec un<\/p>\n","protected":false},"featured_media":5942583,"comment_status":"open","ping_status":"closed","template":"","meta":[],"product_brand":[3104],"product_cat":[1176],"product_tag":[],"class_list":{"0":"post-729085","1":"product","2":"type-product","3":"status-publish","4":"has-post-thumbnail","6":"product_brand-marinco-fr","7":"product_cat-prises-marinco","9":"first","10":"instock","11":"shipping-taxable","12":"purchasable","13":"product-type-simple"},"_links":{"self":[{"href":"https:\/\/stoic-curie.212-227-153-4.plesk.page\/fr\/wp-json\/wp\/v2\/product\/729085","targetHints":{"allow":["GET"]}}],"collection":[{"href":"https:\/\/stoic-curie.212-227-153-4.plesk.page\/fr\/wp-json\/wp\/v2\/product"}],"about":[{"href":"https:\/\/stoic-curie.212-227-153-4.plesk.page\/fr\/wp-json\/wp\/v2\/types\/product"}],"replies":[{"embeddable":true,"href":"https:\/\/stoic-curie.212-227-153-4.plesk.page\/fr\/wp-json\/wp\/v2\/comments?post=729085"}],"version-history":[{"count":0,"href":"https:\/\/stoic-curie.212-227-153-4.plesk.page\/fr\/wp-json\/wp\/v2\/product\/729085\/revisions"}],"wp:featuredmedia":[{"embeddable":true,"href":"https:\/\/stoic-curie.212-227-153-4.plesk.page\/fr\/wp-json\/wp\/v2\/media\/5942583"}],"wp:attachment":[{"href":"https:\/\/stoic-curie.212-227-153-4.plesk.page\/fr\/wp-json\/wp\/v2\/media?parent=729085"}],"wp:term":[{"taxonomy":"product_brand","embeddable":true,"href":"https:\/\/stoic-curie.212-227-153-4.plesk.page\/fr\/wp-json\/wp\/v2\/product_brand?post=729085"},{"taxonomy":"product_cat","embeddable":true,"href":"https:\/\/stoic-curie.212-227-153-4.plesk.page\/fr\/wp-json\/wp\/v2\/product_cat?post=729085"},{"taxonomy":"product_tag","embeddable":true,"href":"https:\/\/stoic-curie.212-227-153-4.plesk.page\/fr\/wp-json\/wp\/v2\/product_tag?post=729085"}],"curies":[{"name":"wp","href":"https:\/\/api.w.org\/{rel}","templated":true}]}}