{"id":729086,"date":"2025-03-03T16:03:18","date_gmt":"2025-03-03T15:03:18","guid":{"rendered":"https:\/\/stoic-curie.212-227-153-4.plesk.page\/producto\/kit-de-propulseur-detrave-quick-btq-185-85-double-12-v\/"},"modified":"2026-02-24T23:08:32","modified_gmt":"2026-02-24T23:08:32","slug":"kit-de-propulseur-detrave-quick-btq-185-85-double-12-v","status":"publish","type":"product","link":"https:\/\/stoic-curie.212-227-153-4.plesk.page\/fr\/product\/kit-de-propulseur-detrave-quick-btq-185-85-double-12-v\/","title":{"rendered":"Kit de propulseur d\u2019\u00e9trave Quick BTQ 185-85 double, 12\u00a0V"},"content":{"rendered":"<p>Kit de propulseur d\u2019\u00e9trave Quick BTQ 185-85 double, 12\u00a0V &#8211; <\/p>\n<p style=\"color: rgb(34, 34, 34); font-family: Arial, Helvetica, sans-serif; font-size: small;\">Nous vous pr\u00e9sentons le Kit d&#8217;Installation Rapide Complet pour Propulseurs de Proue, con\u00e7u pour faciliter l&#8217;installation et optimiser les performances. Ce kit est compos\u00e9 d&#8217;un mat\u00e9riau composite robuste pour le carter de protection, d&#8217;une bo\u00eete de vitesses en bronze durable et d&#8217;un accouplement \u00e9lastique pour une fonctionnalit\u00e9 am\u00e9lior\u00e9e.<\/p>\n<p style=\"color: rgb(34, 34, 34); font-family: Arial, Helvetica, sans-serif; font-size: small;\">Le kit comprend :<\/p>\n<ul style=\"color: rgb(34, 34, 34); font-family: Arial, Helvetica, sans-serif; font-size: small;\">\n<li>Tunnel : Disponible en longueurs de 75 cm (pour BTQ 125\/140) et 100 cm (pour BTQ 185)<\/li>\n<li>Panneaux de Contr\u00f4le : Panneau tactile TCD1022 (pour BTQ 125\/140) et joystick TCD1042 (pour BTQ 185)<\/li>\n<li>C\u00e2bles \u00c9lectriques : 6 m (pour BTQ 125\/140) et 12 m (pour BTQ 185)<\/li>\n<li>Fusible et porte-fusible<\/li>\n<\/ul>\n<p style=\"color: rgb(34, 34, 34); font-family: Arial, Helvetica, sans-serif; font-size: small;\">Le propulseur Quick BTQ 185-85 12V DC est recommand\u00e9 pour les bateaux mesurant entre 8 et 15 m\u00e8tres (26 \u00e0 49 pieds) de long. Ce mod\u00e8le dispose de deux h\u00e9lices tournant en sens inverse fabriqu\u00e9es \u00e0 partir d&#8217;un mat\u00e9riau composite robuste, d&#8217;une bo\u00eete de vitesses en bronze et d&#8217;un carter protecteur fabriqu\u00e9 en mat\u00e9riau composite durable. Il est \u00e9quip\u00e9 d&#8217;un accouplement \u00e9lastique et comprend un anode en zinc qui est ind\u00e9pendant de la bo\u00eete de vitesses, permettant un remplacement facile.<\/p>\n<p style=\"color: rgb(34, 34, 34); font-family: Arial, Helvetica, sans-serif; font-size: small;\">Sp\u00e9cifications :<\/p>\n<ul style=\"color: rgb(34, 34, 34); font-family: Arial, Helvetica, sans-serif; font-size: small;\">\n<li>Mod\u00e8le : BTQ 185-85 (12V)<\/li>\n<li>Type d&#8217;H\u00e9lice : Deux h\u00e9lices contrarotatives<\/li>\n<li>Diam\u00e8tre du Tunnel : 185 mm (7&#8243; 18\/64)<\/li>\n<li>Puissance du Moteur : 4.3 kW<\/li>\n<li>Voltage : 12V<\/li>\n<li>Intensit\u00e9 de Fusible : 400A CNL DIN<\/li>\n<li>Propulsion : 85 kgf (187.4 lb)<\/li>\n<li>Poids : 17.9 kg (39.4 lb)<\/li>\n<\/ul>\n<p style=\"color: rgb(34, 34, 34); font-family: Arial, Helvetica, sans-serif; font-size: small;\">Ce kit complet garantit que vous disposez de tout ce qu&#8217;il vous faut pour une installation fiable et efficace de votre propulseur de proue, am\u00e9liorant ainsi votre exp\u00e9rience nautique.<\/p>\n","protected":false},"excerpt":{"rendered":"<p>Kit de propulseur d\u2019\u00e9trave Quick BTQ 185-85 double, 12\u00a0V &#8211; Nous vous pr\u00e9sentons le Kit d&#8217;Installation Rapide Complet pour Propulseurs<\/p>\n","protected":false},"featured_media":5941977,"comment_status":"open","ping_status":"closed","template":"","meta":[],"product_brand":[3279],"product_cat":[1036],"product_tag":[],"class_list":{"0":"post-729086","1":"product","2":"type-product","3":"status-publish","4":"has-post-thumbnail","6":"product_brand-quick-fr","7":"product_cat-propulseurs-detrave-quick","9":"first","10":"instock","11":"shipping-taxable","12":"purchasable","13":"product-type-simple"},"_links":{"self":[{"href":"https:\/\/stoic-curie.212-227-153-4.plesk.page\/fr\/wp-json\/wp\/v2\/product\/729086","targetHints":{"allow":["GET"]}}],"collection":[{"href":"https:\/\/stoic-curie.212-227-153-4.plesk.page\/fr\/wp-json\/wp\/v2\/product"}],"about":[{"href":"https:\/\/stoic-curie.212-227-153-4.plesk.page\/fr\/wp-json\/wp\/v2\/types\/product"}],"replies":[{"embeddable":true,"href":"https:\/\/stoic-curie.212-227-153-4.plesk.page\/fr\/wp-json\/wp\/v2\/comments?post=729086"}],"version-history":[{"count":0,"href":"https:\/\/stoic-curie.212-227-153-4.plesk.page\/fr\/wp-json\/wp\/v2\/product\/729086\/revisions"}],"wp:featuredmedia":[{"embeddable":true,"href":"https:\/\/stoic-curie.212-227-153-4.plesk.page\/fr\/wp-json\/wp\/v2\/media\/5941977"}],"wp:attachment":[{"href":"https:\/\/stoic-curie.212-227-153-4.plesk.page\/fr\/wp-json\/wp\/v2\/media?parent=729086"}],"wp:term":[{"taxonomy":"product_brand","embeddable":true,"href":"https:\/\/stoic-curie.212-227-153-4.plesk.page\/fr\/wp-json\/wp\/v2\/product_brand?post=729086"},{"taxonomy":"product_cat","embeddable":true,"href":"https:\/\/stoic-curie.212-227-153-4.plesk.page\/fr\/wp-json\/wp\/v2\/product_cat?post=729086"},{"taxonomy":"product_tag","embeddable":true,"href":"https:\/\/stoic-curie.212-227-153-4.plesk.page\/fr\/wp-json\/wp\/v2\/product_tag?post=729086"}],"curies":[{"name":"wp","href":"https:\/\/api.w.org\/{rel}","templated":true}]}}