{"id":729090,"date":"2025-03-03T16:03:18","date_gmt":"2025-03-03T15:03:18","guid":{"rendered":"https:\/\/stoic-curie.212-227-153-4.plesk.page\/producto\/kit-ocean-evolution-de-conversion-de-wc-manuel-en-wc-electrique-12-v\/"},"modified":"2026-02-24T23:08:32","modified_gmt":"2026-02-24T23:08:32","slug":"kit-ocean-evolution-de-conversion-de-wc-manuel-en-wc-electrique-12-v","status":"publish","type":"product","link":"https:\/\/stoic-curie.212-227-153-4.plesk.page\/fr\/product\/kit-ocean-evolution-de-conversion-de-wc-manuel-en-wc-electrique-12-v\/","title":{"rendered":"Kit Ocean Evolution de conversion de WC manuel en WC \u00e9lectrique 12\u00a0V"},"content":{"rendered":"<p>Kit Ocean Evolution de conversion de WC manuel en WC \u00e9lectrique 12\u00a0V &#8211; <\/p>\n<p>Kit \u00e9lectrique utilis\u00e9 pour convertir une toilette manuelle en toilette \u00e9lectrique de type Evolution. Facile \u00e0 installer, il remplace la pompe manuelle. \u00c9quip\u00e9 d&#8217;une pompe silencieuse de nouvelle g\u00e9n\u00e9ration avec une consommation d&#8217;eau r\u00e9duite. S&#8217;adapte \u00e0 toute toilette avec 4 fixations \u00e0 boulon et un empattement de 95 mm comme Ocean\/TMC\/Jabsco\/Raritan\/RM69\/Johnson\/Thetford\/Lalizas. Connexion du port de d\u00e9charge orientable \u00e0 360\u00b0.<\/p>\n","protected":false},"excerpt":{"rendered":"<p>Kit Ocean Evolution de conversion de WC manuel en WC \u00e9lectrique 12\u00a0V &#8211; Kit \u00e9lectrique utilis\u00e9 pour convertir une toilette<\/p>\n","protected":false},"featured_media":5942614,"comment_status":"open","ping_status":"closed","template":"","meta":[],"product_brand":[3139],"product_cat":[1101],"product_tag":[],"class_list":{"0":"post-729090","1":"product","2":"type-product","3":"status-publish","4":"has-post-thumbnail","6":"product_brand-matromarine-fr","7":"product_cat-toilettes-marines","9":"first","10":"instock","11":"shipping-taxable","12":"purchasable","13":"product-type-simple"},"_links":{"self":[{"href":"https:\/\/stoic-curie.212-227-153-4.plesk.page\/fr\/wp-json\/wp\/v2\/product\/729090","targetHints":{"allow":["GET"]}}],"collection":[{"href":"https:\/\/stoic-curie.212-227-153-4.plesk.page\/fr\/wp-json\/wp\/v2\/product"}],"about":[{"href":"https:\/\/stoic-curie.212-227-153-4.plesk.page\/fr\/wp-json\/wp\/v2\/types\/product"}],"replies":[{"embeddable":true,"href":"https:\/\/stoic-curie.212-227-153-4.plesk.page\/fr\/wp-json\/wp\/v2\/comments?post=729090"}],"version-history":[{"count":0,"href":"https:\/\/stoic-curie.212-227-153-4.plesk.page\/fr\/wp-json\/wp\/v2\/product\/729090\/revisions"}],"wp:featuredmedia":[{"embeddable":true,"href":"https:\/\/stoic-curie.212-227-153-4.plesk.page\/fr\/wp-json\/wp\/v2\/media\/5942614"}],"wp:attachment":[{"href":"https:\/\/stoic-curie.212-227-153-4.plesk.page\/fr\/wp-json\/wp\/v2\/media?parent=729090"}],"wp:term":[{"taxonomy":"product_brand","embeddable":true,"href":"https:\/\/stoic-curie.212-227-153-4.plesk.page\/fr\/wp-json\/wp\/v2\/product_brand?post=729090"},{"taxonomy":"product_cat","embeddable":true,"href":"https:\/\/stoic-curie.212-227-153-4.plesk.page\/fr\/wp-json\/wp\/v2\/product_cat?post=729090"},{"taxonomy":"product_tag","embeddable":true,"href":"https:\/\/stoic-curie.212-227-153-4.plesk.page\/fr\/wp-json\/wp\/v2\/product_tag?post=729090"}],"curies":[{"name":"wp","href":"https:\/\/api.w.org\/{rel}","templated":true}]}}