{"id":729091,"date":"2025-03-03T16:03:18","date_gmt":"2025-03-03T15:03:18","guid":{"rendered":"https:\/\/stoic-curie.212-227-153-4.plesk.page\/producto\/antenne-fm-glomex-ra300fm-12-m\/"},"modified":"2026-02-24T23:08:32","modified_gmt":"2026-02-24T23:08:32","slug":"antenne-fm-glomex-ra300fm-12-m","status":"publish","type":"product","link":"https:\/\/stoic-curie.212-227-153-4.plesk.page\/fr\/product\/antenne-fm-glomex-ra300fm-12-m\/","title":{"rendered":"Antenne FM Glomex RA300FM, 1,2\u00a0m"},"content":{"rendered":"<p>Antenne FM Glomex RA300FM, 1,2\u00a0m &#8211; <\/p>\n<p>Antenne FM RA300FM flexible en fibre de verre r\u00e9sistante aux UV pour tous types de bateaux. Le connecteur FME permet une installation rapide et facile gr\u00e2ce aux c\u00e2bles et adaptateurs branch\u00e9s. Base filet\u00e9e de 5\/8&#8243; x 24. 100W \/ FM 88\/108 MHz \/ 93 Ohm. Hauteur : 1,2 m. Avec l&#8217;extension ou l&#8217;adaptateur, l&#8217;antenne peut \u00eatre mont\u00e9e sur des bases filet\u00e9es de 1&#8243; x 14. Le connecteur permet de relier le filetage FME \u00e0 la connexion coaxiale PL258.<\/p>\n","protected":false},"excerpt":{"rendered":"<p>Antenne FM Glomex RA300FM, 1,2\u00a0m &#8211; Antenne FM RA300FM flexible en fibre de verre r\u00e9sistante aux UV pour tous types<\/p>\n","protected":false},"featured_media":5943797,"comment_status":"open","ping_status":"closed","template":"","meta":[],"product_brand":[2979],"product_cat":[1159],"product_tag":[],"class_list":{"0":"post-729091","1":"product","2":"type-product","3":"status-publish","4":"has-post-thumbnail","6":"product_brand-glomex-fr","7":"product_cat-stereo-et-haut-parleurs","9":"first","10":"instock","11":"shipping-taxable","12":"purchasable","13":"product-type-simple"},"_links":{"self":[{"href":"https:\/\/stoic-curie.212-227-153-4.plesk.page\/fr\/wp-json\/wp\/v2\/product\/729091","targetHints":{"allow":["GET"]}}],"collection":[{"href":"https:\/\/stoic-curie.212-227-153-4.plesk.page\/fr\/wp-json\/wp\/v2\/product"}],"about":[{"href":"https:\/\/stoic-curie.212-227-153-4.plesk.page\/fr\/wp-json\/wp\/v2\/types\/product"}],"replies":[{"embeddable":true,"href":"https:\/\/stoic-curie.212-227-153-4.plesk.page\/fr\/wp-json\/wp\/v2\/comments?post=729091"}],"version-history":[{"count":0,"href":"https:\/\/stoic-curie.212-227-153-4.plesk.page\/fr\/wp-json\/wp\/v2\/product\/729091\/revisions"}],"wp:featuredmedia":[{"embeddable":true,"href":"https:\/\/stoic-curie.212-227-153-4.plesk.page\/fr\/wp-json\/wp\/v2\/media\/5943797"}],"wp:attachment":[{"href":"https:\/\/stoic-curie.212-227-153-4.plesk.page\/fr\/wp-json\/wp\/v2\/media?parent=729091"}],"wp:term":[{"taxonomy":"product_brand","embeddable":true,"href":"https:\/\/stoic-curie.212-227-153-4.plesk.page\/fr\/wp-json\/wp\/v2\/product_brand?post=729091"},{"taxonomy":"product_cat","embeddable":true,"href":"https:\/\/stoic-curie.212-227-153-4.plesk.page\/fr\/wp-json\/wp\/v2\/product_cat?post=729091"},{"taxonomy":"product_tag","embeddable":true,"href":"https:\/\/stoic-curie.212-227-153-4.plesk.page\/fr\/wp-json\/wp\/v2\/product_tag?post=729091"}],"curies":[{"name":"wp","href":"https:\/\/api.w.org\/{rel}","templated":true}]}}