{"id":729093,"date":"2025-03-03T16:03:19","date_gmt":"2025-03-03T15:03:19","guid":{"rendered":"https:\/\/stoic-curie.212-227-153-4.plesk.page\/producto\/boite-a-batterie-professionnelle-710-x-457-x-h-300-mm\/"},"modified":"2026-02-24T23:08:32","modified_gmt":"2026-02-24T23:08:32","slug":"boite-a-batterie-professionnelle-710-x-457-x-h-300-mm","status":"publish","type":"product","link":"https:\/\/stoic-curie.212-227-153-4.plesk.page\/fr\/product\/boite-a-batterie-professionnelle-710-x-457-x-h-300-mm\/","title":{"rendered":"Bo\u00eete \u00e0 batterie professionnelle, 710\u00a0x\u00a0457\u00a0x\u00a0H\u00a0300\u00a0mm"},"content":{"rendered":"<p>Bo\u00eete \u00e0 batterie professionnelle, 710\u00a0x\u00a0457\u00a0x\u00a0H\u00a0300\u00a0mm &#8211; <\/p>\n<p>Bo\u00eete \u00e0 batteries professionnelle pour batteries de 200 amp\u00e8res ou plus.<\/p>\n","protected":false},"excerpt":{"rendered":"<p>Bo\u00eete \u00e0 batterie professionnelle, 710\u00a0x\u00a0457\u00a0x\u00a0H\u00a0300\u00a0mm &#8211; Bo\u00eete \u00e0 batteries professionnelle pour batteries de 200 amp\u00e8res ou plus.<\/p>\n","protected":false},"featured_media":5942637,"comment_status":"open","ping_status":"closed","template":"","meta":[],"product_brand":[2854],"product_cat":[1155],"product_tag":[],"class_list":{"0":"post-729093","1":"product","2":"type-product","3":"status-publish","4":"has-post-thumbnail","6":"product_brand-can-marine-fr","7":"product_cat-batteries-materiel-electrique","9":"first","10":"instock","11":"shipping-taxable","12":"purchasable","13":"product-type-simple"},"_links":{"self":[{"href":"https:\/\/stoic-curie.212-227-153-4.plesk.page\/fr\/wp-json\/wp\/v2\/product\/729093","targetHints":{"allow":["GET"]}}],"collection":[{"href":"https:\/\/stoic-curie.212-227-153-4.plesk.page\/fr\/wp-json\/wp\/v2\/product"}],"about":[{"href":"https:\/\/stoic-curie.212-227-153-4.plesk.page\/fr\/wp-json\/wp\/v2\/types\/product"}],"replies":[{"embeddable":true,"href":"https:\/\/stoic-curie.212-227-153-4.plesk.page\/fr\/wp-json\/wp\/v2\/comments?post=729093"}],"version-history":[{"count":0,"href":"https:\/\/stoic-curie.212-227-153-4.plesk.page\/fr\/wp-json\/wp\/v2\/product\/729093\/revisions"}],"wp:featuredmedia":[{"embeddable":true,"href":"https:\/\/stoic-curie.212-227-153-4.plesk.page\/fr\/wp-json\/wp\/v2\/media\/5942637"}],"wp:attachment":[{"href":"https:\/\/stoic-curie.212-227-153-4.plesk.page\/fr\/wp-json\/wp\/v2\/media?parent=729093"}],"wp:term":[{"taxonomy":"product_brand","embeddable":true,"href":"https:\/\/stoic-curie.212-227-153-4.plesk.page\/fr\/wp-json\/wp\/v2\/product_brand?post=729093"},{"taxonomy":"product_cat","embeddable":true,"href":"https:\/\/stoic-curie.212-227-153-4.plesk.page\/fr\/wp-json\/wp\/v2\/product_cat?post=729093"},{"taxonomy":"product_tag","embeddable":true,"href":"https:\/\/stoic-curie.212-227-153-4.plesk.page\/fr\/wp-json\/wp\/v2\/product_tag?post=729093"}],"curies":[{"name":"wp","href":"https:\/\/api.w.org\/{rel}","templated":true}]}}