{"id":729094,"date":"2025-03-03T16:03:19","date_gmt":"2025-03-03T15:03:19","guid":{"rendered":"https:\/\/stoic-curie.212-227-153-4.plesk.page\/producto\/reservoir-a-carburant-en-plastique-rectangulaire-can-sb-140-l\/"},"modified":"2026-02-24T23:08:32","modified_gmt":"2026-02-24T23:08:32","slug":"reservoir-a-carburant-en-plastique-rectangulaire-can-sb-140-l","status":"publish","type":"product","link":"https:\/\/stoic-curie.212-227-153-4.plesk.page\/fr\/product\/reservoir-a-carburant-en-plastique-rectangulaire-can-sb-140-l\/","title":{"rendered":"R\u00e9servoir de carburant en plastique CAN-SB Bravo 1 140 lt"},"content":{"rendered":"<p>R\u00e9servoir de carburant en plastique CAN-SB Bravo 1 140 lt &#8211; <\/p>\n<p>Nous sommes heureux de vous pr\u00e9senter le r\u00e9servoir \u00e0 carburant en plastique CAN-SB Bravo 1, un r\u00e9servoir rectangulaire en poly\u00e9thyl\u00e8ne haute densit\u00e9. Ce r\u00e9servoir a une capacit\u00e9 de 140 litres et des dimensions de 890 x 820 x 260 mm. Il est sp\u00e9cialement con\u00e7u pour le stockage s\u00e9curis\u00e9 des acides et des carburants.<\/p>\n<p>Le r\u00e9servoir est \u00e9quip\u00e9 d&#8217;un panneau d&#8217;inspection avec un capuchon, une ventilation de 17\/19 mm, un tube de jauge \u00e0 carburant de 12 mm et un orifice d&#8217;entr\u00e9e mesurant 38\/50\/60 mm. Il d\u00e9tient une certification CE-ISO21487, confirmant qu&#8217;il respecte les normes de s\u00e9curit\u00e9. Les raccords du panneau d&#8217;inspection sont \u00e0 85 mm de hauteur, facilitant ainsi l&#8217;acc\u00e8s et l&#8217;entretien.<\/p>\n<p>De plus, le r\u00e9servoir est fourni avec un syst\u00e8me de pr\u00e9l\u00e8vement de carburant et est pr\u00eat \u00e0 \u00eatre utilis\u00e9 imm\u00e9diatement. Le panneau d&#8217;inspection est compatible avec des jauges \u00e0 carburant m\u00e9caniques et \u00e9lectriques, et comprend un terminal coud\u00e9 de 1\/4\u201d pour un tuyau en caoutchouc. Ce terminal peut servir pour un pr\u00e9l\u00e8vement de carburant suppl\u00e9mentaire ou pour un retour de diesel dans des installations permanentes.<\/p>\n","protected":false},"excerpt":{"rendered":"<p>R\u00e9servoir de carburant en plastique CAN-SB Bravo 1 140 lt &#8211; Nous sommes heureux de vous pr\u00e9senter le r\u00e9servoir \u00e0<\/p>\n","protected":false},"featured_media":5943804,"comment_status":"open","ping_status":"closed","template":"","meta":[],"product_brand":[2854],"product_cat":[1226],"product_tag":[],"class_list":{"0":"post-729094","1":"product","2":"type-product","3":"status-publish","4":"has-post-thumbnail","6":"product_brand-can-marine-fr","7":"product_cat-reservoirs-de-carburant","9":"first","10":"instock","11":"shipping-taxable","12":"purchasable","13":"product-type-simple"},"_links":{"self":[{"href":"https:\/\/stoic-curie.212-227-153-4.plesk.page\/fr\/wp-json\/wp\/v2\/product\/729094","targetHints":{"allow":["GET"]}}],"collection":[{"href":"https:\/\/stoic-curie.212-227-153-4.plesk.page\/fr\/wp-json\/wp\/v2\/product"}],"about":[{"href":"https:\/\/stoic-curie.212-227-153-4.plesk.page\/fr\/wp-json\/wp\/v2\/types\/product"}],"replies":[{"embeddable":true,"href":"https:\/\/stoic-curie.212-227-153-4.plesk.page\/fr\/wp-json\/wp\/v2\/comments?post=729094"}],"version-history":[{"count":0,"href":"https:\/\/stoic-curie.212-227-153-4.plesk.page\/fr\/wp-json\/wp\/v2\/product\/729094\/revisions"}],"wp:featuredmedia":[{"embeddable":true,"href":"https:\/\/stoic-curie.212-227-153-4.plesk.page\/fr\/wp-json\/wp\/v2\/media\/5943804"}],"wp:attachment":[{"href":"https:\/\/stoic-curie.212-227-153-4.plesk.page\/fr\/wp-json\/wp\/v2\/media?parent=729094"}],"wp:term":[{"taxonomy":"product_brand","embeddable":true,"href":"https:\/\/stoic-curie.212-227-153-4.plesk.page\/fr\/wp-json\/wp\/v2\/product_brand?post=729094"},{"taxonomy":"product_cat","embeddable":true,"href":"https:\/\/stoic-curie.212-227-153-4.plesk.page\/fr\/wp-json\/wp\/v2\/product_cat?post=729094"},{"taxonomy":"product_tag","embeddable":true,"href":"https:\/\/stoic-curie.212-227-153-4.plesk.page\/fr\/wp-json\/wp\/v2\/product_tag?post=729094"}],"curies":[{"name":"wp","href":"https:\/\/api.w.org\/{rel}","templated":true}]}}