{"id":729095,"date":"2025-03-03T16:03:19","date_gmt":"2025-03-03T15:03:19","guid":{"rendered":"https:\/\/stoic-curie.212-227-153-4.plesk.page\/producto\/filtre-a-essence-10-microns-ecologique-pour-moteurs-mercury-et-yamaha\/"},"modified":"2026-02-24T23:08:32","modified_gmt":"2026-02-24T23:08:32","slug":"filtre-a-essence-10-microns-ecologique-pour-moteurs-mercury-et-yamaha","status":"publish","type":"product","link":"https:\/\/stoic-curie.212-227-153-4.plesk.page\/fr\/product\/filtre-a-essence-10-microns-ecologique-pour-moteurs-mercury-et-yamaha\/","title":{"rendered":"Filtre \u00e0 essence 10\u00a0microns \u00e9cologique, pour moteurs Mercury et Yamaha"},"content":{"rendered":"<p>Filtre \u00e0 essence 10\u00a0microns \u00e9cologique, pour moteurs Mercury et Yamaha &#8211; <\/p>\n<p>Filtre \u00e0 essence avec bol transparent et vis de purge. Excellente capacit\u00e9 de filtration et de s\u00e9paration eau\/essence. Livr\u00e9 avec un filtre \u00e0 cartouche en papier r\u00e9utilisable de 10 microns. Id\u00e9al pour les hors-bord.<\/p>\n","protected":false},"excerpt":{"rendered":"<p>Filtre \u00e0 essence 10\u00a0microns \u00e9cologique, pour moteurs Mercury et Yamaha &#8211; Filtre \u00e0 essence avec bol transparent et vis de<\/p>\n","protected":false},"featured_media":5943807,"comment_status":"open","ping_status":"closed","template":"","meta":[],"product_brand":[3389],"product_cat":[1253,1257,1241],"product_tag":[],"class_list":{"0":"post-729095","1":"product","2":"type-product","3":"status-publish","4":"has-post-thumbnail","6":"product_brand-sierra-marine-fr","7":"product_cat-accessoires-hors-bord","8":"product_cat-pieces-detachees-hors-bord-yamaha","9":"product_cat-pieces-detachees-pour-hors-bord-mercury-et-mariner","11":"first","12":"instock","13":"shipping-taxable","14":"purchasable","15":"product-type-simple"},"_links":{"self":[{"href":"https:\/\/stoic-curie.212-227-153-4.plesk.page\/fr\/wp-json\/wp\/v2\/product\/729095","targetHints":{"allow":["GET"]}}],"collection":[{"href":"https:\/\/stoic-curie.212-227-153-4.plesk.page\/fr\/wp-json\/wp\/v2\/product"}],"about":[{"href":"https:\/\/stoic-curie.212-227-153-4.plesk.page\/fr\/wp-json\/wp\/v2\/types\/product"}],"replies":[{"embeddable":true,"href":"https:\/\/stoic-curie.212-227-153-4.plesk.page\/fr\/wp-json\/wp\/v2\/comments?post=729095"}],"version-history":[{"count":0,"href":"https:\/\/stoic-curie.212-227-153-4.plesk.page\/fr\/wp-json\/wp\/v2\/product\/729095\/revisions"}],"wp:featuredmedia":[{"embeddable":true,"href":"https:\/\/stoic-curie.212-227-153-4.plesk.page\/fr\/wp-json\/wp\/v2\/media\/5943807"}],"wp:attachment":[{"href":"https:\/\/stoic-curie.212-227-153-4.plesk.page\/fr\/wp-json\/wp\/v2\/media?parent=729095"}],"wp:term":[{"taxonomy":"product_brand","embeddable":true,"href":"https:\/\/stoic-curie.212-227-153-4.plesk.page\/fr\/wp-json\/wp\/v2\/product_brand?post=729095"},{"taxonomy":"product_cat","embeddable":true,"href":"https:\/\/stoic-curie.212-227-153-4.plesk.page\/fr\/wp-json\/wp\/v2\/product_cat?post=729095"},{"taxonomy":"product_tag","embeddable":true,"href":"https:\/\/stoic-curie.212-227-153-4.plesk.page\/fr\/wp-json\/wp\/v2\/product_tag?post=729095"}],"curies":[{"name":"wp","href":"https:\/\/api.w.org\/{rel}","templated":true}]}}