{"id":729098,"date":"2025-03-03T16:03:19","date_gmt":"2025-03-03T15:03:19","guid":{"rendered":"https:\/\/stoic-curie.212-227-153-4.plesk.page\/producto\/veste-helly-hansen-pier-3-0-bleue-taille-xl\/"},"modified":"2026-02-24T23:08:32","modified_gmt":"2026-02-24T23:08:32","slug":"veste-helly-hansen-pier-3-0-bleue-taille-xl","status":"publish","type":"product","link":"https:\/\/stoic-curie.212-227-153-4.plesk.page\/fr\/product\/veste-helly-hansen-pier-3-0-bleue-taille-xl\/","title":{"rendered":"Veste Helly Hansen Pier 3.0 bleue, taille\u00a0XL"},"content":{"rendered":"<p>Veste Helly Hansen Pier 3.0 bleue, taille\u00a0XL &#8211; <\/p>\n<p>La veste Helly Hansen Pier 3.0 est id\u00e9ale pour toute activit\u00e9 c\u00f4ti\u00e8re ou nautique. Avec sa construction HellyTech Performance en 2 couches, elle est trait\u00e9e pour \u00eatre durablement imperm\u00e9able (DWR), coupe-vent et respirante. La veste dispose de coutures enti\u00e8rement scell\u00e9es, d&#8217;une doublure en mesh qui s\u00e8che rapidement, d&#8217;une patte de temp\u00eate, de poignets ajustables doubles, d&#8217;un ourlet et d&#8217;une taille ajustables, de poches pour garder les mains au chaud, de manches articul\u00e9es, d&#8217;un col en polaire haut protecteur, d&#8217;une capuche ajustable \u00e0 haute visibilit\u00e9 EN471 et d&#8217;\u00e9l\u00e9ments r\u00e9fl\u00e9chissants conformes aux exigences Solas.<\/p>\n","protected":false},"excerpt":{"rendered":"<p>Veste Helly Hansen Pier 3.0 bleue, taille\u00a0XL &#8211; La veste Helly Hansen Pier 3.0 est id\u00e9ale pour toute activit\u00e9 c\u00f4ti\u00e8re<\/p>\n","protected":false},"featured_media":5943810,"comment_status":"open","ping_status":"closed","template":"","meta":[],"product_brand":[2999],"product_cat":[1283],"product_tag":[],"class_list":{"0":"post-729098","1":"product","2":"type-product","3":"status-publish","4":"has-post-thumbnail","6":"product_brand-helly-hansen-fr","7":"product_cat-vetements-nautiques-helly-hansen","9":"first","10":"instock","11":"shipping-taxable","12":"purchasable","13":"product-type-simple"},"_links":{"self":[{"href":"https:\/\/stoic-curie.212-227-153-4.plesk.page\/fr\/wp-json\/wp\/v2\/product\/729098","targetHints":{"allow":["GET"]}}],"collection":[{"href":"https:\/\/stoic-curie.212-227-153-4.plesk.page\/fr\/wp-json\/wp\/v2\/product"}],"about":[{"href":"https:\/\/stoic-curie.212-227-153-4.plesk.page\/fr\/wp-json\/wp\/v2\/types\/product"}],"replies":[{"embeddable":true,"href":"https:\/\/stoic-curie.212-227-153-4.plesk.page\/fr\/wp-json\/wp\/v2\/comments?post=729098"}],"version-history":[{"count":0,"href":"https:\/\/stoic-curie.212-227-153-4.plesk.page\/fr\/wp-json\/wp\/v2\/product\/729098\/revisions"}],"wp:featuredmedia":[{"embeddable":true,"href":"https:\/\/stoic-curie.212-227-153-4.plesk.page\/fr\/wp-json\/wp\/v2\/media\/5943810"}],"wp:attachment":[{"href":"https:\/\/stoic-curie.212-227-153-4.plesk.page\/fr\/wp-json\/wp\/v2\/media?parent=729098"}],"wp:term":[{"taxonomy":"product_brand","embeddable":true,"href":"https:\/\/stoic-curie.212-227-153-4.plesk.page\/fr\/wp-json\/wp\/v2\/product_brand?post=729098"},{"taxonomy":"product_cat","embeddable":true,"href":"https:\/\/stoic-curie.212-227-153-4.plesk.page\/fr\/wp-json\/wp\/v2\/product_cat?post=729098"},{"taxonomy":"product_tag","embeddable":true,"href":"https:\/\/stoic-curie.212-227-153-4.plesk.page\/fr\/wp-json\/wp\/v2\/product_tag?post=729098"}],"curies":[{"name":"wp","href":"https:\/\/api.w.org\/{rel}","templated":true}]}}