{"id":729101,"date":"2025-03-03T16:03:20","date_gmt":"2025-03-03T15:03:20","guid":{"rendered":"https:\/\/stoic-curie.212-227-153-4.plesk.page\/producto\/salopette-de-quart-helly-hansen-pier-2-grise-taille-xl\/"},"modified":"2026-02-24T23:08:32","modified_gmt":"2026-02-24T23:08:32","slug":"salopette-de-quart-helly-hansen-pier-2-grise-taille-xl","status":"publish","type":"product","link":"https:\/\/stoic-curie.212-227-153-4.plesk.page\/fr\/product\/salopette-de-quart-helly-hansen-pier-2-grise-taille-xl\/","title":{"rendered":"Salopette de quart Helly Hansen Pier\u00a02 grise, taille\u00a0XL"},"content":{"rendered":"<p>Salopette de quart Helly Hansen Pier\u00a02 grise, taille\u00a0XL &#8211; <\/p>\n<p>Le pantalon Helly Hansen Pier 3.0 est id\u00e9al pour toute activit\u00e9 c\u00f4ti\u00e8re ou nautique. Avec la fabrication HellyTech Performance en 2 couches, il est durable, trait\u00e9 contre l&#8217;eau (DWR), imperm\u00e9able, coupe-vent et respirant. \u00c9quip\u00e9 de coutures enti\u00e8rement scell\u00e9es, d&#8217;une doublure en mesh \u00e0 s\u00e9chage rapide, de renforts sur le si\u00e8ge et les genoux, d&#8217;un dos haut avec des bretelles r\u00e9glables, d&#8217;une taille ajustable, d&#8217;une fermeture \u00e9clair \u00e0 double sens \u00e0 l&#8217;avant, d&#8217;une poche cargo, d&#8217;ouvertures de jambes ajustables et d&#8217;un si\u00e8ge et de genoux articul\u00e9s.<\/p>\n","protected":false},"excerpt":{"rendered":"<p>Salopette de quart Helly Hansen Pier\u00a02 grise, taille\u00a0XL &#8211; Le pantalon Helly Hansen Pier 3.0 est id\u00e9al pour toute activit\u00e9<\/p>\n","protected":false},"featured_media":5942751,"comment_status":"open","ping_status":"closed","template":"","meta":[],"product_brand":[2999],"product_cat":[1283],"product_tag":[],"class_list":{"0":"post-729101","1":"product","2":"type-product","3":"status-publish","4":"has-post-thumbnail","6":"product_brand-helly-hansen-fr","7":"product_cat-vetements-nautiques-helly-hansen","9":"first","10":"instock","11":"shipping-taxable","12":"purchasable","13":"product-type-simple"},"_links":{"self":[{"href":"https:\/\/stoic-curie.212-227-153-4.plesk.page\/fr\/wp-json\/wp\/v2\/product\/729101","targetHints":{"allow":["GET"]}}],"collection":[{"href":"https:\/\/stoic-curie.212-227-153-4.plesk.page\/fr\/wp-json\/wp\/v2\/product"}],"about":[{"href":"https:\/\/stoic-curie.212-227-153-4.plesk.page\/fr\/wp-json\/wp\/v2\/types\/product"}],"replies":[{"embeddable":true,"href":"https:\/\/stoic-curie.212-227-153-4.plesk.page\/fr\/wp-json\/wp\/v2\/comments?post=729101"}],"version-history":[{"count":0,"href":"https:\/\/stoic-curie.212-227-153-4.plesk.page\/fr\/wp-json\/wp\/v2\/product\/729101\/revisions"}],"wp:featuredmedia":[{"embeddable":true,"href":"https:\/\/stoic-curie.212-227-153-4.plesk.page\/fr\/wp-json\/wp\/v2\/media\/5942751"}],"wp:attachment":[{"href":"https:\/\/stoic-curie.212-227-153-4.plesk.page\/fr\/wp-json\/wp\/v2\/media?parent=729101"}],"wp:term":[{"taxonomy":"product_brand","embeddable":true,"href":"https:\/\/stoic-curie.212-227-153-4.plesk.page\/fr\/wp-json\/wp\/v2\/product_brand?post=729101"},{"taxonomy":"product_cat","embeddable":true,"href":"https:\/\/stoic-curie.212-227-153-4.plesk.page\/fr\/wp-json\/wp\/v2\/product_cat?post=729101"},{"taxonomy":"product_tag","embeddable":true,"href":"https:\/\/stoic-curie.212-227-153-4.plesk.page\/fr\/wp-json\/wp\/v2\/product_tag?post=729101"}],"curies":[{"name":"wp","href":"https:\/\/api.w.org\/{rel}","templated":true}]}}