{"id":729103,"date":"2025-03-03T16:03:20","date_gmt":"2025-03-03T15:03:20","guid":{"rendered":"https:\/\/stoic-curie.212-227-153-4.plesk.page\/producto\/salopette-de-quart-helly-hansen-pier-2-pour-femme-bleu-taille-l\/"},"modified":"2026-02-24T23:08:32","modified_gmt":"2026-02-24T23:08:32","slug":"salopette-de-quart-helly-hansen-pier-2-pour-femme-bleu-taille-l","status":"publish","type":"product","link":"https:\/\/stoic-curie.212-227-153-4.plesk.page\/fr\/product\/salopette-de-quart-helly-hansen-pier-2-pour-femme-bleu-taille-l\/","title":{"rendered":"Salopette de quart Helly Hansen Pier 2 pour femme, bleu, taille\u00a0L"},"content":{"rendered":"<p>Salopette de quart Helly Hansen Pier 2 pour femme, bleu, taille\u00a0L &#8211; <\/p>\n<p>Le pantalon Helly Hansen Pier 3.0 est id\u00e9al pour toute activit\u00e9 c\u00f4ti\u00e8re ou nautique. Il est fabriqu\u00e9 avec un tissu HellyTech Performance 2 couches, trait\u00e9 avec une finition d\u00e9perlant durable (DWR), ce qui le rend imperm\u00e9able, coupe-vent et respirant. Le pantalon poss\u00e8de des coutures enti\u00e8rement scell\u00e9es, une doublure en mesh \u00e0 s\u00e9chage rapide, des renforts au niveau du si\u00e8ge et des genoux, un dos haut avec des bretelles ajustables, une taille ajustable, une fermeture \u00e9clair avant \u00e0 double sens, une poche cargo, des ouvertures de jambes ajustables, et des renforts ergonomiques au niveau du si\u00e8ge et des genoux.<\/p>\n","protected":false},"excerpt":{"rendered":"<p>Salopette de quart Helly Hansen Pier 2 pour femme, bleu, taille\u00a0L &#8211; Le pantalon Helly Hansen Pier 3.0 est id\u00e9al<\/p>\n","protected":false},"featured_media":5942763,"comment_status":"open","ping_status":"closed","template":"","meta":[],"product_brand":[2999],"product_cat":[1283],"product_tag":[],"class_list":{"0":"post-729103","1":"product","2":"type-product","3":"status-publish","4":"has-post-thumbnail","6":"product_brand-helly-hansen-fr","7":"product_cat-vetements-nautiques-helly-hansen","9":"first","10":"instock","11":"shipping-taxable","12":"purchasable","13":"product-type-simple"},"_links":{"self":[{"href":"https:\/\/stoic-curie.212-227-153-4.plesk.page\/fr\/wp-json\/wp\/v2\/product\/729103","targetHints":{"allow":["GET"]}}],"collection":[{"href":"https:\/\/stoic-curie.212-227-153-4.plesk.page\/fr\/wp-json\/wp\/v2\/product"}],"about":[{"href":"https:\/\/stoic-curie.212-227-153-4.plesk.page\/fr\/wp-json\/wp\/v2\/types\/product"}],"replies":[{"embeddable":true,"href":"https:\/\/stoic-curie.212-227-153-4.plesk.page\/fr\/wp-json\/wp\/v2\/comments?post=729103"}],"version-history":[{"count":0,"href":"https:\/\/stoic-curie.212-227-153-4.plesk.page\/fr\/wp-json\/wp\/v2\/product\/729103\/revisions"}],"wp:featuredmedia":[{"embeddable":true,"href":"https:\/\/stoic-curie.212-227-153-4.plesk.page\/fr\/wp-json\/wp\/v2\/media\/5942763"}],"wp:attachment":[{"href":"https:\/\/stoic-curie.212-227-153-4.plesk.page\/fr\/wp-json\/wp\/v2\/media?parent=729103"}],"wp:term":[{"taxonomy":"product_brand","embeddable":true,"href":"https:\/\/stoic-curie.212-227-153-4.plesk.page\/fr\/wp-json\/wp\/v2\/product_brand?post=729103"},{"taxonomy":"product_cat","embeddable":true,"href":"https:\/\/stoic-curie.212-227-153-4.plesk.page\/fr\/wp-json\/wp\/v2\/product_cat?post=729103"},{"taxonomy":"product_tag","embeddable":true,"href":"https:\/\/stoic-curie.212-227-153-4.plesk.page\/fr\/wp-json\/wp\/v2\/product_tag?post=729103"}],"curies":[{"name":"wp","href":"https:\/\/api.w.org\/{rel}","templated":true}]}}