{"id":729112,"date":"2025-03-03T16:03:22","date_gmt":"2025-03-03T15:03:22","guid":{"rendered":"https:\/\/stoic-curie.212-227-153-4.plesk.page\/producto\/amarre-bleu-marine-a-oeil-episse-avec-cosse-coeur-d-24-mm-x-16-m\/"},"modified":"2026-02-24T23:08:32","modified_gmt":"2026-02-24T23:08:32","slug":"amarre-bleu-marine-a-oeil-episse-avec-cosse-coeur-d-24-mm-x-16-m","status":"publish","type":"product","link":"https:\/\/stoic-curie.212-227-153-4.plesk.page\/fr\/product\/amarre-bleu-marine-a-oeil-episse-avec-cosse-coeur-d-24-mm-x-16-m\/","title":{"rendered":"Amarre bleu marine \u00e0 \u0153il \u00e9piss\u00e9 avec cosse c\u0153ur, D\u00a024\u00a0mm\u00a0x\u00a016\u00a0m"},"content":{"rendered":"<p>Amarre bleu marine \u00e0 \u0153il \u00e9piss\u00e9 avec cosse c\u0153ur, D\u00a024\u00a0mm\u00a0x\u00a016\u00a0m &#8211; <\/p>\n<p>Corde tress\u00e9e pr\u00eate \u00e0 l&#8217;emploi avec un \u0153illet en acier inoxydable fait main et fini. De plus, le terminal final est fini \u00e0 la main et cousu pour \u00e9viter les imperfections. Fort et doux, fabriqu\u00e9 en polyester haute t\u00e9nacit\u00e9 \u00e0 16 brins, avec une housse \u00e0 r\u00e9sistance \u00e0 l&#8217;abrasion maximale. Ne flotte pas. daN = r\u00e9sistance \u00e0 la rupture en kg<\/p>\n","protected":false},"excerpt":{"rendered":"<p>Amarre bleu marine \u00e0 \u0153il \u00e9piss\u00e9 avec cosse c\u0153ur, D\u00a024\u00a0mm\u00a0x\u00a016\u00a0m &#8211; Corde tress\u00e9e pr\u00eate \u00e0 l&#8217;emploi avec un \u0153illet en<\/p>\n","protected":false},"featured_media":5942779,"comment_status":"open","ping_status":"closed","template":"","meta":[],"product_brand":[3099],"product_cat":[1048,1049],"product_tag":[],"class_list":{"0":"post-729112","1":"product","2":"type-product","3":"status-publish","4":"has-post-thumbnail","6":"product_brand-marco-benvenuti-fr","7":"product_cat-corde-damarrage","8":"product_cat-cordes-pre-epissees","10":"first","11":"instock","12":"shipping-taxable","13":"purchasable","14":"product-type-simple"},"_links":{"self":[{"href":"https:\/\/stoic-curie.212-227-153-4.plesk.page\/fr\/wp-json\/wp\/v2\/product\/729112","targetHints":{"allow":["GET"]}}],"collection":[{"href":"https:\/\/stoic-curie.212-227-153-4.plesk.page\/fr\/wp-json\/wp\/v2\/product"}],"about":[{"href":"https:\/\/stoic-curie.212-227-153-4.plesk.page\/fr\/wp-json\/wp\/v2\/types\/product"}],"replies":[{"embeddable":true,"href":"https:\/\/stoic-curie.212-227-153-4.plesk.page\/fr\/wp-json\/wp\/v2\/comments?post=729112"}],"version-history":[{"count":0,"href":"https:\/\/stoic-curie.212-227-153-4.plesk.page\/fr\/wp-json\/wp\/v2\/product\/729112\/revisions"}],"wp:featuredmedia":[{"embeddable":true,"href":"https:\/\/stoic-curie.212-227-153-4.plesk.page\/fr\/wp-json\/wp\/v2\/media\/5942779"}],"wp:attachment":[{"href":"https:\/\/stoic-curie.212-227-153-4.plesk.page\/fr\/wp-json\/wp\/v2\/media?parent=729112"}],"wp:term":[{"taxonomy":"product_brand","embeddable":true,"href":"https:\/\/stoic-curie.212-227-153-4.plesk.page\/fr\/wp-json\/wp\/v2\/product_brand?post=729112"},{"taxonomy":"product_cat","embeddable":true,"href":"https:\/\/stoic-curie.212-227-153-4.plesk.page\/fr\/wp-json\/wp\/v2\/product_cat?post=729112"},{"taxonomy":"product_tag","embeddable":true,"href":"https:\/\/stoic-curie.212-227-153-4.plesk.page\/fr\/wp-json\/wp\/v2\/product_tag?post=729112"}],"curies":[{"name":"wp","href":"https:\/\/api.w.org\/{rel}","templated":true}]}}