{"id":729300,"date":"2025-03-03T16:04:04","date_gmt":"2025-03-03T15:04:04","guid":{"rendered":"https:\/\/stoic-curie.212-227-153-4.plesk.page\/producto\/polish-pour-gelcoat-3m-perfect-it-heavy-1-l\/"},"modified":"2026-02-24T23:08:34","modified_gmt":"2026-02-24T23:08:34","slug":"polish-pour-gelcoat-3m-perfect-it-heavy-1-l","status":"publish","type":"product","link":"https:\/\/stoic-curie.212-227-153-4.plesk.page\/fr\/product\/polish-pour-gelcoat-3m-perfect-it-heavy-1-l\/","title":{"rendered":"Polish pour gelcoat 3M Perfect-It Heavy, 1\u00a0l"},"content":{"rendered":"<p>Polish pour gelcoat 3M Perfect-It Heavy, 1\u00a0l &#8211; <\/p>\n<p>P\u00e2te \u00e0 polir 3M Perfect-it Heavy avec faible teneur en COV, sp\u00e9cifiquement con\u00e7ue pour le gelcoat et la fibre de verre. Id\u00e9ale pour les surfaces fortement oxyd\u00e9es ; ne s\u00e8che pas et facilite le processus tout en l\u2019acc\u00e9l\u00e9rant.<\/p>\n","protected":false},"excerpt":{"rendered":"<p>Polish pour gelcoat 3M Perfect-It Heavy, 1\u00a0l &#8211; P\u00e2te \u00e0 polir 3M Perfect-it Heavy avec faible teneur en COV, sp\u00e9cifiquement<\/p>\n","protected":false},"featured_media":5944092,"comment_status":"open","ping_status":"closed","template":"","meta":[],"product_brand":[3544],"product_cat":[1052,1054],"product_tag":[],"class_list":{"0":"post-729300","1":"product","2":"type-product","3":"status-publish","4":"has-post-thumbnail","6":"product_brand-3m-marine-hr-fr","7":"product_cat-produits-dentretien","8":"product_cat-produits-de-nettoyage","10":"first","11":"instock","12":"shipping-taxable","13":"purchasable","14":"product-type-simple"},"_links":{"self":[{"href":"https:\/\/stoic-curie.212-227-153-4.plesk.page\/fr\/wp-json\/wp\/v2\/product\/729300","targetHints":{"allow":["GET"]}}],"collection":[{"href":"https:\/\/stoic-curie.212-227-153-4.plesk.page\/fr\/wp-json\/wp\/v2\/product"}],"about":[{"href":"https:\/\/stoic-curie.212-227-153-4.plesk.page\/fr\/wp-json\/wp\/v2\/types\/product"}],"replies":[{"embeddable":true,"href":"https:\/\/stoic-curie.212-227-153-4.plesk.page\/fr\/wp-json\/wp\/v2\/comments?post=729300"}],"version-history":[{"count":0,"href":"https:\/\/stoic-curie.212-227-153-4.plesk.page\/fr\/wp-json\/wp\/v2\/product\/729300\/revisions"}],"wp:featuredmedia":[{"embeddable":true,"href":"https:\/\/stoic-curie.212-227-153-4.plesk.page\/fr\/wp-json\/wp\/v2\/media\/5944092"}],"wp:attachment":[{"href":"https:\/\/stoic-curie.212-227-153-4.plesk.page\/fr\/wp-json\/wp\/v2\/media?parent=729300"}],"wp:term":[{"taxonomy":"product_brand","embeddable":true,"href":"https:\/\/stoic-curie.212-227-153-4.plesk.page\/fr\/wp-json\/wp\/v2\/product_brand?post=729300"},{"taxonomy":"product_cat","embeddable":true,"href":"https:\/\/stoic-curie.212-227-153-4.plesk.page\/fr\/wp-json\/wp\/v2\/product_cat?post=729300"},{"taxonomy":"product_tag","embeddable":true,"href":"https:\/\/stoic-curie.212-227-153-4.plesk.page\/fr\/wp-json\/wp\/v2\/product_tag?post=729300"}],"curies":[{"name":"wp","href":"https:\/\/api.w.org\/{rel}","templated":true}]}}