{"id":729301,"date":"2025-03-03T16:04:04","date_gmt":"2025-03-03T15:04:04","guid":{"rendered":"https:\/\/stoic-curie.212-227-153-4.plesk.page\/producto\/polish-et-cire-3m-perfect-it-medium-946-ml\/"},"modified":"2026-02-24T23:08:34","modified_gmt":"2026-02-24T23:08:34","slug":"polish-et-cire-3m-perfect-it-medium-946-ml","status":"publish","type":"product","link":"https:\/\/stoic-curie.212-227-153-4.plesk.page\/fr\/product\/polish-et-cire-3m-perfect-it-medium-946-ml\/","title":{"rendered":"Polish et cire 3M Perfect-It Medium, 946\u00a0ml"},"content":{"rendered":"<p>Polish et cire 3M Perfect-It Medium, 946\u00a0ml &#8211; <\/p>\n<p>Faible teneur en COV, polish et cire 3M Perfect-it Medium, sp\u00e9cifiquement pour gelcoat et fibre de verre. Id\u00e9al pour les surfaces moyennement oxyd\u00e9es et lorsqu&#8217;un seul compos\u00e9 est n\u00e9cessaire sans \u00e9tapes suppl\u00e9mentaires.<\/p>\n","protected":false},"excerpt":{"rendered":"<p>Polish et cire 3M Perfect-It Medium, 946\u00a0ml &#8211; Faible teneur en COV, polish et cire 3M Perfect-it Medium, sp\u00e9cifiquement pour<\/p>\n","protected":false},"featured_media":5944093,"comment_status":"open","ping_status":"closed","template":"","meta":[],"product_brand":[3544],"product_cat":[1052,1054],"product_tag":[],"class_list":{"0":"post-729301","1":"product","2":"type-product","3":"status-publish","4":"has-post-thumbnail","6":"product_brand-3m-marine-hr-fr","7":"product_cat-produits-dentretien","8":"product_cat-produits-de-nettoyage","10":"first","11":"instock","12":"shipping-taxable","13":"purchasable","14":"product-type-simple"},"_links":{"self":[{"href":"https:\/\/stoic-curie.212-227-153-4.plesk.page\/fr\/wp-json\/wp\/v2\/product\/729301","targetHints":{"allow":["GET"]}}],"collection":[{"href":"https:\/\/stoic-curie.212-227-153-4.plesk.page\/fr\/wp-json\/wp\/v2\/product"}],"about":[{"href":"https:\/\/stoic-curie.212-227-153-4.plesk.page\/fr\/wp-json\/wp\/v2\/types\/product"}],"replies":[{"embeddable":true,"href":"https:\/\/stoic-curie.212-227-153-4.plesk.page\/fr\/wp-json\/wp\/v2\/comments?post=729301"}],"version-history":[{"count":0,"href":"https:\/\/stoic-curie.212-227-153-4.plesk.page\/fr\/wp-json\/wp\/v2\/product\/729301\/revisions"}],"wp:featuredmedia":[{"embeddable":true,"href":"https:\/\/stoic-curie.212-227-153-4.plesk.page\/fr\/wp-json\/wp\/v2\/media\/5944093"}],"wp:attachment":[{"href":"https:\/\/stoic-curie.212-227-153-4.plesk.page\/fr\/wp-json\/wp\/v2\/media?parent=729301"}],"wp:term":[{"taxonomy":"product_brand","embeddable":true,"href":"https:\/\/stoic-curie.212-227-153-4.plesk.page\/fr\/wp-json\/wp\/v2\/product_brand?post=729301"},{"taxonomy":"product_cat","embeddable":true,"href":"https:\/\/stoic-curie.212-227-153-4.plesk.page\/fr\/wp-json\/wp\/v2\/product_cat?post=729301"},{"taxonomy":"product_tag","embeddable":true,"href":"https:\/\/stoic-curie.212-227-153-4.plesk.page\/fr\/wp-json\/wp\/v2\/product_tag?post=729301"}],"curies":[{"name":"wp","href":"https:\/\/api.w.org\/{rel}","templated":true}]}}