{"id":729308,"date":"2025-03-03T16:04:06","date_gmt":"2025-03-03T15:04:06","guid":{"rendered":"https:\/\/stoic-curie.212-227-153-4.plesk.page\/producto\/bande-adhesive-antiderapante-3m-safety-walk-noire-50-mm-x-18-m\/"},"modified":"2026-02-24T23:08:34","modified_gmt":"2026-02-24T23:08:34","slug":"bande-adhesive-antiderapante-3m-safety-walk-noire-50-mm-x-18-m","status":"publish","type":"product","link":"https:\/\/stoic-curie.212-227-153-4.plesk.page\/fr\/product\/bande-adhesive-antiderapante-3m-safety-walk-noire-50-mm-x-18-m\/","title":{"rendered":"Bande adh\u00e9sive antid\u00e9rapante 3M Safety-Walk noire, 50\u00a0mm\u00a0x\u00a018\u00a0m"},"content":{"rendered":"<p>Bande adh\u00e9sive antid\u00e9rapante 3M Safety-Walk noire, 50\u00a0mm\u00a0x\u00a018\u00a0m &#8211; <\/p>\n<p>Bandelettes auto-adh\u00e9sives antid\u00e9rapantes 3M Safety-Walk. Confortables et hygi\u00e9niques, id\u00e9ales pour tous les espaces de circulation. Fabriqu\u00e9es avec des granul\u00e9s de r\u00e9sine finement structur\u00e9s sur un support en polyester robuste.<\/p>\n","protected":false},"excerpt":{"rendered":"<p>Bande adh\u00e9sive antid\u00e9rapante 3M Safety-Walk noire, 50\u00a0mm\u00a0x\u00a018\u00a0m &#8211; Bandelettes auto-adh\u00e9sives antid\u00e9rapantes 3M Safety-Walk. Confortables et hygi\u00e9niques, id\u00e9ales pour tous les<\/p>\n","protected":false},"featured_media":5944103,"comment_status":"open","ping_status":"closed","template":"","meta":[],"product_brand":[3544],"product_cat":[1055],"product_tag":[],"class_list":{"0":"post-729308","1":"product","2":"type-product","3":"status-publish","4":"has-post-thumbnail","6":"product_brand-3m-marine-hr-fr","7":"product_cat-rubans-et-revetements-antiderapants","9":"first","10":"instock","11":"shipping-taxable","12":"purchasable","13":"product-type-simple"},"_links":{"self":[{"href":"https:\/\/stoic-curie.212-227-153-4.plesk.page\/fr\/wp-json\/wp\/v2\/product\/729308","targetHints":{"allow":["GET"]}}],"collection":[{"href":"https:\/\/stoic-curie.212-227-153-4.plesk.page\/fr\/wp-json\/wp\/v2\/product"}],"about":[{"href":"https:\/\/stoic-curie.212-227-153-4.plesk.page\/fr\/wp-json\/wp\/v2\/types\/product"}],"replies":[{"embeddable":true,"href":"https:\/\/stoic-curie.212-227-153-4.plesk.page\/fr\/wp-json\/wp\/v2\/comments?post=729308"}],"version-history":[{"count":0,"href":"https:\/\/stoic-curie.212-227-153-4.plesk.page\/fr\/wp-json\/wp\/v2\/product\/729308\/revisions"}],"wp:featuredmedia":[{"embeddable":true,"href":"https:\/\/stoic-curie.212-227-153-4.plesk.page\/fr\/wp-json\/wp\/v2\/media\/5944103"}],"wp:attachment":[{"href":"https:\/\/stoic-curie.212-227-153-4.plesk.page\/fr\/wp-json\/wp\/v2\/media?parent=729308"}],"wp:term":[{"taxonomy":"product_brand","embeddable":true,"href":"https:\/\/stoic-curie.212-227-153-4.plesk.page\/fr\/wp-json\/wp\/v2\/product_brand?post=729308"},{"taxonomy":"product_cat","embeddable":true,"href":"https:\/\/stoic-curie.212-227-153-4.plesk.page\/fr\/wp-json\/wp\/v2\/product_cat?post=729308"},{"taxonomy":"product_tag","embeddable":true,"href":"https:\/\/stoic-curie.212-227-153-4.plesk.page\/fr\/wp-json\/wp\/v2\/product_tag?post=729308"}],"curies":[{"name":"wp","href":"https:\/\/api.w.org\/{rel}","templated":true}]}}