{"id":729312,"date":"2025-03-03T16:04:06","date_gmt":"2025-03-03T15:04:06","guid":{"rendered":"https:\/\/stoic-curie.212-227-153-4.plesk.page\/producto\/ruban-adhesif-au-vinyle-3m-scotch-471-rouge-50-mm-x-33-m\/"},"modified":"2026-02-24T23:08:34","modified_gmt":"2026-02-24T23:08:34","slug":"ruban-adhesif-au-vinyle-3m-scotch-471-rouge-50-mm-x-33-m","status":"publish","type":"product","link":"https:\/\/stoic-curie.212-227-153-4.plesk.page\/fr\/product\/ruban-adhesif-au-vinyle-3m-scotch-471-rouge-50-mm-x-33-m\/","title":{"rendered":"Ruban adh\u00e9sif au vinyle 3M Scotch 471 rouge, 50\u00a0mm\u00a0x\u00a033\u00a0m"},"content":{"rendered":"<p>Ruban adh\u00e9sif au vinyle 3M Scotch 471 rouge, 50\u00a0mm\u00a0x\u00a033\u00a0m &#8211; <\/p>\n<p>Le ruban adh\u00e9sif en vinyle PVC 3M Scotch 471 est id\u00e9al pour des applications de marquage telles que les lignes d&#8217;eau ou la s\u00e9curit\u00e9. Il sert \u00e0 enrouler, sceller et prot\u00e9ger contre l&#8217;abrasion. Son \u00e9paisseur est de 0,130 mm et il est adapt\u00e9 aux surfaces planes, courb\u00e9es ou convexes.<\/p>\n","protected":false},"excerpt":{"rendered":"<p>Ruban adh\u00e9sif au vinyle 3M Scotch 471 rouge, 50\u00a0mm\u00a0x\u00a033\u00a0m &#8211; Le ruban adh\u00e9sif en vinyle PVC 3M Scotch 471 est<\/p>\n","protected":false},"featured_media":5944120,"comment_status":"open","ping_status":"closed","template":"","meta":[],"product_brand":[3544],"product_cat":[1064],"product_tag":[],"class_list":{"0":"post-729312","1":"product","2":"type-product","3":"status-publish","4":"has-post-thumbnail","6":"product_brand-3m-marine-hr-fr","7":"product_cat-ruban-adhesif-pour-ligne-de-flottaison","9":"first","10":"instock","11":"shipping-taxable","12":"purchasable","13":"product-type-simple"},"_links":{"self":[{"href":"https:\/\/stoic-curie.212-227-153-4.plesk.page\/fr\/wp-json\/wp\/v2\/product\/729312","targetHints":{"allow":["GET"]}}],"collection":[{"href":"https:\/\/stoic-curie.212-227-153-4.plesk.page\/fr\/wp-json\/wp\/v2\/product"}],"about":[{"href":"https:\/\/stoic-curie.212-227-153-4.plesk.page\/fr\/wp-json\/wp\/v2\/types\/product"}],"replies":[{"embeddable":true,"href":"https:\/\/stoic-curie.212-227-153-4.plesk.page\/fr\/wp-json\/wp\/v2\/comments?post=729312"}],"version-history":[{"count":0,"href":"https:\/\/stoic-curie.212-227-153-4.plesk.page\/fr\/wp-json\/wp\/v2\/product\/729312\/revisions"}],"wp:featuredmedia":[{"embeddable":true,"href":"https:\/\/stoic-curie.212-227-153-4.plesk.page\/fr\/wp-json\/wp\/v2\/media\/5944120"}],"wp:attachment":[{"href":"https:\/\/stoic-curie.212-227-153-4.plesk.page\/fr\/wp-json\/wp\/v2\/media?parent=729312"}],"wp:term":[{"taxonomy":"product_brand","embeddable":true,"href":"https:\/\/stoic-curie.212-227-153-4.plesk.page\/fr\/wp-json\/wp\/v2\/product_brand?post=729312"},{"taxonomy":"product_cat","embeddable":true,"href":"https:\/\/stoic-curie.212-227-153-4.plesk.page\/fr\/wp-json\/wp\/v2\/product_cat?post=729312"},{"taxonomy":"product_tag","embeddable":true,"href":"https:\/\/stoic-curie.212-227-153-4.plesk.page\/fr\/wp-json\/wp\/v2\/product_tag?post=729312"}],"curies":[{"name":"wp","href":"https:\/\/api.w.org\/{rel}","templated":true}]}}