{"id":729313,"date":"2025-03-03T16:04:06","date_gmt":"2025-03-03T15:04:06","guid":{"rendered":"https:\/\/stoic-curie.212-227-153-4.plesk.page\/producto\/ruban-adhesif-de-reparation-3m-389-50-mm-x-25-m\/"},"modified":"2026-02-24T23:08:34","modified_gmt":"2026-02-24T23:08:34","slug":"ruban-adhesif-de-reparation-3m-389-50-mm-x-25-m","status":"publish","type":"product","link":"https:\/\/stoic-curie.212-227-153-4.plesk.page\/fr\/product\/ruban-adhesif-de-reparation-3m-389-50-mm-x-25-m\/","title":{"rendered":"Ruban adh\u00e9sif de r\u00e9paration 3M 389, 50\u00a0mm\u00a0x\u00a025\u00a0m"},"content":{"rendered":"<p>Ruban adh\u00e9sif de r\u00e9paration 3M 389, 50\u00a0mm\u00a0x\u00a025\u00a0m &#8211; <\/p>\n<p>Ruban en tissu imperm\u00e9able 3M 389 avec un adh\u00e9sif imperm\u00e9able tr\u00e8s puissant de 9 N\/cm, id\u00e9al pour toutes les applications maritimes n\u00e9cessitant une r\u00e9sistance \u00e0 l&#8217;environnement marin. Il peut \u00eatre utilis\u00e9 pour la protection, l&#8217;entretien et la fixation de c\u00e2blages, adapt\u00e9 \u00e0 tout type de surface. \u00c9paisseur : 0,260 mm.<\/p>\n","protected":false},"excerpt":{"rendered":"<p>Ruban adh\u00e9sif de r\u00e9paration 3M 389, 50\u00a0mm\u00a0x\u00a025\u00a0m &#8211; Ruban en tissu imperm\u00e9able 3M 389 avec un adh\u00e9sif imperm\u00e9able tr\u00e8s puissant<\/p>\n","protected":false},"featured_media":5944122,"comment_status":"open","ping_status":"closed","template":"","meta":[],"product_brand":[2260,3544],"product_cat":[1053],"product_tag":[],"class_list":{"0":"post-729313","1":"product","2":"type-product","3":"status-publish","4":"has-post-thumbnail","6":"product_brand-3m-marine","7":"product_brand-3m-marine-hr-fr","8":"product_cat-bandes-de-reparation","10":"first","11":"instock","12":"shipping-taxable","13":"purchasable","14":"product-type-simple"},"_links":{"self":[{"href":"https:\/\/stoic-curie.212-227-153-4.plesk.page\/fr\/wp-json\/wp\/v2\/product\/729313","targetHints":{"allow":["GET"]}}],"collection":[{"href":"https:\/\/stoic-curie.212-227-153-4.plesk.page\/fr\/wp-json\/wp\/v2\/product"}],"about":[{"href":"https:\/\/stoic-curie.212-227-153-4.plesk.page\/fr\/wp-json\/wp\/v2\/types\/product"}],"replies":[{"embeddable":true,"href":"https:\/\/stoic-curie.212-227-153-4.plesk.page\/fr\/wp-json\/wp\/v2\/comments?post=729313"}],"version-history":[{"count":0,"href":"https:\/\/stoic-curie.212-227-153-4.plesk.page\/fr\/wp-json\/wp\/v2\/product\/729313\/revisions"}],"wp:featuredmedia":[{"embeddable":true,"href":"https:\/\/stoic-curie.212-227-153-4.plesk.page\/fr\/wp-json\/wp\/v2\/media\/5944122"}],"wp:attachment":[{"href":"https:\/\/stoic-curie.212-227-153-4.plesk.page\/fr\/wp-json\/wp\/v2\/media?parent=729313"}],"wp:term":[{"taxonomy":"product_brand","embeddable":true,"href":"https:\/\/stoic-curie.212-227-153-4.plesk.page\/fr\/wp-json\/wp\/v2\/product_brand?post=729313"},{"taxonomy":"product_cat","embeddable":true,"href":"https:\/\/stoic-curie.212-227-153-4.plesk.page\/fr\/wp-json\/wp\/v2\/product_cat?post=729313"},{"taxonomy":"product_tag","embeddable":true,"href":"https:\/\/stoic-curie.212-227-153-4.plesk.page\/fr\/wp-json\/wp\/v2\/product_tag?post=729313"}],"curies":[{"name":"wp","href":"https:\/\/api.w.org\/{rel}","templated":true}]}}