{"id":729315,"date":"2025-03-03T16:04:07","date_gmt":"2025-03-03T15:04:07","guid":{"rendered":"https:\/\/stoic-curie.212-227-153-4.plesk.page\/producto\/bouee-de-regate-gonflable-jaune-500-x-h-1000-mm\/"},"modified":"2026-02-24T23:08:34","modified_gmt":"2026-02-24T23:08:34","slug":"bouee-de-regate-gonflable-jaune-500-x-h-1000-mm","status":"publish","type":"product","link":"https:\/\/stoic-curie.212-227-153-4.plesk.page\/fr\/product\/bouee-de-regate-gonflable-jaune-500-x-h-1000-mm\/","title":{"rendered":"Bou\u00e9e de r\u00e9gate gonflable jaune, 500\u00a0x\u00a0H\u00a01000\u00a0mm"},"content":{"rendered":"<p>Bou\u00e9e de r\u00e9gate gonflable jaune, 500\u00a0x\u00a0H\u00a01000\u00a0mm &#8211; <\/p>\n<p>Bou\u00e9es en vinyle pour les r\u00e9gates de voile et de bateau \u00e0 moteur.<\/p>\n","protected":false},"excerpt":{"rendered":"<p>Bou\u00e9e de r\u00e9gate gonflable jaune, 500\u00a0x\u00a0H\u00a01000\u00a0mm &#8211; Bou\u00e9es en vinyle pour les r\u00e9gates de voile et de bateau \u00e0 moteur.<\/p>\n","protected":false},"featured_media":3007037,"comment_status":"open","ping_status":"closed","template":"","meta":[],"product_brand":[2182,3489],"product_cat":[1276],"product_tag":[],"class_list":{"0":"post-729315","1":"product","2":"type-product","3":"status-publish","4":"has-post-thumbnail","6":"product_brand-trem","7":"product_brand-trem-fr","8":"product_cat-bouees-damarrage-et-de-signalisation","10":"first","11":"instock","12":"shipping-taxable","13":"purchasable","14":"product-type-simple"},"_links":{"self":[{"href":"https:\/\/stoic-curie.212-227-153-4.plesk.page\/fr\/wp-json\/wp\/v2\/product\/729315","targetHints":{"allow":["GET"]}}],"collection":[{"href":"https:\/\/stoic-curie.212-227-153-4.plesk.page\/fr\/wp-json\/wp\/v2\/product"}],"about":[{"href":"https:\/\/stoic-curie.212-227-153-4.plesk.page\/fr\/wp-json\/wp\/v2\/types\/product"}],"replies":[{"embeddable":true,"href":"https:\/\/stoic-curie.212-227-153-4.plesk.page\/fr\/wp-json\/wp\/v2\/comments?post=729315"}],"version-history":[{"count":0,"href":"https:\/\/stoic-curie.212-227-153-4.plesk.page\/fr\/wp-json\/wp\/v2\/product\/729315\/revisions"}],"wp:featuredmedia":[{"embeddable":true,"href":"https:\/\/stoic-curie.212-227-153-4.plesk.page\/fr\/wp-json\/"}],"wp:attachment":[{"href":"https:\/\/stoic-curie.212-227-153-4.plesk.page\/fr\/wp-json\/wp\/v2\/media?parent=729315"}],"wp:term":[{"taxonomy":"product_brand","embeddable":true,"href":"https:\/\/stoic-curie.212-227-153-4.plesk.page\/fr\/wp-json\/wp\/v2\/product_brand?post=729315"},{"taxonomy":"product_cat","embeddable":true,"href":"https:\/\/stoic-curie.212-227-153-4.plesk.page\/fr\/wp-json\/wp\/v2\/product_cat?post=729315"},{"taxonomy":"product_tag","embeddable":true,"href":"https:\/\/stoic-curie.212-227-153-4.plesk.page\/fr\/wp-json\/wp\/v2\/product_tag?post=729315"}],"curies":[{"name":"wp","href":"https:\/\/api.w.org\/{rel}","templated":true}]}}