{"id":729320,"date":"2025-03-03T16:04:07","date_gmt":"2025-03-03T15:04:07","guid":{"rendered":"https:\/\/stoic-curie.212-227-153-4.plesk.page\/producto\/compteur-de-vitesse-gps-uflex-ultra-noir-max-60-nd-d-85-mm\/"},"modified":"2026-02-24T23:08:34","modified_gmt":"2026-02-24T23:08:34","slug":"compteur-de-vitesse-gps-uflex-ultra-noir-max-60-nd-d-85-mm","status":"publish","type":"product","link":"https:\/\/stoic-curie.212-227-153-4.plesk.page\/fr\/product\/compteur-de-vitesse-gps-uflex-ultra-noir-max-60-nd-d-85-mm\/","title":{"rendered":"Compteur de vitesse GPS Uflex Ultra noir, max. 60\u00a0nd, D\u00a085\u00a0mm"},"content":{"rendered":"<p>Compteur de vitesse GPS Uflex Ultra noir, max. 60\u00a0nd, D\u00a085\u00a0mm &#8211; <\/p>\n<p>Les instruments Uflex IP67 \u00e9tanches sont dot\u00e9s d&#8217;une lentille anti-condensation renforc\u00e9e \u00e0 double couche. Cerclage en plastique noir et cadran noir. Tension universelle de 12\/24V avec r\u00e9tro\u00e9clairage rouge ou jaune personnalisable. Installation plug and play compl\u00e8te avec connecteur Molex filaire. Tous les indicateurs de pression, de temp\u00e9rature, de niveau et d&#8217;angle doivent \u00eatre compl\u00e9t\u00e9s par des capteurs. L&#8217;indicateur de vitesse GPS est livr\u00e9 avec r\u00e9cepteur et antenne.<\/p>\n","protected":false},"excerpt":{"rendered":"<p>Compteur de vitesse GPS Uflex Ultra noir, max. 60\u00a0nd, D\u00a085\u00a0mm &#8211; Les instruments Uflex IP67 \u00e9tanches sont dot\u00e9s d&#8217;une lentille<\/p>\n","protected":false},"featured_media":5939498,"comment_status":"open","ping_status":"closed","template":"","meta":[],"product_brand":[3499],"product_cat":[1233],"product_tag":[],"class_list":{"0":"post-729320","1":"product","2":"type-product","3":"status-publish","4":"has-post-thumbnail","6":"product_brand-ultraflex-uflex-fr","7":"product_cat-jauges-uflex","9":"first","10":"instock","11":"shipping-taxable","12":"purchasable","13":"product-type-simple"},"_links":{"self":[{"href":"https:\/\/stoic-curie.212-227-153-4.plesk.page\/fr\/wp-json\/wp\/v2\/product\/729320","targetHints":{"allow":["GET"]}}],"collection":[{"href":"https:\/\/stoic-curie.212-227-153-4.plesk.page\/fr\/wp-json\/wp\/v2\/product"}],"about":[{"href":"https:\/\/stoic-curie.212-227-153-4.plesk.page\/fr\/wp-json\/wp\/v2\/types\/product"}],"replies":[{"embeddable":true,"href":"https:\/\/stoic-curie.212-227-153-4.plesk.page\/fr\/wp-json\/wp\/v2\/comments?post=729320"}],"version-history":[{"count":0,"href":"https:\/\/stoic-curie.212-227-153-4.plesk.page\/fr\/wp-json\/wp\/v2\/product\/729320\/revisions"}],"wp:featuredmedia":[{"embeddable":true,"href":"https:\/\/stoic-curie.212-227-153-4.plesk.page\/fr\/wp-json\/wp\/v2\/media\/5939498"}],"wp:attachment":[{"href":"https:\/\/stoic-curie.212-227-153-4.plesk.page\/fr\/wp-json\/wp\/v2\/media?parent=729320"}],"wp:term":[{"taxonomy":"product_brand","embeddable":true,"href":"https:\/\/stoic-curie.212-227-153-4.plesk.page\/fr\/wp-json\/wp\/v2\/product_brand?post=729320"},{"taxonomy":"product_cat","embeddable":true,"href":"https:\/\/stoic-curie.212-227-153-4.plesk.page\/fr\/wp-json\/wp\/v2\/product_cat?post=729320"},{"taxonomy":"product_tag","embeddable":true,"href":"https:\/\/stoic-curie.212-227-153-4.plesk.page\/fr\/wp-json\/wp\/v2\/product_tag?post=729320"}],"curies":[{"name":"wp","href":"https:\/\/api.w.org\/{rel}","templated":true}]}}