{"id":729321,"date":"2025-03-03T16:04:08","date_gmt":"2025-03-03T15:04:08","guid":{"rendered":"https:\/\/stoic-curie.212-227-153-4.plesk.page\/producto\/compteur-de-vitesse-gps-uflex-ultra-blanc-max-60-nd-12-24-v-d-85-mm\/"},"modified":"2026-02-24T23:08:34","modified_gmt":"2026-02-24T23:08:34","slug":"compteur-de-vitesse-gps-uflex-ultra-blanc-max-60-nd-12-24-v-d-85-mm","status":"publish","type":"product","link":"https:\/\/stoic-curie.212-227-153-4.plesk.page\/fr\/product\/compteur-de-vitesse-gps-uflex-ultra-blanc-max-60-nd-12-24-v-d-85-mm\/","title":{"rendered":"Compteur de vitesse GPS Uflex Ultra blanc, max. 60\u00a0nd, 12\/24\u00a0V, D\u00a085\u00a0mm"},"content":{"rendered":"<p>Compteur de vitesse GPS Uflex Ultra blanc, max. 60\u00a0nd, 12\/24\u00a0V, D\u00a085\u00a0mm &#8211; <\/p>\n<p>Instruments Uflex \u00e9tanches IP67 avec lentille anti-condensation renforc\u00e9e en double couche. Biseau noir en plastique et cadran blanc. Tension universelle 12\/24V avec r\u00e9tro\u00e9clairage personnalisable en rouge ou en jaune. Installation Plug and Play compl\u00e8te avec connecteur Molex c\u00e2bl\u00e9. Tous les indicateurs de pression, de temp\u00e9rature, de niveau et d&#8217;angle doivent \u00eatre \u00e9quip\u00e9s de capteurs. L&#8217;indicateur de vitesse GPS est livr\u00e9 avec r\u00e9cepteur et antenne.<\/p>\n","protected":false},"excerpt":{"rendered":"<p>Compteur de vitesse GPS Uflex Ultra blanc, max. 60\u00a0nd, 12\/24\u00a0V, D\u00a085\u00a0mm &#8211; Instruments Uflex \u00e9tanches IP67 avec lentille anti-condensation renforc\u00e9e<\/p>\n","protected":false},"featured_media":5939511,"comment_status":"open","ping_status":"closed","template":"","meta":[],"product_brand":[3499],"product_cat":[1233],"product_tag":[],"class_list":{"0":"post-729321","1":"product","2":"type-product","3":"status-publish","4":"has-post-thumbnail","6":"product_brand-ultraflex-uflex-fr","7":"product_cat-jauges-uflex","9":"first","10":"instock","11":"shipping-taxable","12":"purchasable","13":"product-type-simple"},"_links":{"self":[{"href":"https:\/\/stoic-curie.212-227-153-4.plesk.page\/fr\/wp-json\/wp\/v2\/product\/729321","targetHints":{"allow":["GET"]}}],"collection":[{"href":"https:\/\/stoic-curie.212-227-153-4.plesk.page\/fr\/wp-json\/wp\/v2\/product"}],"about":[{"href":"https:\/\/stoic-curie.212-227-153-4.plesk.page\/fr\/wp-json\/wp\/v2\/types\/product"}],"replies":[{"embeddable":true,"href":"https:\/\/stoic-curie.212-227-153-4.plesk.page\/fr\/wp-json\/wp\/v2\/comments?post=729321"}],"version-history":[{"count":0,"href":"https:\/\/stoic-curie.212-227-153-4.plesk.page\/fr\/wp-json\/wp\/v2\/product\/729321\/revisions"}],"wp:featuredmedia":[{"embeddable":true,"href":"https:\/\/stoic-curie.212-227-153-4.plesk.page\/fr\/wp-json\/wp\/v2\/media\/5939511"}],"wp:attachment":[{"href":"https:\/\/stoic-curie.212-227-153-4.plesk.page\/fr\/wp-json\/wp\/v2\/media?parent=729321"}],"wp:term":[{"taxonomy":"product_brand","embeddable":true,"href":"https:\/\/stoic-curie.212-227-153-4.plesk.page\/fr\/wp-json\/wp\/v2\/product_brand?post=729321"},{"taxonomy":"product_cat","embeddable":true,"href":"https:\/\/stoic-curie.212-227-153-4.plesk.page\/fr\/wp-json\/wp\/v2\/product_cat?post=729321"},{"taxonomy":"product_tag","embeddable":true,"href":"https:\/\/stoic-curie.212-227-153-4.plesk.page\/fr\/wp-json\/wp\/v2\/product_tag?post=729321"}],"curies":[{"name":"wp","href":"https:\/\/api.w.org\/{rel}","templated":true}]}}