{"id":729323,"date":"2025-03-03T16:04:08","date_gmt":"2025-03-03T15:04:08","guid":{"rendered":"https:\/\/stoic-curie.212-227-153-4.plesk.page\/producto\/compte-tour-avec-horametre-uflex-ultra-noir-max-8000-tr-min-d-85-mm\/"},"modified":"2026-02-24T23:08:34","modified_gmt":"2026-02-24T23:08:34","slug":"compte-tour-avec-horametre-uflex-ultra-noir-max-8000-tr-min-d-85-mm","status":"publish","type":"product","link":"https:\/\/stoic-curie.212-227-153-4.plesk.page\/fr\/product\/compte-tour-avec-horametre-uflex-ultra-noir-max-8000-tr-min-d-85-mm\/","title":{"rendered":"Compte-tour avec horam\u00e8tre Uflex Ultra noir, max. 8000\u00a0tr\/min, D\u00a085\u00a0mm"},"content":{"rendered":"<p>Compte-tour avec horam\u00e8tre Uflex Ultra noir, max. 8000\u00a0tr\/min, D\u00a085\u00a0mm &#8211; <\/p>\n<p>Instruments Uflex IP67 \u00e9tanches avec lentille anti-condensation renforc\u00e9e \u00e0 double couche. Bague en plastique noir et cadran noir. Tension universelle de 12\/24V avec r\u00e9tro\u00e9clairage personnalisable en rouge ou jaune. Installation plug and play compl\u00e8te avec connecteur Molex c\u00e2bl\u00e9. Tous les indicateurs de pression, de temp\u00e9rature, de niveau et d&#8217;angle doivent \u00eatre compl\u00e9t\u00e9s par des capteurs. L&#8217;indicateur de vitesse GPS est livr\u00e9 avec r\u00e9cepteur et antenne.<\/p>\n","protected":false},"excerpt":{"rendered":"<p>Compte-tour avec horam\u00e8tre Uflex Ultra noir, max. 8000\u00a0tr\/min, D\u00a085\u00a0mm &#8211; Instruments Uflex IP67 \u00e9tanches avec lentille anti-condensation renforc\u00e9e \u00e0 double<\/p>\n","protected":false},"featured_media":5943400,"comment_status":"open","ping_status":"closed","template":"","meta":[],"product_brand":[3499],"product_cat":[1214,1233],"product_tag":[],"class_list":{"0":"post-729323","1":"product","2":"type-product","3":"status-publish","4":"has-post-thumbnail","6":"product_brand-ultraflex-uflex-fr","7":"product_cat-jauges-de-tachometer","8":"product_cat-jauges-uflex","10":"first","11":"instock","12":"shipping-taxable","13":"purchasable","14":"product-type-simple"},"_links":{"self":[{"href":"https:\/\/stoic-curie.212-227-153-4.plesk.page\/fr\/wp-json\/wp\/v2\/product\/729323","targetHints":{"allow":["GET"]}}],"collection":[{"href":"https:\/\/stoic-curie.212-227-153-4.plesk.page\/fr\/wp-json\/wp\/v2\/product"}],"about":[{"href":"https:\/\/stoic-curie.212-227-153-4.plesk.page\/fr\/wp-json\/wp\/v2\/types\/product"}],"replies":[{"embeddable":true,"href":"https:\/\/stoic-curie.212-227-153-4.plesk.page\/fr\/wp-json\/wp\/v2\/comments?post=729323"}],"version-history":[{"count":0,"href":"https:\/\/stoic-curie.212-227-153-4.plesk.page\/fr\/wp-json\/wp\/v2\/product\/729323\/revisions"}],"wp:featuredmedia":[{"embeddable":true,"href":"https:\/\/stoic-curie.212-227-153-4.plesk.page\/fr\/wp-json\/wp\/v2\/media\/5943400"}],"wp:attachment":[{"href":"https:\/\/stoic-curie.212-227-153-4.plesk.page\/fr\/wp-json\/wp\/v2\/media?parent=729323"}],"wp:term":[{"taxonomy":"product_brand","embeddable":true,"href":"https:\/\/stoic-curie.212-227-153-4.plesk.page\/fr\/wp-json\/wp\/v2\/product_brand?post=729323"},{"taxonomy":"product_cat","embeddable":true,"href":"https:\/\/stoic-curie.212-227-153-4.plesk.page\/fr\/wp-json\/wp\/v2\/product_cat?post=729323"},{"taxonomy":"product_tag","embeddable":true,"href":"https:\/\/stoic-curie.212-227-153-4.plesk.page\/fr\/wp-json\/wp\/v2\/product_tag?post=729323"}],"curies":[{"name":"wp","href":"https:\/\/api.w.org\/{rel}","templated":true}]}}