{"id":729325,"date":"2025-03-03T16:04:08","date_gmt":"2025-03-03T15:04:08","guid":{"rendered":"https:\/\/stoic-curie.212-227-153-4.plesk.page\/producto\/antenne-wi-fi-glomex-webboat-4g-lite-evo\/"},"modified":"2026-02-24T23:08:34","modified_gmt":"2026-02-24T23:08:34","slug":"antenne-wi-fi-glomex-webboat-4g-lite-evo","status":"publish","type":"product","link":"https:\/\/stoic-curie.212-227-153-4.plesk.page\/fr\/product\/antenne-wi-fi-glomex-webboat-4g-lite-evo\/","title":{"rendered":"Antenne wi-fi  Glomex Webboat 4G Lite EVO"},"content":{"rendered":"<p>Antenne wi-fi  Glomex Webboat 4G Lite EVO &#8211; <\/p>\n<p>Antennne Glomex Webboat Lite Evo Wi-Fi et GSM\/GPRS\/EDGE\/UMTS &#8211; 3G\/4G\/LTE<\/p>\n<p>L&#8217;antenne Glomex Webboat Lite Evo fonctionne sur une plage de 10-30V et fournit des signaux Internet et GSM jusqu&#8217;\u00e0 15 miles de la c\u00f4te. Elle sert de point d&#8217;acc\u00e8s Wi-Fi et de routeur \u00e0 bord avec quatre ports Ethernet. De plus, elle inclut quatre r\u00e9cepteurs 4G pour la connectivit\u00e9 mobile. L&#8217;appareil dispose de deux emplacements pour cartes SIM pour les connexions GSM et de deux antennes Wi-Fi, permettant un acc\u00e8s Internet \u00e0 tous les dispositifs \u00e0 bord, y compris les smartphones, les PC et les tablettes. Il commute automatiquement entre le GSM et le Wi-Fi pour r\u00e9duire les co\u00fbts Internet. Le syst\u00e8me est \u00e9galement accompagn\u00e9 d&#8217;applications gratuites pour Android et iPhone et propose une installation Plug &amp; Play pour une configuration et un contr\u00f4le faciles.<\/p>\n<p>D\u00e9tails du produit<\/p>\n<p>Donn\u00e9es mobiles et Wi-Fi simplifi\u00e9s<\/p>\n<p>Avec l&#8217;antenne GLOMEX weBBoat\u00ae 4G Lite Evo, vous pouvez naviguer facilement sur Internet sans installations compliqu\u00e9es. Ins\u00e9rez simplement votre carte SIM et connectez l&#8217;antenne \u00e0 une source d&#8217;alimentation DC 10-30V. Apr\u00e8s une configuration rapide \u00e0 l&#8217;aide de l&#8217;application GLOMEX weBBoat\u00ae, vous serez pr\u00eat \u00e0 surfer sur le web.<\/p>\n<p>Connexion facile<\/p>\n<p>Le GLOMEX weBBoat\u00ae 4G Lite Evo peut se connecter \u00e0 des r\u00e9seaux Wi-Fi jusqu&#8217;\u00e0 environ 15 miles nautiques, selon l&#8217;environnement et l&#8217;installation. Vous pouvez partager cette connexion avec jusqu&#8217;\u00e0 24 dispositifs. Si un point d&#8217;acc\u00e8s Wi-Fi n&#8217;est pas disponible, vous pouvez utiliser le r\u00e9seau mobile 4G (LTE) ou 3G de votre fournisseur (carte SIM en option), selon la disponibilit\u00e9. Le GLOMEX weBBoat\u00ae 4G Lite Evo est \u00e9galement adapt\u00e9 aux plus grands yachts ou navires o\u00f9 les coques en m\u00e9tal et les superstructures peuvent interf\u00e9rer avec la r\u00e9ception. Dans de tels cas, le point d&#8217;acc\u00e8s de l&#8217;antenne peut \u00eatre connect\u00e9 \u00e0 l&#8217;int\u00e9rieur du bateau en utilisant un c\u00e2ble Ethernet. En plus du point d&#8217;acc\u00e8s Wi-Fi weBBoat\u00ae, un port Ethernet c\u00e2bl\u00e9 (RJ45) est \u00e9galement disponible.<\/p>\n<p>\u00c9conomisez des donn\u00e9es mobiles<\/p>\n<p>Le GLOMEX weBBoat\u00ae 4G Lite Evo commute automatiquement entre les donn\u00e9es mobiles et le Wi-Fi. Si vous utilisez votre connexion mobile en navigation et que vous arrivez \u00e0 votre port d&#8217;attache, l&#8217;appareil se d\u00e9connectera du r\u00e9seau mobile et se reconnectera automatiquement au Wi-Fi du port connu.<\/p>\n<hr>\n<p>GLOMEX weBBoat\u00ae 4G Lite Evo &#8211; Caract\u00e9ristiques<\/p>\n<ul>\n<li>Installation Plug and Play : Connectez l&#8217;antenne weBBoat\u00ae \u00e0 une source d&#8217;alimentation DC 10-30V, et apr\u00e8s une br\u00e8ve configuration, vous \u00eates pr\u00eat \u00e0 naviguer sur Internet.<\/li>\n<li>Plage des donn\u00e9es mobiles : Profitez d&#8217;une couverture de donn\u00e9es mobiles jusqu&#8217;\u00e0 15 miles nautiques (selon l&#8217;environnement et l&#8217;installation).<\/li>\n<li>Acc\u00e8s 3G et 4G (LTE) : Surfez sur le r\u00e9seau de donn\u00e9es mobiles de votre fournisseur en d\u00e9placement.<\/li>\n<li>\u00c9conomie de donn\u00e9es : R\u00e9duisez l&#8217;utilisation des donn\u00e9es mobiles en basculant automatiquement vers des r\u00e9seaux sans fil connus.<\/li>\n<li>Connectivit\u00e9 multi-appareils : Jusqu&#8217;\u00e0 24 appareils peuvent simultan\u00e9ment acc\u00e9der \u00e0 Internet via l&#8217;antenne GLOMEX weBBoat\u00ae.<\/li>\n<li>Application conviviale : L&#8217;application intuitive GLOMEX weBBoat\u00ae permet une configuration rapide et une gestion de l&#8217;antenne.<\/li>\n<li>Conception durable : Le bo\u00eetier de l&#8217;antenne r\u00e9sistant aux UV prot\u00e8ge l&#8217;int\u00e9rieur contre les conditions maritimes.<\/li>\n<\/ul>\n<hr>\n<p>Installation facile<\/p>\n<p>Le GLOMEX weBBoat\u00ae 4G Lite Evo est livr\u00e9 avec des supports de montage permettant une installation sur une surface plate ou sur un support d&#8217;antenne standard avec un filetage externe de 1&#8243;-14. Alternativement, le support GLOMEX TM002 d&#8217;origine est disponible pour l&#8217;installation sur des surfaces l\u00e9g\u00e8rement arrondies.<\/p>\n<p>Pour une r\u00e9ception optimale, positionnez l&#8217;antenne \u00e0 la hauteur du ridoir (maximum 8-10 m\u00e8tres du pont). Pour les bateaux \u00e0 moteur, nous recommandons de monter le weBBoat\u00ae 4G Lite Evo sur le plateau de commande.<\/p>\n","protected":false},"excerpt":{"rendered":"<p>Antenne wi-fi Glomex Webboat 4G Lite EVO &#8211; Antennne Glomex Webboat Lite Evo Wi-Fi et GSM\/GPRS\/EDGE\/UMTS &#8211; 3G\/4G\/LTE L&#8217;antenne Glomex<\/p>\n","protected":false},"featured_media":5944153,"comment_status":"open","ping_status":"closed","template":"","meta":[],"product_brand":[2979],"product_cat":[1180],"product_tag":[],"class_list":{"0":"post-729325","1":"product","2":"type-product","3":"status-publish","4":"has-post-thumbnail","6":"product_brand-glomex-fr","7":"product_cat-antennes-tv","9":"first","10":"instock","11":"shipping-taxable","12":"purchasable","13":"product-type-simple"},"_links":{"self":[{"href":"https:\/\/stoic-curie.212-227-153-4.plesk.page\/fr\/wp-json\/wp\/v2\/product\/729325","targetHints":{"allow":["GET"]}}],"collection":[{"href":"https:\/\/stoic-curie.212-227-153-4.plesk.page\/fr\/wp-json\/wp\/v2\/product"}],"about":[{"href":"https:\/\/stoic-curie.212-227-153-4.plesk.page\/fr\/wp-json\/wp\/v2\/types\/product"}],"replies":[{"embeddable":true,"href":"https:\/\/stoic-curie.212-227-153-4.plesk.page\/fr\/wp-json\/wp\/v2\/comments?post=729325"}],"version-history":[{"count":0,"href":"https:\/\/stoic-curie.212-227-153-4.plesk.page\/fr\/wp-json\/wp\/v2\/product\/729325\/revisions"}],"wp:featuredmedia":[{"embeddable":true,"href":"https:\/\/stoic-curie.212-227-153-4.plesk.page\/fr\/wp-json\/wp\/v2\/media\/5944153"}],"wp:attachment":[{"href":"https:\/\/stoic-curie.212-227-153-4.plesk.page\/fr\/wp-json\/wp\/v2\/media?parent=729325"}],"wp:term":[{"taxonomy":"product_brand","embeddable":true,"href":"https:\/\/stoic-curie.212-227-153-4.plesk.page\/fr\/wp-json\/wp\/v2\/product_brand?post=729325"},{"taxonomy":"product_cat","embeddable":true,"href":"https:\/\/stoic-curie.212-227-153-4.plesk.page\/fr\/wp-json\/wp\/v2\/product_cat?post=729325"},{"taxonomy":"product_tag","embeddable":true,"href":"https:\/\/stoic-curie.212-227-153-4.plesk.page\/fr\/wp-json\/wp\/v2\/product_tag?post=729325"}],"curies":[{"name":"wp","href":"https:\/\/api.w.org\/{rel}","templated":true}]}}