{"id":729332,"date":"2025-03-03T16:04:09","date_gmt":"2025-03-03T15:04:09","guid":{"rendered":"https:\/\/stoic-curie.212-227-153-4.plesk.page\/producto\/ligne-de-vie-wichard-2-cm-x-14-m\/"},"modified":"2026-02-24T23:08:34","modified_gmt":"2026-02-24T23:08:34","slug":"ligne-de-vie-wichard-2-cm-x-14-m","status":"publish","type":"product","link":"https:\/\/stoic-curie.212-227-153-4.plesk.page\/fr\/product\/ligne-de-vie-wichard-2-cm-x-14-m\/","title":{"rendered":"Ligne de vie Wichard, 2\u00a0cm\u00a0x\u00a014\u00a0m"},"content":{"rendered":"<p>Ligne de vie Wichard, 2\u00a0cm\u00a0x\u00a014\u00a0m &#8211; <\/p>\n<p>Ensemble de sangles de s\u00e9curit\u00e9 ajustables qui permettent de se d\u00e9placer en toute s\u00e9curit\u00e9 sur le pont. Con\u00e7u pour maintenir deux personnes de 100 kg suspendues en bordure, m\u00eame en mer agit\u00e9e. Tr\u00e8s r\u00e9sistant, construit avec une bande r\u00e9fl\u00e9chissante et un bord anti-abrasion des deux c\u00f4t\u00e9s. Ils peuvent \u00eatre facilement fix\u00e9s \u00e0 tout bollard, \u0153illet ou point de fixation gr\u00e2ce au joint et \u00e0 la boucle antid\u00e9rapante compl\u00e9t\u00e9e par un bo\u00eetier photoluminescent. Largeur des sangles : 25 mm. Charge de rupture maximale : 3000 kg.<\/p>\n","protected":false},"excerpt":{"rendered":"<p>Ligne de vie Wichard, 2\u00a0cm\u00a0x\u00a014\u00a0m &#8211; Ensemble de sangles de s\u00e9curit\u00e9 ajustables qui permettent de se d\u00e9placer en toute s\u00e9curit\u00e9<\/p>\n","protected":false},"featured_media":5944157,"comment_status":"open","ping_status":"closed","template":"","meta":[],"product_brand":[3534],"product_cat":[1197,1030],"product_tag":[],"class_list":{"0":"post-729332","1":"product","2":"type-product","3":"status-publish","4":"has-post-thumbnail","6":"product_brand-wichard-fr","7":"product_cat-accessoires-pour-voiliers","8":"product_cat-bouees-et-slings-de-sauvetage","10":"first","11":"instock","12":"shipping-taxable","13":"purchasable","14":"product-type-simple"},"_links":{"self":[{"href":"https:\/\/stoic-curie.212-227-153-4.plesk.page\/fr\/wp-json\/wp\/v2\/product\/729332","targetHints":{"allow":["GET"]}}],"collection":[{"href":"https:\/\/stoic-curie.212-227-153-4.plesk.page\/fr\/wp-json\/wp\/v2\/product"}],"about":[{"href":"https:\/\/stoic-curie.212-227-153-4.plesk.page\/fr\/wp-json\/wp\/v2\/types\/product"}],"replies":[{"embeddable":true,"href":"https:\/\/stoic-curie.212-227-153-4.plesk.page\/fr\/wp-json\/wp\/v2\/comments?post=729332"}],"version-history":[{"count":0,"href":"https:\/\/stoic-curie.212-227-153-4.plesk.page\/fr\/wp-json\/wp\/v2\/product\/729332\/revisions"}],"wp:featuredmedia":[{"embeddable":true,"href":"https:\/\/stoic-curie.212-227-153-4.plesk.page\/fr\/wp-json\/wp\/v2\/media\/5944157"}],"wp:attachment":[{"href":"https:\/\/stoic-curie.212-227-153-4.plesk.page\/fr\/wp-json\/wp\/v2\/media?parent=729332"}],"wp:term":[{"taxonomy":"product_brand","embeddable":true,"href":"https:\/\/stoic-curie.212-227-153-4.plesk.page\/fr\/wp-json\/wp\/v2\/product_brand?post=729332"},{"taxonomy":"product_cat","embeddable":true,"href":"https:\/\/stoic-curie.212-227-153-4.plesk.page\/fr\/wp-json\/wp\/v2\/product_cat?post=729332"},{"taxonomy":"product_tag","embeddable":true,"href":"https:\/\/stoic-curie.212-227-153-4.plesk.page\/fr\/wp-json\/wp\/v2\/product_tag?post=729332"}],"curies":[{"name":"wp","href":"https:\/\/api.w.org\/{rel}","templated":true}]}}