{"id":729335,"date":"2025-03-03T16:04:10","date_gmt":"2025-03-03T15:04:10","guid":{"rendered":"https:\/\/stoic-curie.212-227-153-4.plesk.page\/producto\/rouleau-a-lames-pour-scrubbis\/"},"modified":"2026-02-24T23:08:34","modified_gmt":"2026-02-24T23:08:34","slug":"rouleau-a-lames-pour-scrubbis","status":"publish","type":"product","link":"https:\/\/stoic-curie.212-227-153-4.plesk.page\/fr\/product\/rouleau-a-lames-pour-scrubbis\/","title":{"rendered":"\u00a0Rouleau \u00e0 lames pour Scrubbis"},"content":{"rendered":"<p>\u00a0Rouleau \u00e0 lames pour Scrubbis &#8211; <\/p>\n<p>Ensemble de nettoyage Scrubbis Hull Scraper, innovant et facile \u00e0 utiliser, qui permet de nettoyer l&#8217;ensemble de la coque pendant que le bateau est dans l&#8217;eau. Il utilise la flottabilit\u00e9 de la t\u00eate (2 kg) pour exercer une pression \u00e0 travers les grattoirs sur la coque. Vous pouvez facilement enlever les algues, le biofouling, les mollusques et les crustac\u00e9s avec un simple mouvement de la main.<br \/>Le set comprend :<\/p>\n","protected":false},"excerpt":{"rendered":"<p>\u00a0Rouleau \u00e0 lames pour Scrubbis &#8211; Ensemble de nettoyage Scrubbis Hull Scraper, innovant et facile \u00e0 utiliser, qui permet de<\/p>\n","protected":false},"featured_media":5944169,"comment_status":"open","ping_status":"closed","template":"","meta":[],"product_brand":[3339],"product_cat":[1059],"product_tag":[],"class_list":{"0":"post-729335","1":"product","2":"type-product","3":"status-publish","4":"has-post-thumbnail","6":"product_brand-scrubbis-fr","7":"product_cat-accessoires-de-nettoyage","9":"first","10":"instock","11":"shipping-taxable","12":"purchasable","13":"product-type-simple"},"_links":{"self":[{"href":"https:\/\/stoic-curie.212-227-153-4.plesk.page\/fr\/wp-json\/wp\/v2\/product\/729335","targetHints":{"allow":["GET"]}}],"collection":[{"href":"https:\/\/stoic-curie.212-227-153-4.plesk.page\/fr\/wp-json\/wp\/v2\/product"}],"about":[{"href":"https:\/\/stoic-curie.212-227-153-4.plesk.page\/fr\/wp-json\/wp\/v2\/types\/product"}],"replies":[{"embeddable":true,"href":"https:\/\/stoic-curie.212-227-153-4.plesk.page\/fr\/wp-json\/wp\/v2\/comments?post=729335"}],"version-history":[{"count":0,"href":"https:\/\/stoic-curie.212-227-153-4.plesk.page\/fr\/wp-json\/wp\/v2\/product\/729335\/revisions"}],"wp:featuredmedia":[{"embeddable":true,"href":"https:\/\/stoic-curie.212-227-153-4.plesk.page\/fr\/wp-json\/wp\/v2\/media\/5944169"}],"wp:attachment":[{"href":"https:\/\/stoic-curie.212-227-153-4.plesk.page\/fr\/wp-json\/wp\/v2\/media?parent=729335"}],"wp:term":[{"taxonomy":"product_brand","embeddable":true,"href":"https:\/\/stoic-curie.212-227-153-4.plesk.page\/fr\/wp-json\/wp\/v2\/product_brand?post=729335"},{"taxonomy":"product_cat","embeddable":true,"href":"https:\/\/stoic-curie.212-227-153-4.plesk.page\/fr\/wp-json\/wp\/v2\/product_cat?post=729335"},{"taxonomy":"product_tag","embeddable":true,"href":"https:\/\/stoic-curie.212-227-153-4.plesk.page\/fr\/wp-json\/wp\/v2\/product_tag?post=729335"}],"curies":[{"name":"wp","href":"https:\/\/api.w.org\/{rel}","templated":true}]}}