{"id":729337,"date":"2025-03-03T16:04:10","date_gmt":"2025-03-03T15:04:10","guid":{"rendered":"https:\/\/stoic-curie.212-227-153-4.plesk.page\/producto\/amarre-pre-epissee-liros-avec-gaine-de-protection-antiragage-d-10-mm-x-10-m\/"},"modified":"2026-02-24T23:08:34","modified_gmt":"2026-02-24T23:08:34","slug":"amarre-pre-epissee-liros-avec-gaine-de-protection-antiragage-d-10-mm-x-10-m","status":"publish","type":"product","link":"https:\/\/stoic-curie.212-227-153-4.plesk.page\/fr\/product\/amarre-pre-epissee-liros-avec-gaine-de-protection-antiragage-d-10-mm-x-10-m\/","title":{"rendered":"Amarre pr\u00e9-\u00e9piss\u00e9e Liros avec gaine de protection antiragage, D\u00a010\u00a0mm\u00a0x\u00a010\u00a0m"},"content":{"rendered":"<p>Amarre pr\u00e9-\u00e9piss\u00e9e Liros avec gaine de protection antiragage, D\u00a010\u00a0mm\u00a0x\u00a010\u00a0m &#8211; <\/p>\n<p> Ligne de quai pr\u00e9-\u00e9pissur\u00e9e pr\u00eate \u00e0 l&#8217;emploi, de 40 cm avec protection en polyester. Doux, facile \u00e0 manipuler, avec une haute r\u00e9sistance \u00e0 la rupture et une grande \u00e9lasticit\u00e9.<\/p>\n","protected":false},"excerpt":{"rendered":"<p>Amarre pr\u00e9-\u00e9piss\u00e9e Liros avec gaine de protection antiragage, D\u00a010\u00a0mm\u00a0x\u00a010\u00a0m &#8211; Ligne de quai pr\u00e9-\u00e9pissur\u00e9e pr\u00eate \u00e0 l&#8217;emploi, de 40 cm<\/p>\n","protected":false},"featured_media":5944178,"comment_status":"open","ping_status":"closed","template":"","meta":[],"product_brand":[3064],"product_cat":[1049],"product_tag":[],"class_list":{"0":"post-729337","1":"product","2":"type-product","3":"status-publish","4":"has-post-thumbnail","6":"product_brand-liros-fr","7":"product_cat-cordes-pre-epissees","9":"first","10":"instock","11":"shipping-taxable","12":"purchasable","13":"product-type-simple"},"_links":{"self":[{"href":"https:\/\/stoic-curie.212-227-153-4.plesk.page\/fr\/wp-json\/wp\/v2\/product\/729337","targetHints":{"allow":["GET"]}}],"collection":[{"href":"https:\/\/stoic-curie.212-227-153-4.plesk.page\/fr\/wp-json\/wp\/v2\/product"}],"about":[{"href":"https:\/\/stoic-curie.212-227-153-4.plesk.page\/fr\/wp-json\/wp\/v2\/types\/product"}],"replies":[{"embeddable":true,"href":"https:\/\/stoic-curie.212-227-153-4.plesk.page\/fr\/wp-json\/wp\/v2\/comments?post=729337"}],"version-history":[{"count":0,"href":"https:\/\/stoic-curie.212-227-153-4.plesk.page\/fr\/wp-json\/wp\/v2\/product\/729337\/revisions"}],"wp:featuredmedia":[{"embeddable":true,"href":"https:\/\/stoic-curie.212-227-153-4.plesk.page\/fr\/wp-json\/wp\/v2\/media\/5944178"}],"wp:attachment":[{"href":"https:\/\/stoic-curie.212-227-153-4.plesk.page\/fr\/wp-json\/wp\/v2\/media?parent=729337"}],"wp:term":[{"taxonomy":"product_brand","embeddable":true,"href":"https:\/\/stoic-curie.212-227-153-4.plesk.page\/fr\/wp-json\/wp\/v2\/product_brand?post=729337"},{"taxonomy":"product_cat","embeddable":true,"href":"https:\/\/stoic-curie.212-227-153-4.plesk.page\/fr\/wp-json\/wp\/v2\/product_cat?post=729337"},{"taxonomy":"product_tag","embeddable":true,"href":"https:\/\/stoic-curie.212-227-153-4.plesk.page\/fr\/wp-json\/wp\/v2\/product_tag?post=729337"}],"curies":[{"name":"wp","href":"https:\/\/api.w.org\/{rel}","templated":true}]}}