{"id":729353,"date":"2025-03-03T16:04:12","date_gmt":"2025-03-03T15:04:12","guid":{"rendered":"https:\/\/stoic-curie.212-227-153-4.plesk.page\/producto\/bouee-tractee-jobe-hydra-rouge-1-place\/"},"modified":"2026-02-24T23:08:34","modified_gmt":"2026-02-24T23:08:34","slug":"bouee-tractee-jobe-hydra-rouge-1-place","status":"publish","type":"product","link":"https:\/\/stoic-curie.212-227-153-4.plesk.page\/fr\/product\/bouee-tractee-jobe-hydra-rouge-1-place\/","title":{"rendered":"Bou\u00e9e tract\u00e9e Jobe Hydra rouge, 1\u00a0place"},"content":{"rendered":"<p>Bou\u00e9e tract\u00e9e Jobe Hydra rouge, 1\u00a0place &#8211; <\/p>\n<p>Performance hydrodynamique remorquable fabriqu\u00e9 en PVC 20G r\u00e9sistant avec une couche de protection en nylon 420D. Anneau de traction renforc\u00e9 et 2 poign\u00e9es rembourr\u00e9es avec prot\u00e8ge-articulations en n\u00e9opr\u00e8ne. Garantie de 3 ans apr\u00e8s enregistrement sur le site Web de Jobe.<\/p>\n","protected":false},"excerpt":{"rendered":"<p>Bou\u00e9e tract\u00e9e Jobe Hydra rouge, 1\u00a0place &#8211; Performance hydrodynamique remorquable fabriqu\u00e9 en PVC 20G r\u00e9sistant avec une couche de protection<\/p>\n","protected":false},"featured_media":5944184,"comment_status":"open","ping_status":"closed","template":"","meta":[],"product_brand":[3039],"product_cat":[1272],"product_tag":[],"class_list":{"0":"post-729353","1":"product","2":"type-product","3":"status-publish","4":"has-post-thumbnail","6":"product_brand-jobe-sports-fr","7":"product_cat-accessoires-de-ski-nautique","9":"first","10":"instock","11":"shipping-taxable","12":"purchasable","13":"product-type-simple"},"_links":{"self":[{"href":"https:\/\/stoic-curie.212-227-153-4.plesk.page\/fr\/wp-json\/wp\/v2\/product\/729353","targetHints":{"allow":["GET"]}}],"collection":[{"href":"https:\/\/stoic-curie.212-227-153-4.plesk.page\/fr\/wp-json\/wp\/v2\/product"}],"about":[{"href":"https:\/\/stoic-curie.212-227-153-4.plesk.page\/fr\/wp-json\/wp\/v2\/types\/product"}],"replies":[{"embeddable":true,"href":"https:\/\/stoic-curie.212-227-153-4.plesk.page\/fr\/wp-json\/wp\/v2\/comments?post=729353"}],"version-history":[{"count":0,"href":"https:\/\/stoic-curie.212-227-153-4.plesk.page\/fr\/wp-json\/wp\/v2\/product\/729353\/revisions"}],"wp:featuredmedia":[{"embeddable":true,"href":"https:\/\/stoic-curie.212-227-153-4.plesk.page\/fr\/wp-json\/wp\/v2\/media\/5944184"}],"wp:attachment":[{"href":"https:\/\/stoic-curie.212-227-153-4.plesk.page\/fr\/wp-json\/wp\/v2\/media?parent=729353"}],"wp:term":[{"taxonomy":"product_brand","embeddable":true,"href":"https:\/\/stoic-curie.212-227-153-4.plesk.page\/fr\/wp-json\/wp\/v2\/product_brand?post=729353"},{"taxonomy":"product_cat","embeddable":true,"href":"https:\/\/stoic-curie.212-227-153-4.plesk.page\/fr\/wp-json\/wp\/v2\/product_cat?post=729353"},{"taxonomy":"product_tag","embeddable":true,"href":"https:\/\/stoic-curie.212-227-153-4.plesk.page\/fr\/wp-json\/wp\/v2\/product_tag?post=729353"}],"curies":[{"name":"wp","href":"https:\/\/api.w.org\/{rel}","templated":true}]}}