{"id":729354,"date":"2025-03-03T16:04:12","date_gmt":"2025-03-03T15:04:12","guid":{"rendered":"https:\/\/stoic-curie.212-227-153-4.plesk.page\/producto\/poulie-violon-a-ringot-et-coinceur-master-rea-d-60-mm-pour-bouts-jusqua-d-12-mm\/"},"modified":"2026-02-24T23:08:34","modified_gmt":"2026-02-24T23:08:34","slug":"poulie-violon-a-ringot-et-coinceur-master-rea-d-60-mm-pour-bouts-jusqua-d-12-mm","status":"publish","type":"product","link":"https:\/\/stoic-curie.212-227-153-4.plesk.page\/fr\/product\/poulie-violon-a-ringot-et-coinceur-master-rea-d-60-mm-pour-bouts-jusqua-d-12-mm\/","title":{"rendered":"Poulie violon \u00e0 ringot et coinceur Master, r\u00e9a D\u00a060\u00a0mm, pour bouts jusqu\u2019\u00e0 D\u00a012 mm"},"content":{"rendered":"<p>Poulie violon \u00e0 ringot et coinceur Master, r\u00e9a D\u00a060\u00a0mm, pour bouts jusqu\u2019\u00e0 D\u00a012 mm &#8211; <\/p>\n<p>Blocs \u00e0 roulement ma\u00eetre con\u00e7us pour la l\u00e9g\u00e8ret\u00e9, la r\u00e9sistance et une maniabilit\u00e9 sup\u00e9rieure. Fabriqu\u00e9s en nylon renforc\u00e9 de fibres de verre pour offrir une r\u00e9sistance similaire \u00e0 celle du m\u00e9tal. La poulie auto-lubrifi\u00e9e r\u00e9duit la friction et augmente l&#8217;efficacit\u00e9. Le roulement en acier inoxydable 316 offre une rotation fluide, facilitant le transfert de puissance pour les marins et r\u00e9duisant l&#8217;usure des cordes. Roulement : Acier inoxydable 316 Diam\u00e8tre de la poulie 60 mm : composite ac\u00e9tal auto-lubrifiant Joues : composite de nylon renforc\u00e9 de fibres de verre stabilis\u00e9 aux UV Mousqueton pivotant : Acier inoxydable forg\u00e9 de grade 316 WL : Charge de travail BL : Charge de rupture REMARQUE : La charge de travail\/de rupture des blocs avec came est bas\u00e9e sur la r\u00e9sistance de la came.<\/p>\n","protected":false},"excerpt":{"rendered":"<p>Poulie violon \u00e0 ringot et coinceur Master, r\u00e9a D\u00a060\u00a0mm, pour bouts jusqu\u2019\u00e0 D\u00a012 mm &#8211; Blocs \u00e0 roulement ma\u00eetre con\u00e7us<\/p>\n","protected":false},"featured_media":5944187,"comment_status":"open","ping_status":"closed","template":"","meta":[],"product_brand":[3129],"product_cat":[1196],"product_tag":[],"class_list":{"0":"post-729354","1":"product","2":"type-product","3":"status-publish","4":"has-post-thumbnail","6":"product_brand-master-fr","7":"product_cat-poulies-master","9":"first","10":"instock","11":"shipping-taxable","12":"purchasable","13":"product-type-simple"},"_links":{"self":[{"href":"https:\/\/stoic-curie.212-227-153-4.plesk.page\/fr\/wp-json\/wp\/v2\/product\/729354","targetHints":{"allow":["GET"]}}],"collection":[{"href":"https:\/\/stoic-curie.212-227-153-4.plesk.page\/fr\/wp-json\/wp\/v2\/product"}],"about":[{"href":"https:\/\/stoic-curie.212-227-153-4.plesk.page\/fr\/wp-json\/wp\/v2\/types\/product"}],"replies":[{"embeddable":true,"href":"https:\/\/stoic-curie.212-227-153-4.plesk.page\/fr\/wp-json\/wp\/v2\/comments?post=729354"}],"version-history":[{"count":0,"href":"https:\/\/stoic-curie.212-227-153-4.plesk.page\/fr\/wp-json\/wp\/v2\/product\/729354\/revisions"}],"wp:featuredmedia":[{"embeddable":true,"href":"https:\/\/stoic-curie.212-227-153-4.plesk.page\/fr\/wp-json\/wp\/v2\/media\/5944187"}],"wp:attachment":[{"href":"https:\/\/stoic-curie.212-227-153-4.plesk.page\/fr\/wp-json\/wp\/v2\/media?parent=729354"}],"wp:term":[{"taxonomy":"product_brand","embeddable":true,"href":"https:\/\/stoic-curie.212-227-153-4.plesk.page\/fr\/wp-json\/wp\/v2\/product_brand?post=729354"},{"taxonomy":"product_cat","embeddable":true,"href":"https:\/\/stoic-curie.212-227-153-4.plesk.page\/fr\/wp-json\/wp\/v2\/product_cat?post=729354"},{"taxonomy":"product_tag","embeddable":true,"href":"https:\/\/stoic-curie.212-227-153-4.plesk.page\/fr\/wp-json\/wp\/v2\/product_tag?post=729354"}],"curies":[{"name":"wp","href":"https:\/\/api.w.org\/{rel}","templated":true}]}}