{"id":729355,"date":"2025-03-03T16:04:13","date_gmt":"2025-03-03T15:04:13","guid":{"rendered":"https:\/\/stoic-curie.212-227-153-4.plesk.page\/producto\/poulie-master-rea-d-72-mm-pour-bouts-jusqua-d-12-mm-2\/"},"modified":"2026-02-24T23:08:34","modified_gmt":"2026-02-24T23:08:34","slug":"poulie-master-rea-d-72-mm-pour-bouts-jusqua-d-12-mm-2","status":"publish","type":"product","link":"https:\/\/stoic-curie.212-227-153-4.plesk.page\/fr\/product\/poulie-master-rea-d-72-mm-pour-bouts-jusqua-d-12-mm-2\/","title":{"rendered":"Poulie Master, r\u00e9a D\u00a072\u00a0mm, pour bouts jusqu&#8217;\u00e0 D\u00a012\u00a0mm"},"content":{"rendered":"<p>Poulie Master, r\u00e9a D\u00a072\u00a0mm, pour bouts jusqu&#8217;\u00e0 D\u00a012\u00a0mm &#8211; <\/p>\n<p>Blocs \u00e0 roulements plans con\u00e7us pour \u00eatre l\u00e9gers, r\u00e9sistants et offrir une manipulation sup\u00e9rieure. Fabriqu\u00e9s en nylon renforc\u00e9 de fibres de verre pour fournir une r\u00e9sistance semblable \u00e0 celle du m\u00e9tal. La poulie autolubrifiante r\u00e9duit la friction et augmente l&#8217;efficacit\u00e9. Le roulement plan en acier inoxydable 316 offre une rotation fluide, permettant aux marins de transf\u00e9rer plus facilement la puissance et de r\u00e9duire l&#8217;usure des cordes. Roulement plan : Acier inoxydable 316 Diam\u00e8tre de la poulie 72 mm : composite ac\u00e9tal auto-lubrifiant \u00c9paules : composite en nylon renforc\u00e9 de fibres de verre stabilis\u00e9 aux UV Mousqueton pivotant : Acier inoxydable forg\u00e9 de qualit\u00e9 316 WL : Charge de travail BL : Charge de rupture REMARQUE : La charge de travail\/de rupture des blocs avec came est bas\u00e9e sur la r\u00e9sistance de la came.<\/p>\n","protected":false},"excerpt":{"rendered":"<p>Poulie Master, r\u00e9a D\u00a072\u00a0mm, pour bouts jusqu&#8217;\u00e0 D\u00a012\u00a0mm &#8211; Blocs \u00e0 roulements plans con\u00e7us pour \u00eatre l\u00e9gers, r\u00e9sistants et offrir<\/p>\n","protected":false},"featured_media":5944188,"comment_status":"open","ping_status":"closed","template":"","meta":[],"product_brand":[3129,2291],"product_cat":[1196],"product_tag":[],"class_list":{"0":"post-729355","1":"product","2":"type-product","3":"status-publish","4":"has-post-thumbnail","6":"product_brand-master-fr","7":"product_brand-master","8":"product_cat-poulies-master","10":"first","11":"instock","12":"shipping-taxable","13":"purchasable","14":"product-type-simple"},"_links":{"self":[{"href":"https:\/\/stoic-curie.212-227-153-4.plesk.page\/fr\/wp-json\/wp\/v2\/product\/729355","targetHints":{"allow":["GET"]}}],"collection":[{"href":"https:\/\/stoic-curie.212-227-153-4.plesk.page\/fr\/wp-json\/wp\/v2\/product"}],"about":[{"href":"https:\/\/stoic-curie.212-227-153-4.plesk.page\/fr\/wp-json\/wp\/v2\/types\/product"}],"replies":[{"embeddable":true,"href":"https:\/\/stoic-curie.212-227-153-4.plesk.page\/fr\/wp-json\/wp\/v2\/comments?post=729355"}],"version-history":[{"count":0,"href":"https:\/\/stoic-curie.212-227-153-4.plesk.page\/fr\/wp-json\/wp\/v2\/product\/729355\/revisions"}],"wp:featuredmedia":[{"embeddable":true,"href":"https:\/\/stoic-curie.212-227-153-4.plesk.page\/fr\/wp-json\/wp\/v2\/media\/5944188"}],"wp:attachment":[{"href":"https:\/\/stoic-curie.212-227-153-4.plesk.page\/fr\/wp-json\/wp\/v2\/media?parent=729355"}],"wp:term":[{"taxonomy":"product_brand","embeddable":true,"href":"https:\/\/stoic-curie.212-227-153-4.plesk.page\/fr\/wp-json\/wp\/v2\/product_brand?post=729355"},{"taxonomy":"product_cat","embeddable":true,"href":"https:\/\/stoic-curie.212-227-153-4.plesk.page\/fr\/wp-json\/wp\/v2\/product_cat?post=729355"},{"taxonomy":"product_tag","embeddable":true,"href":"https:\/\/stoic-curie.212-227-153-4.plesk.page\/fr\/wp-json\/wp\/v2\/product_tag?post=729355"}],"curies":[{"name":"wp","href":"https:\/\/api.w.org\/{rel}","templated":true}]}}