{"id":729356,"date":"2025-03-03T16:04:13","date_gmt":"2025-03-03T15:04:13","guid":{"rendered":"https:\/\/stoic-curie.212-227-153-4.plesk.page\/producto\/poulie-violon-a-ringot-et-coinceur-master-rea-d-72-mm-pour-bouts-jusqua-d-12-mm\/"},"modified":"2026-02-24T23:08:34","modified_gmt":"2026-02-24T23:08:34","slug":"poulie-violon-a-ringot-et-coinceur-master-rea-d-72-mm-pour-bouts-jusqua-d-12-mm","status":"publish","type":"product","link":"https:\/\/stoic-curie.212-227-153-4.plesk.page\/fr\/product\/poulie-violon-a-ringot-et-coinceur-master-rea-d-72-mm-pour-bouts-jusqua-d-12-mm\/","title":{"rendered":"Poulie violon \u00e0 ringot et coinceur Master, r\u00e9a D\u00a072\u00a0mm, pour bouts jusqu\u2019\u00e0 D\u00a012\u00a0mm"},"content":{"rendered":"<p>Poulie violon \u00e0 ringot et coinceur Master, r\u00e9a D\u00a072\u00a0mm, pour bouts jusqu\u2019\u00e0 D\u00a012\u00a0mm &#8211; <\/p>\n<p>Blocks de roulement lisse Master con\u00e7us pour \u00eatre l\u00e9gers, robustes et offrir une maniabilit\u00e9 sup\u00e9rieure. Fabriqu\u00e9s en nylon renforc\u00e9 de fibres de verre pour fournir une r\u00e9sistance semblable \u00e0 celle du m\u00e9tal. La poulie auto-lubrifi\u00e9e r\u00e9duit les frottements et augmente l&#8217;efficacit\u00e9. Le palier lisse en acier inoxydable 316 permet une rotation fluide, offrant aux marins un transfert de puissance plus facile et une usure r\u00e9duite des cordages. Palier lisse : Acier inoxydable 316 Diam\u00e8tre de la poulie 72 mm : composite ac\u00e9tal auto-lubrifiant Greffons : composite en nylon renforc\u00e9 de fibres de verre stabilis\u00e9 aux UV \u00c9trier pivotant : Acier inoxydable forg\u00e9 de qualit\u00e9 316 WL : Charge de travail BL : Charge de rupture REMARQUE : La charge de travail\/de rupture des blocs avec came est bas\u00e9e sur la r\u00e9sistance de la came.<\/p>\n","protected":false},"excerpt":{"rendered":"<p>Poulie violon \u00e0 ringot et coinceur Master, r\u00e9a D\u00a072\u00a0mm, pour bouts jusqu\u2019\u00e0 D\u00a012\u00a0mm &#8211; Blocks de roulement lisse Master con\u00e7us<\/p>\n","protected":false},"featured_media":5944189,"comment_status":"open","ping_status":"closed","template":"","meta":[],"product_brand":[3129],"product_cat":[1196],"product_tag":[],"class_list":{"0":"post-729356","1":"product","2":"type-product","3":"status-publish","4":"has-post-thumbnail","6":"product_brand-master-fr","7":"product_cat-poulies-master","9":"first","10":"instock","11":"shipping-taxable","12":"purchasable","13":"product-type-simple"},"_links":{"self":[{"href":"https:\/\/stoic-curie.212-227-153-4.plesk.page\/fr\/wp-json\/wp\/v2\/product\/729356","targetHints":{"allow":["GET"]}}],"collection":[{"href":"https:\/\/stoic-curie.212-227-153-4.plesk.page\/fr\/wp-json\/wp\/v2\/product"}],"about":[{"href":"https:\/\/stoic-curie.212-227-153-4.plesk.page\/fr\/wp-json\/wp\/v2\/types\/product"}],"replies":[{"embeddable":true,"href":"https:\/\/stoic-curie.212-227-153-4.plesk.page\/fr\/wp-json\/wp\/v2\/comments?post=729356"}],"version-history":[{"count":0,"href":"https:\/\/stoic-curie.212-227-153-4.plesk.page\/fr\/wp-json\/wp\/v2\/product\/729356\/revisions"}],"wp:featuredmedia":[{"embeddable":true,"href":"https:\/\/stoic-curie.212-227-153-4.plesk.page\/fr\/wp-json\/wp\/v2\/media\/5944189"}],"wp:attachment":[{"href":"https:\/\/stoic-curie.212-227-153-4.plesk.page\/fr\/wp-json\/wp\/v2\/media?parent=729356"}],"wp:term":[{"taxonomy":"product_brand","embeddable":true,"href":"https:\/\/stoic-curie.212-227-153-4.plesk.page\/fr\/wp-json\/wp\/v2\/product_brand?post=729356"},{"taxonomy":"product_cat","embeddable":true,"href":"https:\/\/stoic-curie.212-227-153-4.plesk.page\/fr\/wp-json\/wp\/v2\/product_cat?post=729356"},{"taxonomy":"product_tag","embeddable":true,"href":"https:\/\/stoic-curie.212-227-153-4.plesk.page\/fr\/wp-json\/wp\/v2\/product_tag?post=729356"}],"curies":[{"name":"wp","href":"https:\/\/api.w.org\/{rel}","templated":true}]}}