{"id":729357,"date":"2025-03-03T16:04:13","date_gmt":"2025-03-03T15:04:13","guid":{"rendered":"https:\/\/stoic-curie.212-227-153-4.plesk.page\/producto\/poulie-violon-a-ringot-et-coinceur-master-windrider-rea-d-40-mm-pour-bouts-jusqua-d-8-mm\/"},"modified":"2026-02-24T23:08:34","modified_gmt":"2026-02-24T23:08:34","slug":"poulie-violon-a-ringot-et-coinceur-master-windrider-rea-d-40-mm-pour-bouts-jusqua-d-8-mm","status":"publish","type":"product","link":"https:\/\/stoic-curie.212-227-153-4.plesk.page\/fr\/product\/poulie-violon-a-ringot-et-coinceur-master-windrider-rea-d-40-mm-pour-bouts-jusqua-d-8-mm\/","title":{"rendered":"Poulie violon \u00e0 ringot et coinceur Master Windrider, r\u00e9a D\u00a040\u00a0mm, pour bouts jusqu\u2019\u00e0 D\u00a08\u00a0mm"},"content":{"rendered":"<p>Poulie violon \u00e0 ringot et coinceur Master Windrider, r\u00e9a D\u00a040\u00a0mm, pour bouts jusqu\u2019\u00e0 D\u00a08\u00a0mm &#8211; <\/p>\n<p>Les blocs \u00e0 roulements \u00e0 billes composites \u00e0 faible friction Master sont con\u00e7us pour la navigation de comp\u00e9tition. Les plaques lat\u00e9rales en composite haute r\u00e9sistance assurent des performances optimales sous des charges de travail. Conception \u00e9l\u00e9gante et utilisation simple.<br \/>Roulements \u00e0 billes : composite ac\u00e9tal auto-lubrifiant<br \/>Diam\u00e8tre de la poulie 40 mm : composite ac\u00e9tal auto-lubrifiant<br \/>Joues : composite nylon renforc\u00e9 en fibre de verre stabilis\u00e9 UV<br \/>Manille pivotante : Acier inoxydable forg\u00e9 de qualit\u00e9 316<br \/>WL : Charge de travail<br \/>BL : Charge de rupture<br \/>NOTE : La charge de travail\/rupture des blocs avec came est bas\u00e9e sur la r\u00e9sistance de la came.<\/p>\n","protected":false},"excerpt":{"rendered":"<p>Poulie violon \u00e0 ringot et coinceur Master Windrider, r\u00e9a D\u00a040\u00a0mm, pour bouts jusqu\u2019\u00e0 D\u00a08\u00a0mm &#8211; Les blocs \u00e0 roulements \u00e0<\/p>\n","protected":false},"featured_media":5944190,"comment_status":"open","ping_status":"closed","template":"","meta":[],"product_brand":[3129],"product_cat":[1196],"product_tag":[],"class_list":{"0":"post-729357","1":"product","2":"type-product","3":"status-publish","4":"has-post-thumbnail","6":"product_brand-master-fr","7":"product_cat-poulies-master","9":"first","10":"instock","11":"shipping-taxable","12":"purchasable","13":"product-type-simple"},"_links":{"self":[{"href":"https:\/\/stoic-curie.212-227-153-4.plesk.page\/fr\/wp-json\/wp\/v2\/product\/729357","targetHints":{"allow":["GET"]}}],"collection":[{"href":"https:\/\/stoic-curie.212-227-153-4.plesk.page\/fr\/wp-json\/wp\/v2\/product"}],"about":[{"href":"https:\/\/stoic-curie.212-227-153-4.plesk.page\/fr\/wp-json\/wp\/v2\/types\/product"}],"replies":[{"embeddable":true,"href":"https:\/\/stoic-curie.212-227-153-4.plesk.page\/fr\/wp-json\/wp\/v2\/comments?post=729357"}],"version-history":[{"count":0,"href":"https:\/\/stoic-curie.212-227-153-4.plesk.page\/fr\/wp-json\/wp\/v2\/product\/729357\/revisions"}],"wp:featuredmedia":[{"embeddable":true,"href":"https:\/\/stoic-curie.212-227-153-4.plesk.page\/fr\/wp-json\/wp\/v2\/media\/5944190"}],"wp:attachment":[{"href":"https:\/\/stoic-curie.212-227-153-4.plesk.page\/fr\/wp-json\/wp\/v2\/media?parent=729357"}],"wp:term":[{"taxonomy":"product_brand","embeddable":true,"href":"https:\/\/stoic-curie.212-227-153-4.plesk.page\/fr\/wp-json\/wp\/v2\/product_brand?post=729357"},{"taxonomy":"product_cat","embeddable":true,"href":"https:\/\/stoic-curie.212-227-153-4.plesk.page\/fr\/wp-json\/wp\/v2\/product_cat?post=729357"},{"taxonomy":"product_tag","embeddable":true,"href":"https:\/\/stoic-curie.212-227-153-4.plesk.page\/fr\/wp-json\/wp\/v2\/product_tag?post=729357"}],"curies":[{"name":"wp","href":"https:\/\/api.w.org\/{rel}","templated":true}]}}