{"id":729360,"date":"2025-03-03T16:04:13","date_gmt":"2025-03-03T15:04:13","guid":{"rendered":"https:\/\/stoic-curie.212-227-153-4.plesk.page\/producto\/gilet-de-sports-nautiques-universel-jobe-rouge-50-n\/"},"modified":"2026-02-24T23:08:34","modified_gmt":"2026-02-24T23:08:34","slug":"gilet-de-sports-nautiques-universel-jobe-rouge-50-n","status":"publish","type":"product","link":"https:\/\/stoic-curie.212-227-153-4.plesk.page\/fr\/product\/gilet-de-sports-nautiques-universel-jobe-rouge-50-n\/","title":{"rendered":"Gilet de sports nautiques universel Jobe rouge, 50\u00a0N"},"content":{"rendered":"<p>Gilet de sports nautiques universel Jobe rouge, 50\u00a0N &#8211; <\/p>\n<p>Gilet de sauvetage Jobe ISO EN12402-5 approuv\u00e9 de 50N, adapt\u00e9 aux sports nautiques. Fabriqu\u00e9 en mousse PE douce recouverte d&#8217;un tissu en nylon r\u00e9sistant avec un syst\u00e8me de drainage. Taille universelle pour adultes, polyvalente gr\u00e2ce \u00e0 ses sangles r\u00e9glables. Avec fermeture \u00e0 boucle YKK \u00e0 lib\u00e9ration rapide. 50N &#8211; Aide \u00e0 la flottaison et natation. Ce n&#8217;est pas un gilet de sauvetage. Pour les nageurs r\u00e9guliers. \u00c0 utiliser pr\u00e8s du rivage.<\/p>\n","protected":false},"excerpt":{"rendered":"<p>Gilet de sports nautiques universel Jobe rouge, 50\u00a0N &#8211; Gilet de sauvetage Jobe ISO EN12402-5 approuv\u00e9 de 50N, adapt\u00e9 aux<\/p>\n","protected":false},"featured_media":3008010,"comment_status":"open","ping_status":"closed","template":"","meta":[],"product_brand":[3039,2214],"product_cat":[1029,1268],"product_tag":[],"class_list":{"0":"post-729360","1":"product","2":"type-product","3":"status-publish","4":"has-post-thumbnail","6":"product_brand-jobe-sports-fr","7":"product_brand-jobe-sports","8":"product_cat-gilets-bouyancy-aid","9":"product_cat-vestes-de-sport","11":"first","12":"instock","13":"shipping-taxable","14":"purchasable","15":"product-type-simple"},"_links":{"self":[{"href":"https:\/\/stoic-curie.212-227-153-4.plesk.page\/fr\/wp-json\/wp\/v2\/product\/729360","targetHints":{"allow":["GET"]}}],"collection":[{"href":"https:\/\/stoic-curie.212-227-153-4.plesk.page\/fr\/wp-json\/wp\/v2\/product"}],"about":[{"href":"https:\/\/stoic-curie.212-227-153-4.plesk.page\/fr\/wp-json\/wp\/v2\/types\/product"}],"replies":[{"embeddable":true,"href":"https:\/\/stoic-curie.212-227-153-4.plesk.page\/fr\/wp-json\/wp\/v2\/comments?post=729360"}],"version-history":[{"count":0,"href":"https:\/\/stoic-curie.212-227-153-4.plesk.page\/fr\/wp-json\/wp\/v2\/product\/729360\/revisions"}],"wp:featuredmedia":[{"embeddable":true,"href":"https:\/\/stoic-curie.212-227-153-4.plesk.page\/fr\/wp-json\/"}],"wp:attachment":[{"href":"https:\/\/stoic-curie.212-227-153-4.plesk.page\/fr\/wp-json\/wp\/v2\/media?parent=729360"}],"wp:term":[{"taxonomy":"product_brand","embeddable":true,"href":"https:\/\/stoic-curie.212-227-153-4.plesk.page\/fr\/wp-json\/wp\/v2\/product_brand?post=729360"},{"taxonomy":"product_cat","embeddable":true,"href":"https:\/\/stoic-curie.212-227-153-4.plesk.page\/fr\/wp-json\/wp\/v2\/product_cat?post=729360"},{"taxonomy":"product_tag","embeddable":true,"href":"https:\/\/stoic-curie.212-227-153-4.plesk.page\/fr\/wp-json\/wp\/v2\/product_tag?post=729360"}],"curies":[{"name":"wp","href":"https:\/\/api.w.org\/{rel}","templated":true}]}}