{"id":729364,"date":"2025-03-03T16:04:14","date_gmt":"2025-03-03T15:04:14","guid":{"rendered":"https:\/\/stoic-curie.212-227-153-4.plesk.page\/producto\/casque-jobe-taille-m\/"},"modified":"2026-02-24T23:08:34","modified_gmt":"2026-02-24T23:08:34","slug":"casque-jobe-taille-m","status":"publish","type":"product","link":"https:\/\/stoic-curie.212-227-153-4.plesk.page\/fr\/product\/casque-jobe-taille-m\/","title":{"rendered":"Casque Jobe, taille\u00a0M"},"content":{"rendered":"<p>Casque Jobe, taille\u00a0M &#8211; <\/p>\n<p>Le casque Jobe est con\u00e7u pour les sports nautiques. Il est \u00e9quip\u00e9 d&#8217;une jugulaire ajustable, de protections pour les oreilles et de pads int\u00e9rieurs amovibles.<\/p>\n","protected":false},"excerpt":{"rendered":"<p>Casque Jobe, taille\u00a0M &#8211; Le casque Jobe est con\u00e7u pour les sports nautiques. Il est \u00e9quip\u00e9 d&#8217;une jugulaire ajustable, de<\/p>\n","protected":false},"featured_media":5944207,"comment_status":"open","ping_status":"closed","template":"","meta":[],"product_brand":[3039],"product_cat":[1272],"product_tag":[],"class_list":{"0":"post-729364","1":"product","2":"type-product","3":"status-publish","4":"has-post-thumbnail","6":"product_brand-jobe-sports-fr","7":"product_cat-accessoires-de-ski-nautique","9":"first","10":"instock","11":"shipping-taxable","12":"purchasable","13":"product-type-simple"},"_links":{"self":[{"href":"https:\/\/stoic-curie.212-227-153-4.plesk.page\/fr\/wp-json\/wp\/v2\/product\/729364","targetHints":{"allow":["GET"]}}],"collection":[{"href":"https:\/\/stoic-curie.212-227-153-4.plesk.page\/fr\/wp-json\/wp\/v2\/product"}],"about":[{"href":"https:\/\/stoic-curie.212-227-153-4.plesk.page\/fr\/wp-json\/wp\/v2\/types\/product"}],"replies":[{"embeddable":true,"href":"https:\/\/stoic-curie.212-227-153-4.plesk.page\/fr\/wp-json\/wp\/v2\/comments?post=729364"}],"version-history":[{"count":0,"href":"https:\/\/stoic-curie.212-227-153-4.plesk.page\/fr\/wp-json\/wp\/v2\/product\/729364\/revisions"}],"wp:featuredmedia":[{"embeddable":true,"href":"https:\/\/stoic-curie.212-227-153-4.plesk.page\/fr\/wp-json\/wp\/v2\/media\/5944207"}],"wp:attachment":[{"href":"https:\/\/stoic-curie.212-227-153-4.plesk.page\/fr\/wp-json\/wp\/v2\/media?parent=729364"}],"wp:term":[{"taxonomy":"product_brand","embeddable":true,"href":"https:\/\/stoic-curie.212-227-153-4.plesk.page\/fr\/wp-json\/wp\/v2\/product_brand?post=729364"},{"taxonomy":"product_cat","embeddable":true,"href":"https:\/\/stoic-curie.212-227-153-4.plesk.page\/fr\/wp-json\/wp\/v2\/product_cat?post=729364"},{"taxonomy":"product_tag","embeddable":true,"href":"https:\/\/stoic-curie.212-227-153-4.plesk.page\/fr\/wp-json\/wp\/v2\/product_tag?post=729364"}],"curies":[{"name":"wp","href":"https:\/\/api.w.org\/{rel}","templated":true}]}}