{"id":729375,"date":"2025-03-03T16:04:16","date_gmt":"2025-03-03T15:04:16","guid":{"rendered":"https:\/\/stoic-curie.212-227-153-4.plesk.page\/producto\/repartiteur-distributeur-de-chaine-en-inox\/"},"modified":"2026-02-24T23:08:34","modified_gmt":"2026-02-24T23:08:34","slug":"repartiteur-distributeur-de-chaine-en-inox","status":"publish","type":"product","link":"https:\/\/stoic-curie.212-227-153-4.plesk.page\/fr\/product\/repartiteur-distributeur-de-chaine-en-inox\/","title":{"rendered":"R\u00e9partiteur-distributeur de cha\u00eene en inox"},"content":{"rendered":"<p>R\u00e9partiteur-distributeur de cha\u00eene en inox &#8211; <\/p>\n<p>Distributeur de cha\u00eene en acier inoxydable Cha\u00eene Boy. \u00c0 installer dans la bo\u00eete de la cha\u00eene, il place la cha\u00eene correctement sans s&#8217;emm\u00ealer. \u00c9quip\u00e9 de sections de 50-75-100 mm pour construire diff\u00e9rentes hauteurs modulaires (325-375-400-425-450-475 mm). (325 mm est la hauteur de base minimale).<\/p>\n","protected":false},"excerpt":{"rendered":"<p>R\u00e9partiteur-distributeur de cha\u00eene en inox &#8211; Distributeur de cha\u00eene en acier inoxydable Cha\u00eene Boy. \u00c0 installer dans la bo\u00eete de<\/p>\n","protected":false},"featured_media":5944218,"comment_status":"open","ping_status":"closed","template":"","meta":[],"product_brand":[2899],"product_cat":[3911],"product_tag":[],"class_list":{"0":"post-729375","1":"product","2":"type-product","3":"status-publish","4":"has-post-thumbnail","6":"product_brand-douglas-marine-fr","7":"product_cat-accessories","9":"first","10":"instock","11":"shipping-taxable","12":"purchasable","13":"product-type-simple"},"_links":{"self":[{"href":"https:\/\/stoic-curie.212-227-153-4.plesk.page\/fr\/wp-json\/wp\/v2\/product\/729375","targetHints":{"allow":["GET"]}}],"collection":[{"href":"https:\/\/stoic-curie.212-227-153-4.plesk.page\/fr\/wp-json\/wp\/v2\/product"}],"about":[{"href":"https:\/\/stoic-curie.212-227-153-4.plesk.page\/fr\/wp-json\/wp\/v2\/types\/product"}],"replies":[{"embeddable":true,"href":"https:\/\/stoic-curie.212-227-153-4.plesk.page\/fr\/wp-json\/wp\/v2\/comments?post=729375"}],"version-history":[{"count":0,"href":"https:\/\/stoic-curie.212-227-153-4.plesk.page\/fr\/wp-json\/wp\/v2\/product\/729375\/revisions"}],"wp:featuredmedia":[{"embeddable":true,"href":"https:\/\/stoic-curie.212-227-153-4.plesk.page\/fr\/wp-json\/wp\/v2\/media\/5944218"}],"wp:attachment":[{"href":"https:\/\/stoic-curie.212-227-153-4.plesk.page\/fr\/wp-json\/wp\/v2\/media?parent=729375"}],"wp:term":[{"taxonomy":"product_brand","embeddable":true,"href":"https:\/\/stoic-curie.212-227-153-4.plesk.page\/fr\/wp-json\/wp\/v2\/product_brand?post=729375"},{"taxonomy":"product_cat","embeddable":true,"href":"https:\/\/stoic-curie.212-227-153-4.plesk.page\/fr\/wp-json\/wp\/v2\/product_cat?post=729375"},{"taxonomy":"product_tag","embeddable":true,"href":"https:\/\/stoic-curie.212-227-153-4.plesk.page\/fr\/wp-json\/wp\/v2\/product_tag?post=729375"}],"curies":[{"name":"wp","href":"https:\/\/api.w.org\/{rel}","templated":true}]}}