{"id":729383,"date":"2025-03-03T16:04:17","date_gmt":"2025-03-03T15:04:17","guid":{"rendered":"https:\/\/stoic-curie.212-227-153-4.plesk.page\/producto\/panneau-de-commande-a-manette-quick-tcd-2042\/"},"modified":"2026-02-24T23:08:34","modified_gmt":"2026-02-24T23:08:34","slug":"panneau-de-commande-a-manette-quick-tcd-2042","status":"publish","type":"product","link":"https:\/\/stoic-curie.212-227-153-4.plesk.page\/fr\/product\/panneau-de-commande-a-manette-quick-tcd-2042\/","title":{"rendered":"Panneau de commande \u00e0 manette Quick TCD 2042"},"content":{"rendered":"<p>Panneau de commande \u00e0 manette Quick TCD 2042 &#8211; <\/p>\n<p>Panneaux de commande rapides TCD avec boutons-poussoirs ou joysticks pour faire fonctionner les h\u00e9lices de propulseurs de proue. Interface utilisateur simple et intuitive. Alimentation universelle de 8-30 Vcc. Possibilit\u00e9 de connecter plusieurs contr\u00f4les TCD en parall\u00e8le. Facile \u00e0 installer gr\u00e2ce au connecteur \u00e0 2 fils (extensions en option). Syst\u00e8me de priorit\u00e9 automatique et de d\u00e9sactivation. Protection contre la polarit\u00e9 invers\u00e9e, le court-circuit de sortie, l&#8217;activit\u00e9 prolong\u00e9e du moteur et l&#8217;interruption du c\u00e2blage des commandes de propulseur.<\/p>\n","protected":false},"excerpt":{"rendered":"<p>Panneau de commande \u00e0 manette Quick TCD 2042 &#8211; Panneaux de commande rapides TCD avec boutons-poussoirs ou joysticks pour faire<\/p>\n","protected":false},"featured_media":5944239,"comment_status":"open","ping_status":"closed","template":"","meta":[],"product_brand":[3279],"product_cat":[1036],"product_tag":[],"class_list":{"0":"post-729383","1":"product","2":"type-product","3":"status-publish","4":"has-post-thumbnail","6":"product_brand-quick-fr","7":"product_cat-propulseurs-detrave-quick","9":"first","10":"instock","11":"shipping-taxable","12":"purchasable","13":"product-type-simple"},"_links":{"self":[{"href":"https:\/\/stoic-curie.212-227-153-4.plesk.page\/fr\/wp-json\/wp\/v2\/product\/729383","targetHints":{"allow":["GET"]}}],"collection":[{"href":"https:\/\/stoic-curie.212-227-153-4.plesk.page\/fr\/wp-json\/wp\/v2\/product"}],"about":[{"href":"https:\/\/stoic-curie.212-227-153-4.plesk.page\/fr\/wp-json\/wp\/v2\/types\/product"}],"replies":[{"embeddable":true,"href":"https:\/\/stoic-curie.212-227-153-4.plesk.page\/fr\/wp-json\/wp\/v2\/comments?post=729383"}],"version-history":[{"count":0,"href":"https:\/\/stoic-curie.212-227-153-4.plesk.page\/fr\/wp-json\/wp\/v2\/product\/729383\/revisions"}],"wp:featuredmedia":[{"embeddable":true,"href":"https:\/\/stoic-curie.212-227-153-4.plesk.page\/fr\/wp-json\/wp\/v2\/media\/5944239"}],"wp:attachment":[{"href":"https:\/\/stoic-curie.212-227-153-4.plesk.page\/fr\/wp-json\/wp\/v2\/media?parent=729383"}],"wp:term":[{"taxonomy":"product_brand","embeddable":true,"href":"https:\/\/stoic-curie.212-227-153-4.plesk.page\/fr\/wp-json\/wp\/v2\/product_brand?post=729383"},{"taxonomy":"product_cat","embeddable":true,"href":"https:\/\/stoic-curie.212-227-153-4.plesk.page\/fr\/wp-json\/wp\/v2\/product_cat?post=729383"},{"taxonomy":"product_tag","embeddable":true,"href":"https:\/\/stoic-curie.212-227-153-4.plesk.page\/fr\/wp-json\/wp\/v2\/product_tag?post=729383"}],"curies":[{"name":"wp","href":"https:\/\/api.w.org\/{rel}","templated":true}]}}