{"id":729389,"date":"2025-03-03T16:04:18","date_gmt":"2025-03-03T15:04:18","guid":{"rendered":"https:\/\/stoic-curie.212-227-153-4.plesk.page\/producto\/levier-de-commande-morse-ultraflex-b310b-avec-trim\/"},"modified":"2026-02-24T23:08:34","modified_gmt":"2026-02-24T23:08:34","slug":"levier-de-commande-morse-ultraflex-b310b-avec-trim","status":"publish","type":"product","link":"https:\/\/stoic-curie.212-227-153-4.plesk.page\/fr\/product\/levier-de-commande-morse-ultraflex-b310b-avec-trim\/","title":{"rendered":"Levier de commande Morse Ultraflex B310B avec trim"},"content":{"rendered":"<p>Levier de commande Morse Ultraflex B310B avec trim &#8211; <\/p>\n<p>Contr\u00f4le \u00e0 double action mont\u00e9 sur le c\u00f4t\u00e9 avec un levier unique pour la commande de gaz, de vitesses et d&#8217;inclinaison pour moteurs hors-bord et transmissions arri\u00e8re. Utilise des c\u00e2bles de contr\u00f4le C2 \/ C8 \/ C33 \/ MACHZero. Le c\u00e2ble C5 peut \u00eatre connect\u00e9 avec le kit K35 (4620035). Avec l&#8217;interrupteur de s\u00e9curit\u00e9 optionnel X12 (4620112), le moteur ne peut \u00eatre d\u00e9marr\u00e9 que lorsque la bo\u00eete de vitesses est d\u00e9bray\u00e9e. \u00c9quip\u00e9 d&#8217;un verrouillage neutre positif pour \u00e9viter l&#8217;engagement accidentel de la vitesse.<\/p>\n","protected":false},"excerpt":{"rendered":"<p>Levier de commande Morse Ultraflex B310B avec trim &#8211; Contr\u00f4le \u00e0 double action mont\u00e9 sur le c\u00f4t\u00e9 avec un levier<\/p>\n","protected":false},"featured_media":5944268,"comment_status":"open","ping_status":"closed","template":"","meta":[],"product_brand":[3499],"product_cat":[1217],"product_tag":[],"class_list":{"0":"post-729389","1":"product","2":"type-product","3":"status-publish","4":"has-post-thumbnail","6":"product_brand-ultraflex-uflex-fr","7":"product_cat-commandes-morse","9":"first","10":"instock","11":"shipping-taxable","12":"purchasable","13":"product-type-simple"},"_links":{"self":[{"href":"https:\/\/stoic-curie.212-227-153-4.plesk.page\/fr\/wp-json\/wp\/v2\/product\/729389","targetHints":{"allow":["GET"]}}],"collection":[{"href":"https:\/\/stoic-curie.212-227-153-4.plesk.page\/fr\/wp-json\/wp\/v2\/product"}],"about":[{"href":"https:\/\/stoic-curie.212-227-153-4.plesk.page\/fr\/wp-json\/wp\/v2\/types\/product"}],"replies":[{"embeddable":true,"href":"https:\/\/stoic-curie.212-227-153-4.plesk.page\/fr\/wp-json\/wp\/v2\/comments?post=729389"}],"version-history":[{"count":0,"href":"https:\/\/stoic-curie.212-227-153-4.plesk.page\/fr\/wp-json\/wp\/v2\/product\/729389\/revisions"}],"wp:featuredmedia":[{"embeddable":true,"href":"https:\/\/stoic-curie.212-227-153-4.plesk.page\/fr\/wp-json\/wp\/v2\/media\/5944268"}],"wp:attachment":[{"href":"https:\/\/stoic-curie.212-227-153-4.plesk.page\/fr\/wp-json\/wp\/v2\/media?parent=729389"}],"wp:term":[{"taxonomy":"product_brand","embeddable":true,"href":"https:\/\/stoic-curie.212-227-153-4.plesk.page\/fr\/wp-json\/wp\/v2\/product_brand?post=729389"},{"taxonomy":"product_cat","embeddable":true,"href":"https:\/\/stoic-curie.212-227-153-4.plesk.page\/fr\/wp-json\/wp\/v2\/product_cat?post=729389"},{"taxonomy":"product_tag","embeddable":true,"href":"https:\/\/stoic-curie.212-227-153-4.plesk.page\/fr\/wp-json\/wp\/v2\/product_tag?post=729389"}],"curies":[{"name":"wp","href":"https:\/\/api.w.org\/{rel}","templated":true}]}}