{"id":729390,"date":"2025-03-03T16:04:18","date_gmt":"2025-03-03T15:04:18","guid":{"rendered":"https:\/\/stoic-curie.212-227-153-4.plesk.page\/producto\/tuyau-dechappement-51-x-61mm\/"},"modified":"2026-02-24T23:08:34","modified_gmt":"2026-02-24T23:08:34","slug":"tuyau-dechappement-51-x-61mm","status":"publish","type":"product","link":"https:\/\/stoic-curie.212-227-153-4.plesk.page\/fr\/product\/tuyau-dechappement-51-x-61mm\/","title":{"rendered":"Tuyau d\u2019\u00e9chappement 51 x 61mm"},"content":{"rendered":"<p>Tuyau d\u2019\u00e9chappement 51 x 61mm &#8211; <\/p>\n<p>Flexible tuyau d&#8217;\u00e9chappement en caoutchouc avec fil de fer en acier. Pour l&#8217;\u00e9vacuation des gaz d&#8217;\u00e9chappement, avec le syst\u00e8me de refroidissement de l&#8217;embarcation. Normes : SAE J 2006 : 03 R2-ISO 13363 : 04-Type 2 Classe B. Approuv\u00e9 : R.I.Na.-LLOYD&#8217;S REGISTER n\u00b0 96\/00126 (E3).<\/p>\n","protected":false},"excerpt":{"rendered":"<p>Tuyau d\u2019\u00e9chappement 51 x 61mm &#8211; Flexible tuyau d&#8217;\u00e9chappement en caoutchouc avec fil de fer en acier. Pour l&#8217;\u00e9vacuation des<\/p>\n","protected":false},"featured_media":5944280,"comment_status":"open","ping_status":"closed","template":"","meta":[],"product_brand":[3354],"product_cat":[1218],"product_tag":[],"class_list":{"0":"post-729390","1":"product","2":"type-product","3":"status-publish","4":"has-post-thumbnail","6":"product_brand-seaflow-fr","7":"product_cat-tuyau-dechappement","9":"first","10":"instock","11":"shipping-taxable","12":"purchasable","13":"product-type-simple"},"_links":{"self":[{"href":"https:\/\/stoic-curie.212-227-153-4.plesk.page\/fr\/wp-json\/wp\/v2\/product\/729390","targetHints":{"allow":["GET"]}}],"collection":[{"href":"https:\/\/stoic-curie.212-227-153-4.plesk.page\/fr\/wp-json\/wp\/v2\/product"}],"about":[{"href":"https:\/\/stoic-curie.212-227-153-4.plesk.page\/fr\/wp-json\/wp\/v2\/types\/product"}],"replies":[{"embeddable":true,"href":"https:\/\/stoic-curie.212-227-153-4.plesk.page\/fr\/wp-json\/wp\/v2\/comments?post=729390"}],"version-history":[{"count":0,"href":"https:\/\/stoic-curie.212-227-153-4.plesk.page\/fr\/wp-json\/wp\/v2\/product\/729390\/revisions"}],"wp:featuredmedia":[{"embeddable":true,"href":"https:\/\/stoic-curie.212-227-153-4.plesk.page\/fr\/wp-json\/wp\/v2\/media\/5944280"}],"wp:attachment":[{"href":"https:\/\/stoic-curie.212-227-153-4.plesk.page\/fr\/wp-json\/wp\/v2\/media?parent=729390"}],"wp:term":[{"taxonomy":"product_brand","embeddable":true,"href":"https:\/\/stoic-curie.212-227-153-4.plesk.page\/fr\/wp-json\/wp\/v2\/product_brand?post=729390"},{"taxonomy":"product_cat","embeddable":true,"href":"https:\/\/stoic-curie.212-227-153-4.plesk.page\/fr\/wp-json\/wp\/v2\/product_cat?post=729390"},{"taxonomy":"product_tag","embeddable":true,"href":"https:\/\/stoic-curie.212-227-153-4.plesk.page\/fr\/wp-json\/wp\/v2\/product_tag?post=729390"}],"curies":[{"name":"wp","href":"https:\/\/api.w.org\/{rel}","templated":true}]}}